{"id":10759,"date":"2016-11-28T10:52:44","date_gmt":"2016-11-28T15:52:44","guid":{"rendered":"http:\/\/52.229.122.34\/fr\/?page_id=10759"},"modified":"2024-12-11T14:39:10","modified_gmt":"2024-12-11T19:39:10","slug":"medecine-familiale","status":"publish","type":"page","link":"https:\/\/www.ottawahospital.on.ca\/fr\/services-cliniques\/deptpgrmcs\/departements\/medecine-familiale\/","title":{"rendered":"M\u00e9decine familiale"},"content":{"rendered":"<h2>Bienvenue au D\u00e9partement de m\u00e9decine familiale de L\u2019H\u00f4pital d\u2019Ottawa.<\/h2>\n<h2>Le bureau administratif du d\u00e9partement:<\/h2>\n<p>Dr. Madeleine Montpetit, MD, CCFP, FCPC, Chef (int\u00e9rimaire)<\/p>\n<p>Pascal Laliberte, Coordinateur administrative, Gestionnaire du programme TOHFPP \u2013 AFP<br \/>\nCourrier \u00e9lectronique: <a href=\"mailto:plaliberte@toh.ca\">plaliberte@toh.ca<\/a><br \/>\nDianna Panke, Administrative Assistant<br \/>\nCourrier \u00e9lectronique: <a href=\"mailto:dipanke@toh.ca\">dipanke@toh.ca<\/a><\/p>\n<p>T\u00e9l\u00e9phone: 613-738-8400 x82501<br \/>\nAdresse postale: L\u2019H\u00f4pital d\u2019Ottawa, campus Riverside, 1967 prom Riverside, Ottawa, ON, K1H 7W9<\/p>\n<h2>Qui sommes-nous?<\/h2>\n<p>Le D\u00e9partement de m\u00e9decine familiale de L&rsquo;H\u00f4pital d&rsquo;Ottawa a \u00e9t\u00e9 cr\u00e9\u00e9 en 1998 \u00e0 la suite de la fusion des d\u00e9partements de m\u00e9decine familiale des h\u00f4pitaux Riverside, G\u00e9n\u00e9ral, Civic et Grace. Cette fusion faisait partie de la restructuration des h\u00f4pitaux d&rsquo;Ottawa, une initiative chapeaut\u00e9e par la Commission de restructuration des services de sant\u00e9 (CRSS).<\/p>\n<p>Les membres du d\u00e9partement offrent des services aux patients hospitalis\u00e9s et aux patients externes des trois campus de L&rsquo;HO. D&rsquo;autres membres du D\u00e9partement de m\u00e9decine familiale collaborent \u00e9troitement avec les autres d\u00e9partements afin d&rsquo;offrir aux patients les meilleurs soins qui soient \u00e0 titre de conseillers, adjoints cliniques et adjoints chirurgicaux.<\/p>\n<p><strong>La Division des soins maternels et aux nouveau-n\u00e9s<br \/>\n<\/strong><\/p>\n<p>Dre Vanessa Murley, MD, CCFP, Chef (int\u00e9rimaire), Division des soins maternels et aux nouveau-n\u00e9s, Charg\u00e9 de cours, M\u00e9decine familiale, Universit\u00e9 d\u2019Ottawa<\/p>\n<p>Les membres de la division des soins maternels et des soins aux nouveau-n\u00e9s sont des m\u00e9decins de famille qui s\u2019occupent des grossesses \u00e0 faible risque et des soins aux nouveau-n\u00e9s aux campus Civic et G\u00e9n\u00e9ral. Ces m\u00e9decins travaillent en \u00e9troite collaboration avec le programme de r\u00e9sidence du D\u00e9partement de m\u00e9decine familiale de l\u2019Universit\u00e9 d\u2019Ottawa, puis qu\u2019ils forment les r\u00e9sidents en mati\u00e8re de grossesses \u00e0 faible risque. Pour de plus amples renseignements concernant le programme de r\u00e9sidence, veuillez consulter le www.medecinefamiliale.uottawa.ca\/.<\/p>\n<p><strong>Soins ambulatoires:<\/strong><strong><br \/>\n<\/strong><\/p>\n<p>Dre Taunia Rifai, MD, CCFP, directrice m\u00e9dicale de l\u2019\u00c9quipe universitaire de sant\u00e9 familiale\u00a0<a href=\"https:\/\/www.ottawahospital.on.ca\/fr\/services-cliniques\/deptpgrmcs\/programmes\/equipe-de-sante-familiale\/\">l\u2019\u00c9quipe universitaire de sant\u00e9 familiale<\/a>\u00a0du Campus Civic et charg\u00e9 de cours au D\u00e9partement de m\u00e9decine familiale de l\u2019Universit\u00e9 d\u2019Ottawa.<br \/>\nDre Justine Callahan MD, CCFP, directrice m\u00e9dicale de l\u2019\u00c9quipe universitaire de sant\u00e9 familiale\u00a0<a href=\"https:\/\/www.ottawahospital.on.ca\/fr\/services-cliniques\/deptpgrmcs\/programmes\/equipe-de-sante-familiale\/\">l\u2019\u00c9quipe universitaire de sant\u00e9 familiale<\/a>\u00a0du Campus Riverside et charg\u00e9 de cours au D\u00e9partement de m\u00e9decine familiale de l\u2019Universit\u00e9 d\u2019Ottawa.<\/p>\n<p>Les patients sont vus sur rendez-vous durant les heures de bureau et, pour les urgences, durant des heures de travail prolong\u00e9es. Ils font \u00e9galement l&rsquo;objet d&rsquo;un suivi \u00e0 l&rsquo;Urgence du Campus Civic et lorsqu&rsquo;ils sont hospitalis\u00e9s.<\/p>\n<p><strong>Soins aux patients hospitalis\u00e9s<\/strong><em><br \/>\nDr. Jason Leclair, MD, CCFP, co-directeur m\u00e9dical des services hospitaliers, campus Civic<br \/>\nDr. Neel Chadha, MD, CCFP, co-directeur m\u00e9dical des services hospitaliers, campus G\u00e9n\u00e9ral<br \/>\n<\/em><\/p>\n<p>Les m\u00e9decins de famille enseignants travaillent au campus Civic et au campus G\u00e9n\u00e9ral avec les r\u00e9sidents et les \u00e9tudiants en m\u00e9decine afin de prendre soin de leurs patients assign\u00e9s et non-assign\u00e9s 24\/7.<\/p>\n<p><strong>Soins transitoires<br \/>\n<\/strong>Dre Lei Ma, MD, CCFP,\u00a0directrice m\u00e9dicale des soins transitoires, campus Civic<strong><br \/>\n<\/strong>Dre Emily Pranger, MD, CCFP,\u00a0directrice m\u00e9dicale des soins transitoires, campus G\u00e9n\u00e9ral<\/p>\n<p>Les membres du d\u00e9partement s&rsquo;occupent aussi des patients attendant d&rsquo;\u00eatre plac\u00e9s dans la communaut\u00e9.<\/p>\n<p>Le d\u00e9partement est \u00e9troitement affili\u00e9 au programme de r\u00e9sidence du D\u00e9partement de m\u00e9decine familiale de l&rsquo;Universit\u00e9 d&rsquo;Ottawa, \u00e0 la fois au sein de la collectivit\u00e9 et en milieu hospitalier. Pour tout compl\u00e9ment d&rsquo;information concernant le programme de r\u00e9sidence, veuillez consulter le <a href=\"https:\/\/med.uottawa.ca\/familiale\/\">site Web en m\u00e9decine familiale<\/a>.<\/p>\n","protected":false},"excerpt":{"rendered":"<p>Bienvenue au D\u00e9partement de m\u00e9decine familiale de L\u2019H\u00f4pital d\u2019Ottawa. Le bureau administratif du d\u00e9partement: Dr. Madeleine Montpetit, MD, CCFP, FCPC, Chef (int\u00e9rimaire) Pascal Laliberte, Coordinateur administrative, Gestionnaire du programme TOHFPP \u2013 AFP Courrier \u00e9lectronique: plaliberte@toh.ca Dianna Panke, Administrative Assistant Courrier \u00e9lectronique: dipanke@toh.ca T\u00e9l\u00e9phone: 613-738-8400 x82501 Adresse postale: L\u2019H\u00f4pital d\u2019Ottawa, campus Riverside, 1967 prom Riverside, Ottawa, [&hellip;]<\/p>\n","protected":false},"author":25,"featured_media":0,"parent":7868,"menu_order":5,"comment_status":"closed","ping_status":"closed","template":"","meta":{"_acf_changed":false,"_mc_calendar":[],"footnotes":""},"class_list":["post-10759","page","type-page","status-publish","hentry"],"acf":[],"wps_subtitle":"","_links":{"self":[{"href":"https:\/\/www.ottawahospital.on.ca\/fr\/wp-json\/wp\/v2\/pages\/10759","targetHints":{"allow":["GET"]}}],"collection":[{"href":"https:\/\/www.ottawahospital.on.ca\/fr\/wp-json\/wp\/v2\/pages"}],"about":[{"href":"https:\/\/www.ottawahospital.on.ca\/fr\/wp-json\/wp\/v2\/types\/page"}],"author":[{"embeddable":true,"href":"https:\/\/www.ottawahospital.on.ca\/fr\/wp-json\/wp\/v2\/users\/25"}],"replies":[{"embeddable":true,"href":"https:\/\/www.ottawahospital.on.ca\/fr\/wp-json\/wp\/v2\/comments?post=10759"}],"version-history":[{"count":0,"href":"https:\/\/www.ottawahospital.on.ca\/fr\/wp-json\/wp\/v2\/pages\/10759\/revisions"}],"up":[{"embeddable":true,"href":"https:\/\/www.ottawahospital.on.ca\/fr\/wp-json\/wp\/v2\/pages\/7868"}],"wp:attachment":[{"href":"https:\/\/www.ottawahospital.on.ca\/fr\/wp-json\/wp\/v2\/media?parent=10759"}],"curies":[{"name":"wp","href":"https:\/\/api.w.org\/{rel}","templated":true}]}}