{"id":10748,"date":"2016-11-28T10:44:57","date_gmt":"2016-11-28T15:44:57","guid":{"rendered":"http:\/\/52.229.122.34\/fr\/?page_id=10748"},"modified":"2016-11-28T10:44:57","modified_gmt":"2016-11-28T15:44:57","slug":"glossaire-des-termes","status":"publish","type":"page","link":"https:\/\/www.ottawahospital.on.ca\/fr\/services-cliniques\/deptpgrmcs\/departements\/audiologie\/glossaire-des-termes\/","title":{"rendered":"Glossaire des termes"},"content":{"rendered":"<p><strong>Acouph\u00e8nes<\/strong><br \/>\nPerception de sons dans une oreille, dans les deux oreilles ou dans la t\u00eate. Les sonneries, les sifflements, les cliqu\u00e8tements ou les bourdonnements, etc., sont des types d\u2019acouph\u00e8nes. Les causes sont diverses : exposition au bruit, perte auditive ou prise d\u2019un m\u00e9dicament ototoxique.<\/p>\n<p><strong>Aide de suppl\u00e9ance \u00e0 l&rsquo;audition<\/strong><br \/>\nAide technique pouvant \u00eatre utilis\u00e9e seule ou avec un appareil auditif pour mieux entendre et comprendre la parole. Il peut s&rsquo;agir, par exemple, d&rsquo;un syst\u00e8me \u00e0 lumi\u00e8re clignotante qui avertit la personne ayant une perte auditive quand quelqu&rsquo;un sonne \u00e0 la porte.<\/p>\n<p><strong>Lecture labiale\u00a0<\/strong><br \/>\nStrat\u00e9gie de communication utilisant des indices visuels pour mieux comprendre la parole. La personne arrive \u00e0 comprendre en interpr\u00e9tant les mouvements du visage et des l\u00e8vres et le langage corporel g\u00e9n\u00e9ral.<\/p>\n<p><strong>Maladie de M\u00e9ni\u00e8re<\/strong><br \/>\nMaladie de l\u2019oreille interne qui cause g\u00e9n\u00e9ralement une perte auditive, des acouph\u00e8nes et des vertiges.<\/p>\n<p><strong>Otoscl\u00e9rose<\/strong><br \/>\nMaladie touchant l\u2019oreille moyenne et causant une perte auditive progressive.<\/p>\n<p><strong>R\u00e9adaptation auditive<\/strong><br \/>\nIntervention fournissant des outils aux personnes atteintes d&rsquo;une perte auditive pour mieux communiquer.<\/p>\n<p><strong>Test d&rsquo;immitancem\u00e9trie<\/strong><br \/>\nTest servant \u00e0 mesurer la fonction de l\u2019oreille moyenne pour aider le m\u00e9decin \u00e0 diagnostiquer certains probl\u00e8mes comme une otite.<\/p>\n<p><strong>Test d\u2019oto\u00e9missions acoustiques (OEA)<\/strong><br \/>\nTest permettant de mesurer les sons produits par la cochl\u00e9e (oreille interne).<\/p>\n<p><strong>Test des potentiels \u00e9voqu\u00e9s auditifs du tronc c\u00e9r\u00e9bral (PEATC)<\/strong><br \/>\nTest permettant de mesurer la fonction du nerf auditif et du tronc cerebral.<\/p>\n","protected":false},"excerpt":{"rendered":"<p>Acouph\u00e8nes Perception de sons dans une oreille, dans les deux oreilles ou dans la t\u00eate. Les sonneries, les sifflements, les cliqu\u00e8tements ou les bourdonnements, etc., sont des types d\u2019acouph\u00e8nes. Les causes sont diverses : exposition au bruit, perte auditive ou prise d\u2019un m\u00e9dicament ototoxique. Aide de suppl\u00e9ance \u00e0 l&rsquo;audition Aide technique pouvant \u00eatre utilis\u00e9e seule [&hellip;]<\/p>\n","protected":false},"author":25,"featured_media":0,"parent":10705,"menu_order":6,"comment_status":"closed","ping_status":"closed","template":"","meta":{"_acf_changed":false,"_mc_calendar":[],"footnotes":""},"class_list":["post-10748","page","type-page","status-publish","hentry"],"acf":[],"wps_subtitle":"","_links":{"self":[{"href":"https:\/\/www.ottawahospital.on.ca\/fr\/wp-json\/wp\/v2\/pages\/10748","targetHints":{"allow":["GET"]}}],"collection":[{"href":"https:\/\/www.ottawahospital.on.ca\/fr\/wp-json\/wp\/v2\/pages"}],"about":[{"href":"https:\/\/www.ottawahospital.on.ca\/fr\/wp-json\/wp\/v2\/types\/page"}],"author":[{"embeddable":true,"href":"https:\/\/www.ottawahospital.on.ca\/fr\/wp-json\/wp\/v2\/users\/25"}],"replies":[{"embeddable":true,"href":"https:\/\/www.ottawahospital.on.ca\/fr\/wp-json\/wp\/v2\/comments?post=10748"}],"version-history":[{"count":0,"href":"https:\/\/www.ottawahospital.on.ca\/fr\/wp-json\/wp\/v2\/pages\/10748\/revisions"}],"up":[{"embeddable":true,"href":"https:\/\/www.ottawahospital.on.ca\/fr\/wp-json\/wp\/v2\/pages\/10705"}],"wp:attachment":[{"href":"https:\/\/www.ottawahospital.on.ca\/fr\/wp-json\/wp\/v2\/media?parent=10748"}],"curies":[{"name":"wp","href":"https:\/\/api.w.org\/{rel}","templated":true}]}}