{"id":10741,"date":"2016-11-28T10:42:07","date_gmt":"2016-11-28T15:42:07","guid":{"rendered":"http:\/\/52.229.122.34\/fr\/?page_id=10741"},"modified":"2022-08-04T15:25:55","modified_gmt":"2022-08-04T19:25:55","slug":"acouphenes","status":"publish","type":"page","link":"https:\/\/www.ottawahospital.on.ca\/fr\/services-cliniques\/deptpgrmcs\/departements\/audiologie\/acouphenes\/","title":{"rendered":"Acouph\u00e8nes"},"content":{"rendered":"<h2>Qu\u2019est-ce qu\u2019un acouph\u00e8ne?<\/h2>\n<p>C\u2019est le fait de percevoir certains sons dans une oreille, les deux oreilles ou la t\u00eate. Les sonneries, les sifflements, les cliqu\u00e8tements et les bourdonnements sont des types d\u2019acouph\u00e8nes.<\/p>\n<h2>Clinique de gestion de l&rsquo;acouph\u00e8ne et de la tol\u00e9rance r\u00e9duite aux sons<\/h2>\n<p>La Clinique a \u00e9t\u00e9 fond\u00e9e en 1989, n\u00e9e de la collaboration d\u2019audiologistes et d\u2019oto-rhino-laryngologistes. Son objectif principal est d\u2019offrir de l\u2019aide et du soutien aux personnes atteintes d\u2019acouph\u00e8nes et de tol\u00e9rance r\u00e9duite aux sons. Le programme a \u00e9volu\u00e9 au m\u00eame rythme qu\u2019avancent les th\u00e9ories sur les acouph\u00e8nes.<\/p>\n<p>La premi\u00e8re fois que vous vous pr\u00e9senterez \u00e0 la clinique, un audiologiste vous fera passer un test auditif et \u00e9valuera vos acouph\u00e8nes. L\u2019\u00e9valuation consiste \u00e0 mesurer les caract\u00e9ristiques psychoacoustiques des acouph\u00e8nes et les r\u00e9percussions qu\u2019ils ont sur votre vie. Nous offrons des suggestions constructives et personnalis\u00e9es sur la fa\u00e7on de mieux g\u00e9rer les acouph\u00e8nes.<\/p>\n<h2>Th\u00e9rapie sonore<\/h2>\n<p>Nous conseillons souvent aux personnes atteintes d\u2019acouph\u00e8nes de suivre une forme de th\u00e9rapie sonore. Il s\u2019agit d\u2019utiliser un son doux, plaisant et neutre pour aider \u00e0 supporter les acouph\u00e8nes au quotidien. Le son peut servir \u00e0 masquer l\u2019acouph\u00e8ne ou \u00eatre utilis\u00e9 dans le cadre d\u2019une th\u00e9rapie d\u2019habituation \u00e0 l\u2019acouph\u00e8ne. S\u2019il y a perte auditive, nous pouvons prescrire des appareils auditifs.<\/p>\n<h2>Th\u00e9rapie de l\u2019habituation \u00e0 l\u2019acouph\u00e8ne<\/h2>\n<p>G\u00e9n\u00e9ralement, cette th\u00e9rapie fait appel \u00e0 la th\u00e9rapie sonore, mais elle cherche aussi \u00e0 d\u00e9mystifier les acouph\u00e8nes et \u00e0 enseigner aux gens ce qu\u2019ils peuvent faire pour att\u00e9nuer les r\u00e9percussions des acouph\u00e8nes.<\/p>\n<h2>Clinique multidisciplinaire<\/h2>\n<p>Il est possible qu\u2019on vous recommande \u00e0 d\u2019autres professionnels de la sant\u00e9, au besoin.<\/p>\n<h3>Crit\u00e8res de consultation<\/h3>\n<p>Patients avec une pr\u00e9sentation persistante d\u2019acouph\u00e8nes ou de tol\u00e9rance r\u00e9duite aux sons de degr\u00e9 mod\u00e9r\u00e9 \u00e0 s\u00e9v\u00e8re.<\/p>\n<p>Les acouph\u00e8nes ou la tol\u00e9rance r\u00e9duite aux sons ont d\u00e9j\u00e0 fait l&rsquo;objet d&rsquo;une enqu\u00eate diagnostique.<\/p>\n<p>La consultation doit provenir d\u2019un otorhinolaryngologiste (ORL), neurologue\/neurochirurgien, ou physiatre (dans le cas d\u2019un traumatisme cr\u00e2nien ou d\u2019une commotion c\u00e9r\u00e9brale).<\/p>\n<p>Audiologie \u2013 Clinique de l\u2019acouph\u00e8ne<br \/>\nL\u2019H\u00f4pital d\u2019Ottawa \u2013 Campus G\u00e9n\u00e9ral<br \/>\nNiveau 2, Module O, pi\u00e8ce O-15<br \/>\n501, chemin Smyth<br \/>\nT\u00e9l. : 613-737-8254, poste 78254<br \/>\nT\u00e9l\u00e9c. : 613-739-6164<\/p>\n","protected":false},"excerpt":{"rendered":"<p>Qu\u2019est-ce qu\u2019un acouph\u00e8ne? C\u2019est le fait de percevoir certains sons dans une oreille, les deux oreilles ou la t\u00eate. Les sonneries, les sifflements, les cliqu\u00e8tements et les bourdonnements sont des types d\u2019acouph\u00e8nes. Clinique de gestion de l&rsquo;acouph\u00e8ne et de la tol\u00e9rance r\u00e9duite aux sons La Clinique a \u00e9t\u00e9 fond\u00e9e en 1989, n\u00e9e de la collaboration [&hellip;]<\/p>\n","protected":false},"author":25,"featured_media":0,"parent":10705,"menu_order":5,"comment_status":"closed","ping_status":"closed","template":"","meta":{"_acf_changed":false,"_mc_calendar":[],"footnotes":""},"class_list":["post-10741","page","type-page","status-publish","hentry"],"acf":[],"wps_subtitle":"","_links":{"self":[{"href":"https:\/\/www.ottawahospital.on.ca\/fr\/wp-json\/wp\/v2\/pages\/10741","targetHints":{"allow":["GET"]}}],"collection":[{"href":"https:\/\/www.ottawahospital.on.ca\/fr\/wp-json\/wp\/v2\/pages"}],"about":[{"href":"https:\/\/www.ottawahospital.on.ca\/fr\/wp-json\/wp\/v2\/types\/page"}],"author":[{"embeddable":true,"href":"https:\/\/www.ottawahospital.on.ca\/fr\/wp-json\/wp\/v2\/users\/25"}],"replies":[{"embeddable":true,"href":"https:\/\/www.ottawahospital.on.ca\/fr\/wp-json\/wp\/v2\/comments?post=10741"}],"version-history":[{"count":0,"href":"https:\/\/www.ottawahospital.on.ca\/fr\/wp-json\/wp\/v2\/pages\/10741\/revisions"}],"up":[{"embeddable":true,"href":"https:\/\/www.ottawahospital.on.ca\/fr\/wp-json\/wp\/v2\/pages\/10705"}],"wp:attachment":[{"href":"https:\/\/www.ottawahospital.on.ca\/fr\/wp-json\/wp\/v2\/media?parent=10741"}],"curies":[{"name":"wp","href":"https:\/\/api.w.org\/{rel}","templated":true}]}}