{"id":10726,"date":"2016-11-28T10:35:49","date_gmt":"2016-11-28T15:35:49","guid":{"rendered":"http:\/\/52.229.122.34\/fr\/?page_id=10726"},"modified":"2022-01-19T12:56:07","modified_gmt":"2022-01-19T17:56:07","slug":"services","status":"publish","type":"page","link":"https:\/\/www.ottawahospital.on.ca\/fr\/services-cliniques\/deptpgrmcs\/departements\/audiologie\/services\/","title":{"rendered":"Services"},"content":{"rendered":"<div class=\"row\">\n<div class=\"col-md-8\">\n<p>Les services d\u2019audiologie de L\u2019H\u00f4pital d\u2019Ottawa sont offerts en fran\u00e7ais et en anglais aux patients externes et aux patients hospitalis\u00e9s.<\/p>\n<p>Les patients doivent \u00eatre recommand\u00e9s par un m\u00e9decin. Nous offrons les services d\u2019un interpr\u00e8te sur demande.<\/p>\n<h2>Co\u00fbt des services<\/h2>\n<p>Les r\u00e9sidants de l\u2019Ontario doivent avoir une carte Sant\u00e9 valide pour que l\u2019assurance sant\u00e9 de l\u2019Ontario (OHIP) rembourse le co\u00fbt des services que nous offrons.<\/p>\n<p><strong>Remarque :<\/strong> Les services d\u2019audiologie ne sont pas tous rembours\u00e9s par l\u2019assurance sant\u00e9\/maladie provinciale. Par exemple, c\u2019est le cas des frais pour les services li\u00e9s aux appareils auditifs.<\/p>\n<p>Les frais sont couverts pour les r\u00e9sidants d\u2019autres provinces canadiennes qui pr\u00e9sentent une carte d\u2019assurance sant\u00e9\/maladie de leur province de r\u00e9sidence valide au moment du rendez-vous.<\/p>\n<\/div>\n<div class=\"col-md-4\"><img decoding=\"async\" class=\"alignright img-responsive\" src=\"\/wp-content\/uploads\/2016\/11\/otoscope-chg.jpg\" alt=\"Otoscope\" width=\"250\" height=\"188\" \/><\/div>\n<\/div>\n<h2>Description des services<\/h2>\n<p><strong>Test des potentiels \u00e9voqu\u00e9s auditifs du tronc c\u00e9r\u00e9bral<\/strong><br \/>\nCe test sert \u00e0 \u00e9valuer les r\u00e9actions c\u00e9r\u00e9brales \u00e0 des cliquetis dans les parties du cerveau responsables de l\u2019audition. Il aide \u00e0 d\u00e9terminer s\u2019il y a des probl\u00e8mes avec le nerf auditif et permet de mesurer l\u2019audition lorsqu\u2019on ne peut pas utiliser les tests d\u2019audition habituels. Le test ne cause aucune douleur et peut prendre jusqu\u2019\u00e0 une heure. On pose des \u00e9lectrodes sur la t\u00eate du patient et on lui demande d\u2019\u00e9couter des cliquetis. Le patient peut m\u00eame dormir pendant le test.<\/p>\n<p><a href=\"\/fr\/services-cliniques\/deptpgrmcs\/departements\/audiologie\/implant-cochleaire\/\">Programme d\u2019implant cochl\u00e9aire<\/a><\/p>\n<p><strong>V\u00e9rification de l\u2019appareil auditif<\/strong><br \/>\nIl s\u2019agit d\u2019une consultation pendant laquelle l\u2019audiologiste v\u00e9rifie que l\u2019appareil auditif fonctionne bien et r\u00e9pond aux besoins du patient.<\/p>\n<p><strong>Test d\u2019audition<\/strong><br \/>\nCe test permet de mesurer le son le plus faible qu\u2019une personne est capable d\u2019entendre (seuil) \u00e0 diff\u00e9rentes fr\u00e9quences (niveaux d\u2019audition). Les r\u00e9sultats sont pr\u00e9sent\u00e9s sous forme d\u2019un graphique appel\u00e9 audiogramme qui illustre le type, la gravit\u00e9 et la forme de la d\u00e9ficience auditive.<\/p>\n<p><strong>Imp\u00e9dancem\u00e9trie ou tympanom\u00e9trie<\/strong><br \/>\nCe test permet de d\u00e9pister et de diagnostiquer les probl\u00e8mes de l\u2019oreille moyenne. On ins\u00e8re un bouchon d\u2019oreille mou dans le conduit auditif, puis on augmente ou diminue la pression d\u2019air dans le conduit pendant que le patient \u00e9coute un son. Les r\u00e9sultats peuvent r\u00e9v\u00e9ler des anomalies dans le mouvement de la membrane du tympan ou des os de l\u2019oreille moyenne, ou la pr\u00e9sence de liquide dans la cavit\u00e9 de l\u2019oreille moyenne. Le test permet aussi de d\u00e9celer des trous dans la membrane du tympan et de v\u00e9rifier le fonctionnement des tubes de l\u2019oreille moyenne.<\/p>\n<p>On peut aussi faire une \u00e9tude du r\u00e9flexe stap\u00e9dien, qui consiste \u00e0 stimuler l\u2019oreille par un son intense pour mesurer la contraction d\u2019un muscle dans l\u2019oreille moyenne servant \u00e0 prot\u00e9ger l\u2019oreille interne. L\u2019examen peut r\u00e9v\u00e9ler de l\u2019information sur le fonctionnement de l\u2019oreille moyenne et des nerfs auditifs et de l\u2019\u00e9quilibre.<\/p>\n<p><strong>Mesure des oto\u00e9missions acoustiques provoqu\u00e9es<\/strong><br \/>\nLes oto\u00e9missions acoustiques sont des sons que produisent les oreilles en sant\u00e9 en r\u00e9action \u00e0 d\u2019autres sons. Cet examen permet de d\u00e9terminer l\u2019\u00e9tat de l\u2019oreille interne (cochl\u00e9e) et le fonctionnement des cellules auditives externes. Il peut \u00e9valuer la sensibilit\u00e9 auditive ou d\u00e9terminer s\u2019il y a une perte auditive. On ins\u00e8re une sonde dans le canal auditif qui fera entendre des sons au patient, qui n\u2019a pas besoin de r\u00e9agir.<\/p>\n<p><a href=\"\/fr\/services-cliniques\/deptpgrmcs\/departements\/audiologie\/acouphenes\/\">\u00c9valuation des acouph\u00e8nes et Clinique de l\u2019acouph\u00e8ne<\/a><\/p>\n<h3>Examens de l\u2019\u00e9quilibre et des vertiges<\/h3>\n<p><strong>Examen des potentiels \u00e9voqu\u00e9s vestibulaires myog\u00e9niques (PEVM)<\/strong><br \/>\nL\u2019examen des potentiels \u00e9voqu\u00e9s vestibulaires myog\u00e9niques mesure la fonction du syst\u00e8me vestibulaire qui est responsable de l\u2019\u00e9quilibre. Il peut aider \u00e0 diagnostiquer une d\u00e9hiscence (s\u00e9paration) du canal semi-circulaire sup\u00e9rieur et consiste \u00e0 placer des \u00e9lectrodes sur le front et le cou du patient pour mesurer la r\u00e9action de ses muscles \u00e0 des cliquetis.<\/p>\n<p><strong>Test de Halmagyi ou vHIT (video Head Impulse Test)<\/strong><br \/>\nCet examen \u00e9value le r\u00e9flexe vestibulo-oculaire \u00e0 hautes fr\u00e9quences de stimulation au moyen d\u2019une cam\u00e9ra haute vitesse. Il permet de diagnostiquer un d\u00e9ficit de la fonction de l\u2019\u00e9quilibre dans chaque oreille. L\u2019audiologiste fait bouger rapidement la t\u00eate du patient, qui porte des lunettes sp\u00e9ciales pour enregistrer le mouvement de ses yeux.<\/p>\n<p><strong>Vid\u00e9onystagmographie ou \u00e9lectronystagmographie<\/strong><br \/>\nLa vid\u00e9onystagmographie, commun\u00e9ment appel\u00e9e VNG, permet d\u2019examiner l\u2019oreille interne qui fait partie du syst\u00e8me de l\u2019\u00e9quilibre. L\u2019audiologiste demande au patient de porter des lunettes sp\u00e9ciales et de bouger la t\u00eate et le corps dans diff\u00e9rentes positions en suivant une lumi\u00e8re mobile pour mesurer les mouvements musculaires de l\u2019\u0153il. Pendant l\u2019examen, l\u2019audiologiste irrigue \u00e0 l\u2019eau froide et chaude l\u2019oreille du patient, qui pourrait donc \u00e9prouver des vertiges pendant quelques minutes.<\/p>\n","protected":false},"excerpt":{"rendered":"<p>Les services d\u2019audiologie de L\u2019H\u00f4pital d\u2019Ottawa sont offerts en fran\u00e7ais et en anglais aux patients externes et aux patients hospitalis\u00e9s. Les patients doivent \u00eatre recommand\u00e9s par un m\u00e9decin. Nous offrons les services d\u2019un interpr\u00e8te sur demande. Co\u00fbt des services Les r\u00e9sidants de l\u2019Ontario doivent avoir une carte Sant\u00e9 valide pour que l\u2019assurance sant\u00e9 de l\u2019Ontario [&hellip;]<\/p>\n","protected":false},"author":25,"featured_media":0,"parent":10705,"menu_order":3,"comment_status":"closed","ping_status":"closed","template":"","meta":{"_acf_changed":false,"_mc_calendar":[],"footnotes":""},"class_list":["post-10726","page","type-page","status-publish","hentry"],"acf":[],"wps_subtitle":"","_links":{"self":[{"href":"https:\/\/www.ottawahospital.on.ca\/fr\/wp-json\/wp\/v2\/pages\/10726","targetHints":{"allow":["GET"]}}],"collection":[{"href":"https:\/\/www.ottawahospital.on.ca\/fr\/wp-json\/wp\/v2\/pages"}],"about":[{"href":"https:\/\/www.ottawahospital.on.ca\/fr\/wp-json\/wp\/v2\/types\/page"}],"author":[{"embeddable":true,"href":"https:\/\/www.ottawahospital.on.ca\/fr\/wp-json\/wp\/v2\/users\/25"}],"replies":[{"embeddable":true,"href":"https:\/\/www.ottawahospital.on.ca\/fr\/wp-json\/wp\/v2\/comments?post=10726"}],"version-history":[{"count":0,"href":"https:\/\/www.ottawahospital.on.ca\/fr\/wp-json\/wp\/v2\/pages\/10726\/revisions"}],"up":[{"embeddable":true,"href":"https:\/\/www.ottawahospital.on.ca\/fr\/wp-json\/wp\/v2\/pages\/10705"}],"wp:attachment":[{"href":"https:\/\/www.ottawahospital.on.ca\/fr\/wp-json\/wp\/v2\/media?parent=10726"}],"curies":[{"name":"wp","href":"https:\/\/api.w.org\/{rel}","templated":true}]}}