{"id":10718,"date":"2016-11-28T10:32:47","date_gmt":"2016-11-28T15:32:47","guid":{"rendered":"http:\/\/52.229.122.34\/fr\/?page_id=10718"},"modified":"2022-01-21T07:19:43","modified_gmt":"2022-01-21T12:19:43","slug":"pour-un-rendez-vous","status":"publish","type":"page","link":"https:\/\/www.ottawahospital.on.ca\/fr\/services-cliniques\/deptpgrmcs\/departements\/audiologie\/pour-un-rendez-vous\/","title":{"rendered":"Pour un rendez-vous"},"content":{"rendered":"<p>Pour avoir un rendez-vous avec un audiologiste de L\u2019H\u00f4pital d\u2019Ottawa, vous devez \u00eatre r\u00e9f\u00e9r\u00e9 par un m\u00e9decin. Votre m\u00e9decin peut vous r\u00e9f\u00e9rer \u00e0 un audiologiste en faxant une reference.<\/p>\n<div class=\"table-responsive\">\n<table class=\"table-bordered table\">\n<caption style=\"display: none;\">Coordonn\u00e9es du d\u00e9partement d&rsquo;audiologie<\/caption>\n<tbody>\n<tr style=\"background-color: #d0dae8;\">\n<th style=\"text-align: center;\">Campus Civic<\/th>\n<th style=\"text-align: center;\">Campus G\u00e9n\u00e9ral<\/th>\n<\/tr>\n<tr>\n<td>Clinique Parkdale<br \/>\n2<sup>e<\/sup>\u00a0\u00e9tage Nord, pi\u00e8ce 243<br \/>\n737, avenue Parkdale<br \/>\n<strong>T\u00e9l. :<\/strong>613-798-5555, poste 14063<br \/>\n<strong>T\u00e9l\u00e9c. :<\/strong>613-761-4312<\/td>\n<td>2<sup>e<\/sup>\u00a0\u00e9tage, Module O, pi\u00e8ce O-15<br \/>\n501, chemin Smyth<br \/>\n<strong>T\u00e9l. :<\/strong>613-737-8899, poste 78254<br \/>\n<strong>T\u00e9l\u00e9c. :<\/strong>613-739-6164<\/td>\n<\/tr>\n<\/tbody>\n<\/table>\n<\/div>\n","protected":false},"excerpt":{"rendered":"<p>Pour avoir un rendez-vous avec un audiologiste de L\u2019H\u00f4pital d\u2019Ottawa, vous devez \u00eatre r\u00e9f\u00e9r\u00e9 par un m\u00e9decin. Votre m\u00e9decin peut vous r\u00e9f\u00e9rer \u00e0 un audiologiste en faxant une reference. Coordonn\u00e9es du d\u00e9partement d&rsquo;audiologie Campus Civic Campus G\u00e9n\u00e9ral Clinique Parkdale 2e\u00a0\u00e9tage Nord, pi\u00e8ce 243 737, avenue Parkdale T\u00e9l. :613-798-5555, poste 14063 T\u00e9l\u00e9c. :613-761-4312 2e\u00a0\u00e9tage, Module O, [&hellip;]<\/p>\n","protected":false},"author":25,"featured_media":0,"parent":10705,"menu_order":2,"comment_status":"closed","ping_status":"closed","template":"","meta":{"_acf_changed":false,"_mc_calendar":[],"footnotes":""},"class_list":["post-10718","page","type-page","status-publish","hentry"],"acf":[],"wps_subtitle":"","_links":{"self":[{"href":"https:\/\/www.ottawahospital.on.ca\/fr\/wp-json\/wp\/v2\/pages\/10718","targetHints":{"allow":["GET"]}}],"collection":[{"href":"https:\/\/www.ottawahospital.on.ca\/fr\/wp-json\/wp\/v2\/pages"}],"about":[{"href":"https:\/\/www.ottawahospital.on.ca\/fr\/wp-json\/wp\/v2\/types\/page"}],"author":[{"embeddable":true,"href":"https:\/\/www.ottawahospital.on.ca\/fr\/wp-json\/wp\/v2\/users\/25"}],"replies":[{"embeddable":true,"href":"https:\/\/www.ottawahospital.on.ca\/fr\/wp-json\/wp\/v2\/comments?post=10718"}],"version-history":[{"count":0,"href":"https:\/\/www.ottawahospital.on.ca\/fr\/wp-json\/wp\/v2\/pages\/10718\/revisions"}],"up":[{"embeddable":true,"href":"https:\/\/www.ottawahospital.on.ca\/fr\/wp-json\/wp\/v2\/pages\/10705"}],"wp:attachment":[{"href":"https:\/\/www.ottawahospital.on.ca\/fr\/wp-json\/wp\/v2\/media?parent=10718"}],"curies":[{"name":"wp","href":"https:\/\/api.w.org\/{rel}","templated":true}]}}