{"id":10712,"date":"2016-11-28T10:28:37","date_gmt":"2016-11-28T15:28:37","guid":{"rendered":"http:\/\/52.229.122.34\/fr\/?page_id=10712"},"modified":"2022-01-14T07:29:56","modified_gmt":"2022-01-14T12:29:56","slug":"qui-a-besoin-dun-audiologiste","status":"publish","type":"page","link":"https:\/\/www.ottawahospital.on.ca\/fr\/services-cliniques\/deptpgrmcs\/departements\/audiologie\/qui-a-besoin-dun-audiologiste\/","title":{"rendered":"Qui a besoin d&rsquo;un audiologiste"},"content":{"rendered":"<p class=\"intro-text1\">Tout adulte chez lequel on soup\u00e7onne un trouble de l\u2019audition, des acouph\u00e8nes, des \u00e9tourdissements ou une sensibilit\u00e9 au bruit peut \u00eatre recommand\u00e9 aupr\u00e8s d&rsquo;un audiologiste pour une \u00e9valuation. Voici quelques exemples.<\/p>\n<p><strong>Probl\u00e8mes d\u2019audition <\/strong><br \/>\nUne personne qui demande souvent aux gens de se r\u00e9p\u00e9ter, qui hausse le volume de la t\u00e9l\u00e9vision ou qui se faire dire par des proches qu\u2019elle n\u2019entend pas bien montre des signes de perte auditive. La perte auditive peut \u00eatre caus\u00e9e par diff\u00e9rents facteurs, dont les suivants :<\/p>\n<ul>\n<li>vieillissement<\/li>\n<li>g\u00e8nes (surdit\u00e9 dans la famille)<\/li>\n<li>infection de l\u2019oreille (otites)<\/li>\n<li>maladie de l\u2019oreille (comme la maladie de M\u00e9ni\u00e8re et l\u2019otoscl\u00e9rose)<\/li>\n<li>exposition \u00e0 des niveaux \u00e9lev\u00e9s de bruit.<\/li>\n<\/ul>\n<p>Un audiologiste peut \u00e9valuer le degr\u00e9 et la nature de la perte auditive. Il peut aussi faire des recommandations pour aider le patient \u00e0 composer avec son probl\u00e8me auditif et \u00e0 am\u00e9liorer sa communication.<\/p>\n<p><strong>Utilisateurs d\u2019appareils auditifs<\/strong><br \/>\nLes utilisateurs d\u2019appareils auditifs doivent passer des tests d\u2019audition et faire \u00e9valuer leur appareil r\u00e9guli\u00e8rement pour s\u2019assurer qu\u2019il convient toujours.<\/p>\n<p><strong>Acouph\u00e8nes <\/strong><br \/>\nL\u2019acouph\u00e8ne consiste \u00e0 percevoir certains sons dans les oreilles ou la t\u00eate. Les sonneries, les sifflements, les cliqu\u00e8tements et les bourdonnements sont tous des types d\u2019acouph\u00e8nes. Un audiologiste peut faire une \u00e9valuation des acouph\u00e8nes et discuter avec le patient des strat\u00e9gies pour s\u2019y adapter. La Clinique de l\u2019acouph\u00e8ne au Campus G\u00e9n\u00e9ral offre de l\u2019information, de l\u2019aide et du soutien aux personnes qui sont atteintes d\u2019acouph\u00e8nes mod\u00e9r\u00e9s \u00e0 graves. Les th\u00e9ories concernant la prise en charge ont \u00e9volu\u00e9 et nous offrons un \u00e9ventail de traitements (ou une combinaison de traitements), comme le masquage, la th\u00e9rapie d\u2019habituation, la th\u00e9rapie cognitive et l\u2019acceptation.<\/p>\n<p><strong>Vertiges <\/strong><br \/>\nSi vous avez des vertiges, votre m\u00e9decin vous enverra peut-\u00eatre passer une batterie de tests d\u2019audition au Service d\u2019audiologie pour en d\u00e9celer la cause. Les oreilles contr\u00f4lent non seulement l\u2019audition, mais aussi une partie de l\u2019\u00e9quilibre.<\/p>\n<p><strong>Exposition au bruit et pr\u00e9vention d\u2019une perte auditive due au bruit <\/strong><br \/>\nSi vous commencez \u00e0 travailler dans un milieu tr\u00e8s bruyant, votre employeur vous sugg\u00e9rera probablement de passer un test d\u2019audition. Il est important de faire un suivi r\u00e9gulier pour surveiller tout changement \u00e0 votre niveau d\u2019audition. L\u2019H\u00f4pital d\u2019Ottawa offre des consultations sur la protection de l\u2019audition.<\/p>\n<p><strong>Douleur \u00e0 l\u2019oreille<\/strong><br \/>\nUne douleur \u00e0 l\u2019oreille est parfois caus\u00e9e par une infection ou un traumatisme \u00e0 l\u2019oreille ou m\u00eame des probl\u00e8mes connexes, par exemple, \u00e0 la m\u00e2choire. La douleur peut s\u2019accompagner d\u2019une perte auditive. Des renseignements sur votre audition peuvent aider votre m\u00e9decin \u00e0 vous prescrire le traitement qui vous convient.<\/p>\n<p><strong>M\u00e9dicaments ototoxiques<\/strong><br \/>\nCertains m\u00e9dicaments peuvent causer des effets secondaires, notamment une perte auditive, des acouph\u00e8nes ou une sensibilit\u00e9 aux bruits forts. On recommande souvent aux personnes qui doivent prendre un m\u00e9dicament ototoxique de consulter un audiologiste pour passer un test d\u2019audition avant et pendant le traitement afin de surveiller son effet sur l\u2019audition. Si vous voyez appara\u00eetre des probl\u00e8mes auditifs apr\u00e8s avoir commenc\u00e9 \u00e0 prendre un m\u00e9dicament en particulier, dites-le \u00e0 votre m\u00e9decin le plus vite possible. Il souhaitera peut-\u00eatre revoir les effets secondaires possibles du m\u00e9dicament et vous recommander \u00e0 un audiologiste pour passer un test d\u2019audition.<\/p>\n<p><strong>Implants cochl\u00e9aires<\/strong><br \/>\nUn candidat aux implants cochl\u00e9aires ou un utilisateur d\u2019implants cochl\u00e9aires pr\u00e9sente g\u00e9n\u00e9ralement une perte auditive s\u00e9v\u00e8re ou profonde qui ne peut pas \u00eatre all\u00e9g\u00e9e par des appareils auditifs. Un m\u00e9decin sp\u00e9cialiste des oreilles, du nez et de la gorge (oto-rhino-laryngologiste) et un audiologiste \u00e9valueront les candidats pour d\u00e9terminer s\u2019ils auraient avantage \u00e0 recevoir un implant. La partie interne de l\u2019implant est install\u00e9e par chirurgie. De quatre \u00e0 six semaines apr\u00e8s l\u2019op\u00e9ration, l\u2019audiologiste fait une mise au point de la partie externe de l&rsquo;implant. Par la suite, c&rsquo;est l\u2019audiologiste qui offre des services de r\u00e9adaptation pour aider l\u2019utilisateur \u00e0 s\u2019adapter au nouveau son.<\/p>\n","protected":false},"excerpt":{"rendered":"<p>Tout adulte chez lequel on soup\u00e7onne un trouble de l\u2019audition, des acouph\u00e8nes, des \u00e9tourdissements ou une sensibilit\u00e9 au bruit peut \u00eatre recommand\u00e9 aupr\u00e8s d&rsquo;un audiologiste pour une \u00e9valuation. Voici quelques exemples. Probl\u00e8mes d\u2019audition Une personne qui demande souvent aux gens de se r\u00e9p\u00e9ter, qui hausse le volume de la t\u00e9l\u00e9vision ou qui se faire dire [&hellip;]<\/p>\n","protected":false},"author":25,"featured_media":0,"parent":10705,"menu_order":1,"comment_status":"closed","ping_status":"closed","template":"","meta":{"_acf_changed":false,"_mc_calendar":[],"footnotes":""},"class_list":["post-10712","page","type-page","status-publish","hentry"],"acf":[],"wps_subtitle":"","_links":{"self":[{"href":"https:\/\/www.ottawahospital.on.ca\/fr\/wp-json\/wp\/v2\/pages\/10712","targetHints":{"allow":["GET"]}}],"collection":[{"href":"https:\/\/www.ottawahospital.on.ca\/fr\/wp-json\/wp\/v2\/pages"}],"about":[{"href":"https:\/\/www.ottawahospital.on.ca\/fr\/wp-json\/wp\/v2\/types\/page"}],"author":[{"embeddable":true,"href":"https:\/\/www.ottawahospital.on.ca\/fr\/wp-json\/wp\/v2\/users\/25"}],"replies":[{"embeddable":true,"href":"https:\/\/www.ottawahospital.on.ca\/fr\/wp-json\/wp\/v2\/comments?post=10712"}],"version-history":[{"count":0,"href":"https:\/\/www.ottawahospital.on.ca\/fr\/wp-json\/wp\/v2\/pages\/10712\/revisions"}],"up":[{"embeddable":true,"href":"https:\/\/www.ottawahospital.on.ca\/fr\/wp-json\/wp\/v2\/pages\/10705"}],"wp:attachment":[{"href":"https:\/\/www.ottawahospital.on.ca\/fr\/wp-json\/wp\/v2\/media?parent=10712"}],"curies":[{"name":"wp","href":"https:\/\/api.w.org\/{rel}","templated":true}]}}