{"id":10705,"date":"2016-11-28T10:25:48","date_gmt":"2016-11-28T15:25:48","guid":{"rendered":"http:\/\/52.229.122.34\/fr\/?page_id=10705"},"modified":"2022-01-17T15:23:16","modified_gmt":"2022-01-17T20:23:16","slug":"audiologie","status":"publish","type":"page","link":"https:\/\/www.ottawahospital.on.ca\/fr\/services-cliniques\/deptpgrmcs\/departements\/audiologie\/","title":{"rendered":"Audiologie"},"content":{"rendered":"<div class=\"row\">\n<div class=\"col-md-8\">\n<h2>Vue d&rsquo;ensemble<\/h2>\n<p>\u00c0 L\u2019H\u00f4pital d\u2019Ottawa, une \u00e9quipe d\u2019audiologistes offre des services cliniques aux patients qui ont de la difficult\u00e9 \u00e0 entendre ou qui ont des probl\u00e8mes d\u2019oreille. Notre objectif est d\u2019am\u00e9liorer la qualit\u00e9 de vie de chacun de nos patients et de leurs familles en am\u00e9liorant leur capacit\u00e9 d\u2019entendre, de comprendre et de communiquer.<\/p>\n<p>Les consultations peuvent avoir lieu au Campus Civic ou au Campus G\u00e9n\u00e9ral, mais certains services ne sont pas offerts aux deux endroits. Nous offrons avant tout des services aux patients externes, mais nous traitons aussi des patients hospitalis\u00e9s.<\/p>\n<\/div>\n<div class=\"col-md-4\"><img decoding=\"async\" class=\"img-responsive alignright\" src=\"\/wp-content\/uploads\/2016\/11\/audio-index.jpg\" alt=\"Audiology\" width=\"300\" height=\"225\" \/><\/div>\n<\/div>\n<h2>Nos Services<\/h2>\n<ul>\n<li>\u00c9valuations audiologiques compl\u00e8tes, y compris les tests de sensibilit\u00e9 auditive, de reconnaissance des mots, de la fonction de l\u2019oreille moyenne, de l\u2019oreille interne, du nerf auditif, et de l\u2019\u00e9quilibre<\/li>\n<li>\u00c9valuation et soins de l\u2019acouph\u00e8ne et de l\u2019hyperacousie<\/li>\n<li>Programme d\u2019implants auditifs (y compris les implants cochl\u00e9aires et les proth\u00e8ses auditives \u00e0 ancrage osseux (BAHA))<\/li>\n<\/ul>\n<h2>Notre \u00e9quipe<\/h2>\n<p>Les audiologistes poss\u00e8dent une ma\u00eetrise en audiologie d\u2019un programme universitaire reconnu. Ils ont re\u00e7u une formation sp\u00e9cialis\u00e9e en pr\u00e9vention, en diagnostic, en \u00e9valuation et en traitement de troubles auditifs ainsi qu\u2019en r\u00e9adaptation des personnes qui en sont atteintes. Ils sont membres de<a href=\"https:\/\/www.caslpo.com\/\"> l\u2019Ordre des audiologistes et des orthophonistes de l\u2019Ontario (OAOO)<\/a>, l\u2019organisme provincial qui r\u00e9git cette profession. Les audiologistes \u00e0 L\u2019H\u00f4pital d\u2019Ottawa travaillent en \u00e9troite collaboration avec les oto-rhino-laryngologistes. Le Service d\u2019audiologie enseigne aux \u00e9tudiants universitaires et les supervise. Ses membres participent aussi \u00e0 des activit\u00e9s de recherche.<\/p>\n<h3>Nos chefs d\u2019\u00e9quipe :<\/h3>\n<p>Arran McAfee, Responsable de la pratique professionnelle, Audiologie et Orthophonie<\/p>\n<p>Avital Winer, Gestionnaire de la pratique professionnelle, Di\u00e9t\u00e9tique, orthophonie &amp; audiologie<\/p>\n<h2>Rendez-vous<\/h2>\n<p>Pour avoir un rendez-vous avec un audiologiste de L\u2019H\u00f4pital d\u2019Ottawa, votre m\u00e9decin doit en faire la demande pour vous par t\u00e9l\u00e9copieur.<\/p>\n<h2>Pour nous joindre<\/h2>\n<p>Pour voir un audiologiste, demandez \u00e0 votre m\u00e9decin de communiquer avec nous \u00e0 l\u2019un des endroits suivants :<\/p>\n<div class=\"row\">\n<div class=\"col-md-6\">\n<h3>Campus Civic<\/h3>\n<p>Clinique Parkdale<br \/>\n2<sup>e<\/sup>\u00a0\u00e9tage Nord,\u00a0pi\u00e8ce 243<br aria-hidden=\"true\" \/>737, avenue Parkdale<br aria-hidden=\"true\" \/><strong>T\u00e9l. :\u00a0<\/strong>613-798-5555, poste 14063<strong><br aria-hidden=\"true\" \/>T\u00e9l\u00e9c. :\u00a0<\/strong>613-761-4312<\/p>\n<\/div>\n<div class=\"col-md-6\">\n<h3>Campus G\u00e9n\u00e9ral<\/h3>\n<p>2<sup>e<\/sup>\u00a0\u00e9tage, Module O,\u00a0pi\u00e8ce O-15<br aria-hidden=\"true\" \/>501, chemin Smyth<br aria-hidden=\"true\" \/><strong>T\u00e9l. :<\/strong>\u00a0613-737-8899, poste 78254<br aria-hidden=\"true\" \/><strong>T\u00e9l\u00e9c. :<\/strong>\u00a0613-739-6164<\/p>\n<\/div>\n<\/div>\n","protected":false},"excerpt":{"rendered":"<p>Vue d&rsquo;ensemble \u00c0 L\u2019H\u00f4pital d\u2019Ottawa, une \u00e9quipe d\u2019audiologistes offre des services cliniques aux patients qui ont de la difficult\u00e9 \u00e0 entendre ou qui ont des probl\u00e8mes d\u2019oreille. Notre objectif est d\u2019am\u00e9liorer la qualit\u00e9 de vie de chacun de nos patients et de leurs familles en am\u00e9liorant leur capacit\u00e9 d\u2019entendre, de comprendre et de communiquer. Les [&hellip;]<\/p>\n","protected":false},"author":25,"featured_media":0,"parent":7868,"menu_order":3,"comment_status":"closed","ping_status":"closed","template":"","meta":{"_acf_changed":false,"_mc_calendar":[],"footnotes":""},"class_list":["post-10705","page","type-page","status-publish","hentry"],"acf":[],"wps_subtitle":"","_links":{"self":[{"href":"https:\/\/www.ottawahospital.on.ca\/fr\/wp-json\/wp\/v2\/pages\/10705","targetHints":{"allow":["GET"]}}],"collection":[{"href":"https:\/\/www.ottawahospital.on.ca\/fr\/wp-json\/wp\/v2\/pages"}],"about":[{"href":"https:\/\/www.ottawahospital.on.ca\/fr\/wp-json\/wp\/v2\/types\/page"}],"author":[{"embeddable":true,"href":"https:\/\/www.ottawahospital.on.ca\/fr\/wp-json\/wp\/v2\/users\/25"}],"replies":[{"embeddable":true,"href":"https:\/\/www.ottawahospital.on.ca\/fr\/wp-json\/wp\/v2\/comments?post=10705"}],"version-history":[{"count":0,"href":"https:\/\/www.ottawahospital.on.ca\/fr\/wp-json\/wp\/v2\/pages\/10705\/revisions"}],"up":[{"embeddable":true,"href":"https:\/\/www.ottawahospital.on.ca\/fr\/wp-json\/wp\/v2\/pages\/7868"}],"wp:attachment":[{"href":"https:\/\/www.ottawahospital.on.ca\/fr\/wp-json\/wp\/v2\/media?parent=10705"}],"curies":[{"name":"wp","href":"https:\/\/api.w.org\/{rel}","templated":true}]}}