{"id":10668,"date":"2016-11-25T16:01:53","date_gmt":"2016-11-25T21:01:53","guid":{"rendered":"http:\/\/52.229.122.34\/fr\/?page_id=10668"},"modified":"2017-06-20T16:11:35","modified_gmt":"2017-06-20T20:11:35","slug":"microbiologie","status":"publish","type":"page","link":"https:\/\/www.ottawahospital.on.ca\/fr\/services-cliniques\/deptpgrmcs\/departements\/microbiologie\/","title":{"rendered":"Microbiologie"},"content":{"rendered":"<div class=\"row\">\n<div class=\"col-md-6\">\n<h2>Vue d&rsquo;ensemble<\/h2>\n<p>Le Laboratoire de microbiologie est un service centralis\u00e9 situ\u00e9 au Campus G\u00e9n\u00e9ral de L\u2019H\u00f4pital d\u2019Ottawa (L\u2019HO). Son objectif est d\u2019offrir des services de diagnostics microbiologiques de qualit\u00e9 et rapides pour les patients de L\u2019HO et les h\u00f4pitaux communautaires affili\u00e9s \u00e0 L\u2019HO. Il entretient des rapports particuliers avec la Division des maladies infectieuses et le Service de pr\u00e9vention et de contr\u00f4le des infections, qui l\u2019aident \u00e0 fournir les meilleurs services possible.<\/p>\n<h2>Nos services<\/h2>\n<\/div>\n<div class=\"col-md-6\">\n<img decoding=\"async\" class=\"img-responsive alignright\" src=\"\/wp-content\/uploads\/2016\/11\/MicroLabTOH.jpg\" alt=\"Microbiology Lab\" width=\"314\" height=\"235\" \/>\n<\/div>\n<\/div>\n<p>Nous fournissons tout l\u2019\u00e9ventail de services courants et sp\u00e9cialis\u00e9s pour diagnostiquer et pr\u00e9venir les infections bact\u00e9riennes et fongiques. Nous offrons aussi un\u00a0 service limit\u00e9 pour diagnostiquer et pr\u00e9venir les infections virales, en particulier chez les patients ayant subi une greffe.<\/p>\n<p>Les programmes de formation pour les \u00e9tudiants en m\u00e9decine et les r\u00e9sidents, ainsi que pour les \u00e9tudiants en sciences de la sant\u00e9 de premier cycle et de deuxi\u00e8me cycle \u00e0 l\u2019Universit\u00e9 d\u2019Ottawa, constituent un volet important des services du Laboratoire. De plus, comme le Laboratoire est affili\u00e9 au coll\u00e8ge St. Lawrence et \u00e0 divers coll\u00e8ges d\u2019Ottawa, des \u00e9tudiants en technologie de laboratoire m\u00e9dical de ces coll\u00e8ges peuvent y compl\u00e9ter leur formation.<\/p>\n<p>Le Laboratoire axe ses travaux de recherche sur l\u2019\u00e9laboration et l\u2019\u00e9valuation de nouvelles m\u00e9thodes de diagnostic pour mieux soigner les patients et comprendre les causes de la r\u00e9sistance aux antibiotiques.<\/p>\n<h2>Notre \u00e9quipe<\/h2>\n<p>Des m\u00e9decins et des scientifiques post-doctoraux ayant re\u00e7u une formation sp\u00e9ciale en microbiologie diagnostique travaillent avec des technologues et des techniciens m\u00e9dicaux pour fournir des soins ax\u00e9s sur les patients.<\/p>\n<h2>Pour nous joindre<\/h2>\n<p>Division de microbiologie<br \/>\nCampus G\u00e9n\u00e9ral, L\u2019H\u00f4pital d\u2019Ottawa<br \/>\nC.P. 115, 501, chemin Smyth<br \/>\nOttawa (Ontario) K1H 8L6<\/p>\n","protected":false},"excerpt":{"rendered":"<p>Vue d&rsquo;ensemble Le Laboratoire de microbiologie est un service centralis\u00e9 situ\u00e9 au Campus G\u00e9n\u00e9ral de L\u2019H\u00f4pital d\u2019Ottawa (L\u2019HO). Son objectif est d\u2019offrir des services de diagnostics microbiologiques de qualit\u00e9 et rapides pour les patients de L\u2019HO et les h\u00f4pitaux communautaires affili\u00e9s \u00e0 L\u2019HO. Il entretient des rapports particuliers avec la Division des maladies infectieuses et [&hellip;]<\/p>\n","protected":false},"author":25,"featured_media":0,"parent":7868,"menu_order":12,"comment_status":"closed","ping_status":"closed","template":"","meta":{"_acf_changed":false,"_mc_calendar":[],"footnotes":""},"class_list":["post-10668","page","type-page","status-publish","hentry"],"acf":[],"wps_subtitle":"","_links":{"self":[{"href":"https:\/\/www.ottawahospital.on.ca\/fr\/wp-json\/wp\/v2\/pages\/10668","targetHints":{"allow":["GET"]}}],"collection":[{"href":"https:\/\/www.ottawahospital.on.ca\/fr\/wp-json\/wp\/v2\/pages"}],"about":[{"href":"https:\/\/www.ottawahospital.on.ca\/fr\/wp-json\/wp\/v2\/types\/page"}],"author":[{"embeddable":true,"href":"https:\/\/www.ottawahospital.on.ca\/fr\/wp-json\/wp\/v2\/users\/25"}],"replies":[{"embeddable":true,"href":"https:\/\/www.ottawahospital.on.ca\/fr\/wp-json\/wp\/v2\/comments?post=10668"}],"version-history":[{"count":0,"href":"https:\/\/www.ottawahospital.on.ca\/fr\/wp-json\/wp\/v2\/pages\/10668\/revisions"}],"up":[{"embeddable":true,"href":"https:\/\/www.ottawahospital.on.ca\/fr\/wp-json\/wp\/v2\/pages\/7868"}],"wp:attachment":[{"href":"https:\/\/www.ottawahospital.on.ca\/fr\/wp-json\/wp\/v2\/media?parent=10668"}],"curies":[{"name":"wp","href":"https:\/\/api.w.org\/{rel}","templated":true}]}}