{"id":10618,"date":"2016-11-25T15:11:12","date_gmt":"2016-11-25T20:11:12","guid":{"rendered":"http:\/\/52.229.122.34\/fr\/?page_id=10618"},"modified":"2025-05-13T15:33:03","modified_gmt":"2025-05-13T19:33:03","slug":"unite-de-pre-admission","status":"publish","type":"page","link":"https:\/\/www.ottawahospital.on.ca\/fr\/services-cliniques\/deptpgrmcs\/departements\/anesthesiologie\/unite-de-pre-admission\/","title":{"rendered":"Unit\u00e9 de pr\u00e9-admission"},"content":{"rendered":"\n<h2 class=\"wp-block-heading\">Rendez-vous avec l\u2019Unit\u00e9 de pr\u00e9admission<\/h2>\n\n\n\n<p>Vous aurez un rendez-vous \u00e0 l\u2019Unit\u00e9 de pr\u00e9admission (UPA) plusieurs jours ou semaines avant votre chirurgie. Ce rendez-vous pourra avoir lieu en personne \u00e0 l\u2019h\u00f4pital ou virtuellement (par t\u00e9l\u00e9phone ou par ordinateur). Vous rencontrerez une infirmi\u00e8re et\/ou un anesth\u00e9siologiste (m\u00e9decin sp\u00e9cialis\u00e9 dans l\u2019administration de m\u00e9dicaments pour assurer votre s\u00e9curit\u00e9 et votre confort pendant la chirurgie). L\u2019\u00e9quipe de l\u2019UPA vous posera des questions afin d\u2019en apprendre davantage sur vous et votre \u00e9tat de sant\u00e9. Ces renseignements aideront l\u2019\u00e9quipe soignante \u00e0 planifier vos soins. Veuillez apporter tous vos m\u00e9dicaments \u00e0 votre rendez-vous \u00e0 l\u2019UPA. Cela comprend les m\u00e9dicaments en vente libre, les cr\u00e8mes prescrites, les gouttes pour les yeux, les inhalateurs et les rem\u00e8des \u00e0 base de plantes (vitamines, suppl\u00e9ments, etc.).<\/p>\n\n\n\n<p><a href=\"https:\/\/www.ottawahospital.on.ca\/fr\/services-cliniques\/ma-chirurgie\/mon-rendez-vous-de-preadmission\/\" target=\"_blank\" rel=\"noreferrer noopener\">Mon rendez-vous de pr\u00e9admission<\/a><\/p>\n\n\n\n<p>Pendant le rendez-vous \u00e0 l\u2019Unit\u00e9 de pr\u00e9admission, une \u00e9quipe sp\u00e9cialis\u00e9e compos\u00e9e d\u2019une infirmi\u00e8re, d\u2019un anesth\u00e9siologiste, r\u00e9sidents, et d\u2019autres professionnels de la sant\u00e9 vous \u00e9valuera pour vous pr\u00e9parer \u00e0 la chirurgie. Les \u00e9valuations varient selon votre \u00e9tat de sant\u00e9 et votre situation personnelle. Votre chirurgien fixera votre un rendez-vous.<\/p>\n\n\n\n<h2 class=\"wp-block-heading\">Rendez\u2013vous<\/h2>\n\n\n\n<p><strong>Recommandation d&rsquo;un m\u00e9decin<\/strong><\/p>\n\n\n\n<h2 class=\"wp-block-heading\">Pour nous joindre<\/h2>\n\n\n\n<p><strong>1081, avenue Carling (Unit\u00e9 601)<\/strong> :<br>T\u00e9l\u00e9phone : 613-738-8456<br>Heures de la clinique : du lundi au vendredi, de 7 h 15 \u00e0 16 h 00<\/p>\n\n\n\n<p><strong>Centre de soins oculaires Riverside (3<\/strong><strong>\u1d49<\/strong><strong> \u00e9tage)<\/strong> :<br>T\u00e9l\u00e9phone : 613-738-8387<br>Heures de la clinique : du lundi au vendredi, de 8 h 00 \u00e0 16 h 30<\/p>\n","protected":false},"excerpt":{"rendered":"<p>Rendez-vous avec l\u2019Unit\u00e9 de pr\u00e9admission Vous aurez un rendez-vous \u00e0 l\u2019Unit\u00e9 de pr\u00e9admission (UPA) plusieurs jours ou semaines avant votre chirurgie. Ce rendez-vous pourra avoir lieu en personne \u00e0 l\u2019h\u00f4pital ou virtuellement (par t\u00e9l\u00e9phone ou par ordinateur). Vous rencontrerez une infirmi\u00e8re et\/ou un anesth\u00e9siologiste (m\u00e9decin sp\u00e9cialis\u00e9 dans l\u2019administration de m\u00e9dicaments pour assurer votre s\u00e9curit\u00e9 et [&hellip;]<\/p>\n","protected":false},"author":25,"featured_media":0,"parent":10518,"menu_order":8,"comment_status":"closed","ping_status":"closed","template":"","meta":{"_acf_changed":false,"_mc_calendar":[],"footnotes":""},"class_list":["post-10618","page","type-page","status-publish","hentry"],"acf":[],"wps_subtitle":"","_links":{"self":[{"href":"https:\/\/www.ottawahospital.on.ca\/fr\/wp-json\/wp\/v2\/pages\/10618","targetHints":{"allow":["GET"]}}],"collection":[{"href":"https:\/\/www.ottawahospital.on.ca\/fr\/wp-json\/wp\/v2\/pages"}],"about":[{"href":"https:\/\/www.ottawahospital.on.ca\/fr\/wp-json\/wp\/v2\/types\/page"}],"author":[{"embeddable":true,"href":"https:\/\/www.ottawahospital.on.ca\/fr\/wp-json\/wp\/v2\/users\/25"}],"replies":[{"embeddable":true,"href":"https:\/\/www.ottawahospital.on.ca\/fr\/wp-json\/wp\/v2\/comments?post=10618"}],"version-history":[{"count":0,"href":"https:\/\/www.ottawahospital.on.ca\/fr\/wp-json\/wp\/v2\/pages\/10618\/revisions"}],"up":[{"embeddable":true,"href":"https:\/\/www.ottawahospital.on.ca\/fr\/wp-json\/wp\/v2\/pages\/10518"}],"wp:attachment":[{"href":"https:\/\/www.ottawahospital.on.ca\/fr\/wp-json\/wp\/v2\/media?parent=10618"}],"curies":[{"name":"wp","href":"https:\/\/api.w.org\/{rel}","templated":true}]}}