{"id":10601,"date":"2016-11-25T15:05:51","date_gmt":"2016-11-25T20:05:51","guid":{"rendered":"http:\/\/52.229.122.34\/fr\/?page_id=10601"},"modified":"2025-05-13T15:41:03","modified_gmt":"2025-05-13T19:41:03","slug":"unite-de-soins-postanesthesiques","status":"publish","type":"page","link":"https:\/\/www.ottawahospital.on.ca\/fr\/services-cliniques\/deptpgrmcs\/departements\/anesthesiologie\/unite-de-soins-postanesthesiques\/","title":{"rendered":"Unit\u00e9 de soins postanesth\u00e9siques"},"content":{"rendered":"\n<h2 class=\"wp-block-heading\">Aper\u00e7u<\/h2>\n\n\n\n<p>L\u2019Unit\u00e9 de soins postanesth\u00e9siques accueille les patients pour leur permettre de <strong>r\u00e9cup\u00e9rer en toute s\u00e9curit\u00e9<\/strong> \u00e0 la suite d\u2019une chirurgie qui a n\u00e9cessit\u00e9 une anesth\u00e9sie.<\/p>\n\n\n\n<p>La dur\u00e9e du s\u00e9jour \u00e0 l\u2019USPA d\u00e9pend de plusieurs facteurs, notamment le type d\u2019anesth\u00e9sie utilis\u00e9e (g\u00e9n\u00e9rale, r\u00e9gionale, locale ou s\u00e9dation), la nature et la dur\u00e9e de la chirurgie, ainsi que les besoins individuels du patient.<br>Une fois que les patients atteignent des \u00e9tapes pr\u00e9cises de r\u00e9cup\u00e9ration \u2014 appel\u00e9es <strong>crit\u00e8res de sortie de l\u2019USPA<\/strong> \u2014 ils sont transf\u00e9r\u00e9s soit \u00e0 l\u2019Unit\u00e9 de soins de jour chirurgicaux, soit \u00e0 une chambre d\u2019hospitalisation.<\/p>\n\n\n\n<h2 class=\"wp-block-heading\">\u00c0 quoi s\u2019attendre \u00e0 l\u2019Unit\u00e9 de soins postanesth\u00e9siques<\/h2>\n\n\n\n<p>Nous disposons d\u2019infirmi\u00e8res sp\u00e9cialis\u00e9es pour offrir des soins aux patients, en collaboration \u00e9troite avec les anesth\u00e9siologistes et les autres membres de l\u2019\u00e9quipe soignante. Au cours des heures qui suivent la chirurgie, elles se concentrent sur :<\/p>\n\n\n\n<ul class=\"wp-block-list\">\n<li>la surveillance continue des signes vitaux (fr\u00e9quence cardiaque, tension art\u00e9rielle, respiration, etc.)<\/li>\n\n\n\n<li>la gestion de la douleur et des naus\u00e9es<\/li>\n\n\n\n<li>l\u2019\u00e9valuation du site op\u00e9ratoire pour d\u00e9tecter tout saignement, enflure ou autre signe pr\u00e9occupant<\/li>\n<\/ul>\n\n\n\n<p>D\u2019autres aspects comme la s\u00e9dation et l\u2019angoisse sont \u00e9galement \u00e9valu\u00e9s avant le cong\u00e9.<\/p>\n\n\n\n<p>Nous accueillons \u00e9galement des patients ayant des besoins m\u00e9dicaux particuliers, notamment ceux n\u00e9cessitant :<\/p>\n\n\n\n<ul class=\"wp-block-list\">\n<li>des moniteurs sp\u00e9cialis\u00e9s (cath\u00e9ters centraux et art\u00e9riels)<\/li>\n\n\n\n<li>des drains chirurgicaux (par exemple, drain ventriculaire ou sous-arachno\u00efdien)<\/li>\n\n\n\n<li>une stomie ou une sonde d\u2019alimentation<\/li>\n\n\n\n<li>un cath\u00e9ter veineux sp\u00e9cialis\u00e9<\/li>\n<\/ul>\n\n\n\n<h2 class=\"wp-block-heading\">Gestion de la douleur<\/h2>\n\n\n\n<p>Lorsque les patients ont subi une chirurgie complexe, nous assurons la transition des strat\u00e9gies de contr\u00f4le de la douleur de la salle d\u2019op\u00e9ration \u00e0 l\u2019Unit\u00e9 pour un r\u00e9tablissement harmonieux. Cela peut inclure :<\/p>\n\n\n\n<ul class=\"wp-block-list\">\n<li>l\u2019analg\u00e9sie contr\u00f4l\u00e9e par le patient (ACP) : l\u2019\u00e9ducation, l\u2019installation et l\u2019utilisation sont amorc\u00e9es \u00e0 l\u2019USP<\/li>\n\n\n\n<li>les blocs nerveux continus : nous assurons la transition de ces techniques, comme l\u2019\u00e9pidurale (dans le dos) ou les cath\u00e9ters nerveux (par exemple, dans le bras ou la jambe), et leur surveillance avant le transfert dans une autre unit\u00e9<\/li>\n<\/ul>\n\n\n\n<p>Dans certains cas, il se peut que les patients doivent rester plus longtemps \u00e0 l\u2019USP, cela peut \u00eatre li\u00e9, par exemple, \u00e0 un syndrome s\u00e9v\u00e8re d\u2019apn\u00e9e obstructive du sommeil ou \u00e0 des crit\u00e8res sp\u00e9cifiques li\u00e9s \u00e0 la chirurgie.<\/p>\n\n\n\n<p>Tous les soins aux patients de l\u2019USPA sont supervis\u00e9s par le D\u00e9partement d\u2019anesth\u00e9siologie et de m\u00e9decine de la douleur.<\/p>\n\n\n\n<h2 class=\"wp-block-heading\">Information pour les patients<\/h2>\n\n\n\n<ul class=\"wp-block-list\">\n<li><strong>Admissions<\/strong> : Si un patient doit \u00eatre hospitalis\u00e9 apr\u00e8s sa chirurgie, ses effets personnels seront transf\u00e9r\u00e9s de l\u2019Unit\u00e9 de soins de jour chirurgicaux \u00e0 sa chambre assign\u00e9e. Il est recommand\u00e9 aux patients de laisser leurs objets de valeur \u00e0 la maison pour \u00e9viter toute perte ou vol.<\/li>\n\n\n\n<li><strong>Transferts entre campus<\/strong> : Les patients n\u00e9cessitant une hospitalisation peuvent \u00eatre transf\u00e9r\u00e9s par ambulance vers le campus Civic ou G\u00e9n\u00e9ral, selon les besoins. Au campus Riverside, la majorit\u00e9 des patients retournent \u00e0 domicile le jour m\u00eame. Si le retour \u00e0 domicile est jug\u00e9 non s\u00e9curitaire par l\u2019\u00e9quipe soignante, le patient sera transf\u00e9r\u00e9 au campus Civic ou G\u00e9n\u00e9ral pour hospitalisation.<\/li>\n\n\n\n<li><strong>Retour \u00e0 domicile<\/strong> : Les patients qui rentrent chez eux apr\u00e8s la chirurgie retourneront \u00e0 l\u2019Unit\u00e9 de soins de jour chirurgicaux, o\u00f9 ils devront rester au moins 30 minutes et satisfaire \u00e0 certains crit\u00e8res de sortie. Des rafra\u00eechissements l\u00e9gers sont disponibles, car de nombreux patients sont affam\u00e9s apr\u00e8s le je\u00fbne pr\u00e9op\u00e9ratoire.<\/li>\n<\/ul>\n\n\n\n<p>Lorsqu\u2019ils sont pr\u00eats, un ami ou un membre de la famille sera contact\u00e9 avec les instructions concernant l\u2019endroit et l\u2019heure de leur prise en charge.<\/p>\n\n\n\n<h2 class=\"wp-block-heading\">Pour nous joindre<\/h2>\n\n\n\n<p>Les unit\u00e9s de soins postanesth\u00e9siques (USPA) sont situ\u00e9es aux campus G\u00e9n\u00e9ral, Civic et Riverside.<br>Elles peuvent \u00eatre contact\u00e9es via le standard de l\u2019h\u00f4pital au <strong>613-722-7000<\/strong>.<\/p>\n\n\n\n<h2 class=\"wp-block-heading\">Emplacement et heures d\u2019ouverture<\/h2>\n\n\n\n<p><strong>Campus Civic<\/strong> : Aile B, 3\u1d49 \u00e9tage, 24 heures sur 24, 7 jours sur 7<br><strong>Campus G\u00e9n\u00e9ral<\/strong> : Aile des soins critiques, 1er \u00e9tage, 24 heures sur 24, 7 jours sur 7<br><strong>Campus Riverside<\/strong> : Salles d\u2019op\u00e9ration principales, du lundi au vendredi, de 8 h 00 \u00e0 17 h 00<\/p>\n","protected":false},"excerpt":{"rendered":"<p>Aper\u00e7u L\u2019Unit\u00e9 de soins postanesth\u00e9siques accueille les patients pour leur permettre de r\u00e9cup\u00e9rer en toute s\u00e9curit\u00e9 \u00e0 la suite d\u2019une chirurgie qui a n\u00e9cessit\u00e9 une anesth\u00e9sie. La dur\u00e9e du s\u00e9jour \u00e0 l\u2019USPA d\u00e9pend de plusieurs facteurs, notamment le type d\u2019anesth\u00e9sie utilis\u00e9e (g\u00e9n\u00e9rale, r\u00e9gionale, locale ou s\u00e9dation), la nature et la dur\u00e9e de la chirurgie, ainsi [&hellip;]<\/p>\n","protected":false},"author":25,"featured_media":0,"parent":10518,"menu_order":7,"comment_status":"closed","ping_status":"closed","template":"","meta":{"_acf_changed":false,"_mc_calendar":[],"footnotes":""},"class_list":["post-10601","page","type-page","status-publish","hentry"],"acf":[],"wps_subtitle":"","_links":{"self":[{"href":"https:\/\/www.ottawahospital.on.ca\/fr\/wp-json\/wp\/v2\/pages\/10601","targetHints":{"allow":["GET"]}}],"collection":[{"href":"https:\/\/www.ottawahospital.on.ca\/fr\/wp-json\/wp\/v2\/pages"}],"about":[{"href":"https:\/\/www.ottawahospital.on.ca\/fr\/wp-json\/wp\/v2\/types\/page"}],"author":[{"embeddable":true,"href":"https:\/\/www.ottawahospital.on.ca\/fr\/wp-json\/wp\/v2\/users\/25"}],"replies":[{"embeddable":true,"href":"https:\/\/www.ottawahospital.on.ca\/fr\/wp-json\/wp\/v2\/comments?post=10601"}],"version-history":[{"count":0,"href":"https:\/\/www.ottawahospital.on.ca\/fr\/wp-json\/wp\/v2\/pages\/10601\/revisions"}],"up":[{"embeddable":true,"href":"https:\/\/www.ottawahospital.on.ca\/fr\/wp-json\/wp\/v2\/pages\/10518"}],"wp:attachment":[{"href":"https:\/\/www.ottawahospital.on.ca\/fr\/wp-json\/wp\/v2\/media?parent=10601"}],"curies":[{"name":"wp","href":"https:\/\/api.w.org\/{rel}","templated":true}]}}