{"id":10589,"date":"2016-11-25T15:00:24","date_gmt":"2016-11-25T20:00:24","guid":{"rendered":"http:\/\/52.229.122.34\/fr\/?page_id=10589"},"modified":"2016-11-25T15:00:24","modified_gmt":"2016-11-25T20:00:24","slug":"colposcopie","status":"publish","type":"page","link":"https:\/\/www.ottawahospital.on.ca\/fr\/services-cliniques\/deptpgrmcs\/programmes\/programme-de-cancerologie\/professionnels-de-la-sante\/referer-un-patient\/depistage-du-cancer\/colposcopie\/","title":{"rendered":"Colposcopie"},"content":{"rendered":"<h2><em>Demande de colposcopie pour un patient au Centre de sant\u00e9 pour les femmes Shirley-E.-Greenberg :<\/em><\/h2>\n<p><strong>Envoyez la demande de services par t\u00e9l\u00e9copieur au<\/strong> 613-738-8230<\/p>\n<p><strong>Appelez-nous au<\/strong> 613-738-8400, poste 81725<\/p>\n","protected":false},"excerpt":{"rendered":"<p>Demande de colposcopie pour un patient au Centre de sant\u00e9 pour les femmes Shirley-E.-Greenberg : Envoyez la demande de services par t\u00e9l\u00e9copieur au 613-738-8230 Appelez-nous au 613-738-8400, poste 81725<\/p>\n","protected":false},"author":25,"featured_media":0,"parent":10577,"menu_order":1,"comment_status":"closed","ping_status":"closed","template":"","meta":{"_acf_changed":false,"_mc_calendar":[],"footnotes":""},"class_list":["post-10589","page","type-page","status-publish","hentry"],"acf":[],"wps_subtitle":"","_links":{"self":[{"href":"https:\/\/www.ottawahospital.on.ca\/fr\/wp-json\/wp\/v2\/pages\/10589","targetHints":{"allow":["GET"]}}],"collection":[{"href":"https:\/\/www.ottawahospital.on.ca\/fr\/wp-json\/wp\/v2\/pages"}],"about":[{"href":"https:\/\/www.ottawahospital.on.ca\/fr\/wp-json\/wp\/v2\/types\/page"}],"author":[{"embeddable":true,"href":"https:\/\/www.ottawahospital.on.ca\/fr\/wp-json\/wp\/v2\/users\/25"}],"replies":[{"embeddable":true,"href":"https:\/\/www.ottawahospital.on.ca\/fr\/wp-json\/wp\/v2\/comments?post=10589"}],"version-history":[{"count":0,"href":"https:\/\/www.ottawahospital.on.ca\/fr\/wp-json\/wp\/v2\/pages\/10589\/revisions"}],"up":[{"embeddable":true,"href":"https:\/\/www.ottawahospital.on.ca\/fr\/wp-json\/wp\/v2\/pages\/10577"}],"wp:attachment":[{"href":"https:\/\/www.ottawahospital.on.ca\/fr\/wp-json\/wp\/v2\/media?parent=10589"}],"curies":[{"name":"wp","href":"https:\/\/api.w.org\/{rel}","templated":true}]}}