{"id":10572,"date":"2016-11-25T14:53:50","date_gmt":"2016-11-25T19:53:50","guid":{"rendered":"http:\/\/52.229.122.34\/fr\/?page_id=10572"},"modified":"2022-02-11T04:54:21","modified_gmt":"2022-02-11T09:54:21","slug":"unite-de-medecine-hyperbare","status":"publish","type":"page","link":"https:\/\/www.ottawahospital.on.ca\/fr\/services-cliniques\/deptpgrmcs\/departements\/anesthesiologie\/unite-de-medecine-hyperbare\/","title":{"rendered":"Unit\u00e9 de m\u00e9decine hyperbare"},"content":{"rendered":"<p><img decoding=\"async\" class=\"alignnone size-full wp-image-70534\" src=\"https:\/\/www.ottawahospital.on.ca\/wp-content\/uploads\/2022\/02\/Hyperbaric-GEN2.jpg\" alt=\"Hyperbaric \" width=\"770\" height=\"330\" srcset=\"https:\/\/www.ottawahospital.on.ca\/wp-content\/uploads\/2022\/02\/Hyperbaric-GEN2.jpg 770w, https:\/\/www.ottawahospital.on.ca\/wp-content\/uploads\/2022\/02\/Hyperbaric-GEN2-600x257.jpg 600w, https:\/\/www.ottawahospital.on.ca\/wp-content\/uploads\/2022\/02\/Hyperbaric-GEN2-300x129.jpg 300w, https:\/\/www.ottawahospital.on.ca\/wp-content\/uploads\/2022\/02\/Hyperbaric-GEN2-768x329.jpg 768w\" sizes=\"(max-width: 770px) 100vw, 770px\" \/><\/p>\n<div class=\"text-box-bkg\">\n<p>Un traitement hyperbare est un traitement administr\u00e9 dans un environnement o\u00f9 la pression de l\u2019air est \u00e9lev\u00e9e. Pour ce faire, on utilise une chambre cylindrique en acier, r\u00e9sistante \u00e0 la pression, \u00e0 l\u2019int\u00e9rieur de laquelle l\u2019air est comprim\u00e9.<\/p>\n<p><a class=\"read-more\" href=\"\/fr\/services-cliniques\/deptpgrmcs\/departements\/anesthesiologie\/unite-de-medecine-hyperbare\/a-propos-de-nous\/\">\u00bb En savoir plus<\/a><\/p>\n<\/div>\n<div class=\"card\">\n<h2 class=\"card-header h2-mock\">Coordonn\u00e9es<\/h2>\n<div class=\"card-body\">\n<p><strong>Lieu : <\/strong>Campus G\u00e9n\u00e9ral, 2e \u00e9tage, salle M2392<\/p>\n<hr \/>\n<p><strong>Heures d\u2019ouverture :<\/strong> Du lundi au vendredi, de 7 h \u00e0 15 h<br \/>Ligne t\u00e9l\u00e9phonique directe : 613 737-8966<br \/>T\u00e9l\u00e9copieur : 613 737-8965<\/p>\n<hr \/>\n<p>Pour une question non urgente, veuillez appeler pendant les heures d\u2019ouverture.<\/p>\n<p>En cas d\u2019urgence en dehors des heures d\u2019ouverture, pr\u00e9sentez-vous \u00e0 l\u2019Urgence la plus proche.<\/p>\n<p>Pour une demande de consultation urgente, en dehors des heures d\u2019ouverture, appelez CRITICALL Ontario au 1 800 668-4357.<\/p>\n<\/div>\n<\/div>\n\n\n<p><\/p>\n","protected":false},"excerpt":{"rendered":"<p>Un traitement hyperbare est un traitement administr\u00e9 dans un environnement o\u00f9 la pression de l\u2019air est \u00e9lev\u00e9e. Pour ce faire, on utilise une chambre cylindrique en acier, r\u00e9sistante \u00e0 la pression, \u00e0 l\u2019int\u00e9rieur de laquelle l\u2019air est comprim\u00e9. \u00bb En savoir plus Coordonn\u00e9es Lieu : Campus G\u00e9n\u00e9ral, 2e \u00e9tage, salle M2392 Heures d\u2019ouverture : Du [&hellip;]<\/p>\n","protected":false},"author":25,"featured_media":0,"parent":10518,"menu_order":5,"comment_status":"closed","ping_status":"closed","template":"","meta":{"_acf_changed":false,"_mc_calendar":[],"footnotes":""},"class_list":["post-10572","page","type-page","status-publish","hentry"],"acf":[],"wps_subtitle":"","_links":{"self":[{"href":"https:\/\/www.ottawahospital.on.ca\/fr\/wp-json\/wp\/v2\/pages\/10572","targetHints":{"allow":["GET"]}}],"collection":[{"href":"https:\/\/www.ottawahospital.on.ca\/fr\/wp-json\/wp\/v2\/pages"}],"about":[{"href":"https:\/\/www.ottawahospital.on.ca\/fr\/wp-json\/wp\/v2\/types\/page"}],"author":[{"embeddable":true,"href":"https:\/\/www.ottawahospital.on.ca\/fr\/wp-json\/wp\/v2\/users\/25"}],"replies":[{"embeddable":true,"href":"https:\/\/www.ottawahospital.on.ca\/fr\/wp-json\/wp\/v2\/comments?post=10572"}],"version-history":[{"count":0,"href":"https:\/\/www.ottawahospital.on.ca\/fr\/wp-json\/wp\/v2\/pages\/10572\/revisions"}],"up":[{"embeddable":true,"href":"https:\/\/www.ottawahospital.on.ca\/fr\/wp-json\/wp\/v2\/pages\/10518"}],"wp:attachment":[{"href":"https:\/\/www.ottawahospital.on.ca\/fr\/wp-json\/wp\/v2\/media?parent=10572"}],"curies":[{"name":"wp","href":"https:\/\/api.w.org\/{rel}","templated":true}]}}