{"id":10552,"date":"2016-11-25T14:45:53","date_gmt":"2016-11-25T19:45:53","guid":{"rendered":"http:\/\/52.229.122.34\/fr\/?page_id=10552"},"modified":"2016-12-30T09:02:38","modified_gmt":"2016-12-30T14:02:38","slug":"referer-un-patient","status":"publish","type":"page","link":"https:\/\/www.ottawahospital.on.ca\/fr\/services-cliniques\/deptpgrmcs\/programmes\/programme-de-cancerologie\/professionnels-de-la-sante\/referer-un-patient\/","title":{"rendered":"R\u00e9f\u00e9rer un patient"},"content":{"rendered":"<h2>R\u00e9f\u00e9rer un patient<\/h2>\n<ul>\n<li><a href=\"\/fr\/services-cliniques\/deptpgrmcs\/programmes\/programme-de-cancerologie\/professionnels-de-la-sante\/referer-un-patient\/depistage-du-cancer\/\">D\u00e9pistage du cancer<\/a><\/li>\n<li><a href=\"\/fr\/services-cliniques\/deptpgrmcs\/programmes\/programme-de-cancerologie\/professionnels-de-la-sante\/referer-un-patient\/cancer-soupconne\/\">Cancer soup\u00e7onn\u00e9<\/a><\/li>\n<li><a href=\"\/fr\/services-cliniques\/deptpgrmcs\/programmes\/programme-de-cancerologie\/professionnels-de-la-sante\/referer-un-patient\/cancer-soupconne\/demande-de-services-diagnostic-confirme-de-cancer\/\">Diagnostic de cancer confirm\u00e9<\/a><\/li>\n<\/ul>\n","protected":false},"excerpt":{"rendered":"<p>R\u00e9f\u00e9rer un patient D\u00e9pistage du cancer Cancer soup\u00e7onn\u00e9 Diagnostic de cancer confirm\u00e9<\/p>\n","protected":false},"author":25,"featured_media":0,"parent":10536,"menu_order":1,"comment_status":"closed","ping_status":"closed","template":"","meta":{"_acf_changed":false,"_mc_calendar":[],"footnotes":""},"class_list":["post-10552","page","type-page","status-publish","hentry"],"acf":[],"wps_subtitle":"","_links":{"self":[{"href":"https:\/\/www.ottawahospital.on.ca\/fr\/wp-json\/wp\/v2\/pages\/10552","targetHints":{"allow":["GET"]}}],"collection":[{"href":"https:\/\/www.ottawahospital.on.ca\/fr\/wp-json\/wp\/v2\/pages"}],"about":[{"href":"https:\/\/www.ottawahospital.on.ca\/fr\/wp-json\/wp\/v2\/types\/page"}],"author":[{"embeddable":true,"href":"https:\/\/www.ottawahospital.on.ca\/fr\/wp-json\/wp\/v2\/users\/25"}],"replies":[{"embeddable":true,"href":"https:\/\/www.ottawahospital.on.ca\/fr\/wp-json\/wp\/v2\/comments?post=10552"}],"version-history":[{"count":0,"href":"https:\/\/www.ottawahospital.on.ca\/fr\/wp-json\/wp\/v2\/pages\/10552\/revisions"}],"up":[{"embeddable":true,"href":"https:\/\/www.ottawahospital.on.ca\/fr\/wp-json\/wp\/v2\/pages\/10536"}],"wp:attachment":[{"href":"https:\/\/www.ottawahospital.on.ca\/fr\/wp-json\/wp\/v2\/media?parent=10552"}],"curies":[{"name":"wp","href":"https:\/\/api.w.org\/{rel}","templated":true}]}}