{"id":10539,"date":"2016-11-25T14:42:21","date_gmt":"2016-11-25T19:42:21","guid":{"rendered":"http:\/\/52.229.122.34\/fr\/?page_id=10539"},"modified":"2025-05-13T15:54:30","modified_gmt":"2025-05-13T19:54:30","slug":"service-de-controle-de-la-douleur-aigue","status":"publish","type":"page","link":"https:\/\/www.ottawahospital.on.ca\/fr\/services-cliniques\/deptpgrmcs\/departements\/anesthesiologie\/service-de-controle-de-la-douleur-aigue\/","title":{"rendered":"Service de contr\u00f4le de la douleur aigu\u00eb"},"content":{"rendered":"\n<h2 class=\"wp-block-heading\"><strong>Aper\u00e7u<\/strong><\/h2>\n\n\n\n<p>Le Service de gestion de la douleur aigu\u00eb (SGDA) du D\u00e9partement d\u2019anesth\u00e9siologie et de m\u00e9decine de la douleur (DAMP) de L\u2019H\u00f4pital d\u2019Ottawa (L\u2019HO) est l\u2019un des rares services sp\u00e9cialis\u00e9s offrant un soutien aux patients hospitalis\u00e9s \u00e9prouvant de la douleur ou ayant des besoins complexes en analg\u00e9sie. Les autres services comprennent les Soins palliatifs, le Programme de traitement des d\u00e9pendances et la Clinique de la douleur du Centre de r\u00e9adaptation.<\/p>\n\n\n\n<p>Le programme de SGDA de L\u2019HO, dirig\u00e9 par des anesth\u00e9siologistes, a \u00e9t\u00e9 lanc\u00e9 en 1990. Il a \u00e9t\u00e9 l\u2019un des premiers du genre \u00e0 \u00eatre \u00e9tabli au Canada et n\u2019a cess\u00e9 de cro\u00eetre pour mieux servir notre population.<br>Notre programme assure une couverture consultative en douleur aigu\u00eb aux campus Civic et G\u00e9n\u00e9ral pour les patients hospitalis\u00e9s pr\u00e9sentant des besoins en gestion de douleur aigu\u00eb et complexe.<\/p>\n\n\n\n<h2 class=\"wp-block-heading\">Nos services<\/h2>\n\n\n\n<p>Le Service de gestion de la douleur aigu\u00eb (SGDA) assure le contr\u00f4le de la douleur en cas de douleur aigu\u00eb apr\u00e8s une chirurgie majeure ou un traumatisme chez les patients hospitalis\u00e9s.<\/p>\n\n\n\n<p>Le SGDA peut proposer des modalit\u00e9s avanc\u00e9es de gestion de la douleur telles que :<\/p>\n\n\n\n<ul class=\"wp-block-list\">\n<li>l\u2019analg\u00e9sie intraveineuse contr\u00f4l\u00e9e par le patient (IV PCA) avec opio\u00efdes,<\/li>\n\n\n\n<li>les perfusions \u00e9pidurales continues,<\/li>\n\n\n\n<li>les perfusions intraveineuses de lidoca\u00efne ou de k\u00e9tamine,<\/li>\n\n\n\n<li>les blocs nerveux avec perfusions continues d\u2019anesth\u00e9siques locaux.<\/li>\n<\/ul>\n\n\n\n<p>Nous offrons \u00e9galement une expertise en analg\u00e9sie orale multimodale avanc\u00e9e et nous continuons d\u2019\u00e9largir notre utilisation de protocoles de soins pour des pr\u00e9sentations cliniques courantes (p. ex. fractures de c\u00f4tes, fractures de la hanche, amputations de membres inf\u00e9rieurs).<\/p>\n\n\n\n<h2 class=\"wp-block-heading\">Notre \u00e9quipe<\/h2>\n\n\n\n<ul class=\"wp-block-list\">\n<li><strong>Dre Sarah Tierney<\/strong> \u2013 Directrice m\u00e9dicale corporative du Service de gestion de la douleur aigu\u00eb de L\u2019H\u00f4pital d\u2019Ottawa<\/li>\n\n\n\n<li><strong>Jennifer Taylor<\/strong> \u2013 B.Sc.Inf., M.Ed., infirmi\u00e8re praticienne sp\u00e9cialis\u00e9e, SGDA de L\u2019HO<\/li>\n\n\n\n<li><strong>Julie-Anne Houle<\/strong> et <strong>Allison Wall<\/strong> \u2013 B.Sc.Inf., infirmi\u00e8res autoris\u00e9es, SGDA de L\u2019HO<\/li>\n\n\n\n<li><strong>Dre Sarah Tierney<\/strong> \u2013 Responsable m\u00e9dicale du campus Civic, Service de gestion de la douleur aigu\u00eb<\/li>\n\n\n\n<li><strong>Dre Catherine Smyth<\/strong> \u2013 Responsable m\u00e9dicale du campus G\u00e9n\u00e9ral, Service de gestion de la douleur aigu\u00eb<\/li>\n<\/ul>\n\n\n\n<p>Le D\u00e9partement d\u2019anesth\u00e9siologie et de m\u00e9decine de la douleur des campus Civic et G\u00e9n\u00e9ral dispose d\u2019un groupe de m\u00e9decins ayant une sous-sp\u00e9cialit\u00e9 en contr\u00f4le de la douleur aigu\u00eb. Ils assurent une rotation hebdomadaire au sein du SCDA. Notre \u00e9quipe infirmi\u00e8re d\u00e9vou\u00e9e, poss\u00e9dant une expertise avanc\u00e9e en gestion de la douleur, assure une couverture continue pendant la semaine.<\/p>\n\n\n\n<h2 class=\"wp-block-heading\">Pour recommander un patient au SCDA\u2026<\/h2>\n\n\n\n<p>Les patients sont vus par le SGDA uniquement par r\u00e9f\u00e9rence.<\/p>\n\n\n\n<p>Il faut envoyer une recommandation pour chaque patient qui requiert nos services. Un patient souffrant de douleur chronique ou ayant des ant\u00e9c\u00e9dents significatifs de consommation d\u2019opio\u00efdes, et devant subir une chirurgie importante, devrait id\u00e9alement \u00eatre dirig\u00e9 vers l\u2019unit\u00e9 de pr\u00e9-\u00e9valuation du D\u00e9partement d\u2019anesth\u00e9siologie afin qu\u2019un plan personnalis\u00e9 de gestion de la douleur p\u00e9ri-op\u00e9ratoire soit \u00e9labor\u00e9.<\/p>\n\n\n\n<p>Le SCDA peut aussi \u00eatre consult\u00e9 pour aider \u00e0 g\u00e9rer la douleur de patients ayant subi un traumatisme, n\u00e9cessitant une analg\u00e9sie proc\u00e9durale, souffrant de douleur postop\u00e9ratoire persistante ou de patients non chirurgicaux, lorsque le service traitant n\u2019a pas obtenu de r\u00e9sultats satisfaisants malgr\u00e9 une analg\u00e9sie multimodale orale standard. La demande doit \u00eatre faite directement par le m\u00e9decin traitant au SCDA. Nous encourageons fortement la communication directe par t\u00e9l\u00e9phone ou par EPIC.<\/p>\n","protected":false},"excerpt":{"rendered":"<p>Aper\u00e7u Le Service de gestion de la douleur aigu\u00eb (SGDA) du D\u00e9partement d\u2019anesth\u00e9siologie et de m\u00e9decine de la douleur (DAMP) de L\u2019H\u00f4pital d\u2019Ottawa (L\u2019HO) est l\u2019un des rares services sp\u00e9cialis\u00e9s offrant un soutien aux patients hospitalis\u00e9s \u00e9prouvant de la douleur ou ayant des besoins complexes en analg\u00e9sie. Les autres services comprennent les Soins palliatifs, le [&hellip;]<\/p>\n","protected":false},"author":25,"featured_media":0,"parent":10518,"menu_order":1,"comment_status":"closed","ping_status":"closed","template":"","meta":{"_acf_changed":false,"_mc_calendar":[],"footnotes":""},"class_list":["post-10539","page","type-page","status-publish","hentry"],"acf":[],"wps_subtitle":"","_links":{"self":[{"href":"https:\/\/www.ottawahospital.on.ca\/fr\/wp-json\/wp\/v2\/pages\/10539","targetHints":{"allow":["GET"]}}],"collection":[{"href":"https:\/\/www.ottawahospital.on.ca\/fr\/wp-json\/wp\/v2\/pages"}],"about":[{"href":"https:\/\/www.ottawahospital.on.ca\/fr\/wp-json\/wp\/v2\/types\/page"}],"author":[{"embeddable":true,"href":"https:\/\/www.ottawahospital.on.ca\/fr\/wp-json\/wp\/v2\/users\/25"}],"replies":[{"embeddable":true,"href":"https:\/\/www.ottawahospital.on.ca\/fr\/wp-json\/wp\/v2\/comments?post=10539"}],"version-history":[{"count":0,"href":"https:\/\/www.ottawahospital.on.ca\/fr\/wp-json\/wp\/v2\/pages\/10539\/revisions"}],"up":[{"embeddable":true,"href":"https:\/\/www.ottawahospital.on.ca\/fr\/wp-json\/wp\/v2\/pages\/10518"}],"wp:attachment":[{"href":"https:\/\/www.ottawahospital.on.ca\/fr\/wp-json\/wp\/v2\/media?parent=10539"}],"curies":[{"name":"wp","href":"https:\/\/api.w.org\/{rel}","templated":true}]}}