{"id":10536,"date":"2016-11-25T14:42:16","date_gmt":"2016-11-25T19:42:16","guid":{"rendered":"http:\/\/52.229.122.34\/fr\/?page_id=10536"},"modified":"2019-12-17T12:01:21","modified_gmt":"2019-12-17T17:01:21","slug":"professionnels-de-la-sante","status":"publish","type":"page","link":"https:\/\/www.ottawahospital.on.ca\/fr\/services-cliniques\/deptpgrmcs\/programmes\/programme-de-cancerologie\/professionnels-de-la-sante\/","title":{"rendered":"Professionnels de la sant\u00e9"},"content":{"rendered":"<p>Le Programme de canc\u00e9rologie de L\u2019H\u00f4pital d\u2019Ottawa offre de nombreuses ressources aux professionnels de la sant\u00e9. Cliquez sur les liens ci-dessous pour y acc\u00e9der.<\/p>\n<p><a class=\"marginbottom10 marginright10 btn-blue\" href=\"\/fr\/services-cliniques\/deptpgrmcs\/programmes\/programme-de-cancerologie\/professionnels-de-la-sante\/referer-un-patient\/\">R\u00e9f\u00e9rer un patient<\/a><br class=\"margintop30 clearblock visible-mobile\"><a class=\"marginbottom10 marginright10 btn-blue\" href=\"\/fr\/career-opportunities\/\">Carri\u00e8res<\/a><\/p>\n","protected":false},"excerpt":{"rendered":"<p>Le Programme de canc\u00e9rologie de L\u2019H\u00f4pital d\u2019Ottawa offre de nombreuses ressources aux professionnels de la sant\u00e9. Cliquez sur les liens ci-dessous pour y acc\u00e9der. R\u00e9f\u00e9rer un patientCarri\u00e8res<\/p>\n","protected":false},"author":25,"featured_media":0,"parent":8806,"menu_order":6,"comment_status":"closed","ping_status":"closed","template":"","meta":{"_acf_changed":false,"_mc_calendar":[],"footnotes":""},"class_list":["post-10536","page","type-page","status-publish","hentry"],"acf":[],"wps_subtitle":"","_links":{"self":[{"href":"https:\/\/www.ottawahospital.on.ca\/fr\/wp-json\/wp\/v2\/pages\/10536","targetHints":{"allow":["GET"]}}],"collection":[{"href":"https:\/\/www.ottawahospital.on.ca\/fr\/wp-json\/wp\/v2\/pages"}],"about":[{"href":"https:\/\/www.ottawahospital.on.ca\/fr\/wp-json\/wp\/v2\/types\/page"}],"author":[{"embeddable":true,"href":"https:\/\/www.ottawahospital.on.ca\/fr\/wp-json\/wp\/v2\/users\/25"}],"replies":[{"embeddable":true,"href":"https:\/\/www.ottawahospital.on.ca\/fr\/wp-json\/wp\/v2\/comments?post=10536"}],"version-history":[{"count":0,"href":"https:\/\/www.ottawahospital.on.ca\/fr\/wp-json\/wp\/v2\/pages\/10536\/revisions"}],"up":[{"embeddable":true,"href":"https:\/\/www.ottawahospital.on.ca\/fr\/wp-json\/wp\/v2\/pages\/8806"}],"wp:attachment":[{"href":"https:\/\/www.ottawahospital.on.ca\/fr\/wp-json\/wp\/v2\/media?parent=10536"}],"curies":[{"name":"wp","href":"https:\/\/api.w.org\/{rel}","templated":true}]}}