{"id":10518,"date":"2016-11-25T14:34:06","date_gmt":"2016-11-25T19:34:06","guid":{"rendered":"http:\/\/52.229.122.34\/fr\/?page_id=10518"},"modified":"2025-07-02T12:19:07","modified_gmt":"2025-07-02T16:19:07","slug":"anesthesiologie","status":"publish","type":"page","link":"https:\/\/www.ottawahospital.on.ca\/fr\/services-cliniques\/deptpgrmcs\/departements\/anesthesiologie\/","title":{"rendered":"Anesth\u00e9siologie"},"content":{"rendered":"\n<h2 class=\"wp-block-heading\">Nous recrutons des anesth\u00e9siologistes \u2013 discutons ensemble<\/h2>\n\n\n\n<h3 class=\"wp-block-heading\"><a href=\"https:\/\/forms.office.com\/pages\/responsepage.aspx?id=tkGbhQ8TE02mkx_-xOfLWsGxeC8nu2FJnqPMtyCKl35UNTQ5QkVDS1E4V1JOUE41RVI0UUVNUklJWS4u&amp;route=shorturl\" onclick=\"new Image().src='https:\/\/insight.adsrvr.org\/track\/pxl\/?adv=6lt9189&amp;ct=0:ov1jp63&amp;fmt=3';\">Commencez ici! Remplissez ce formulaire pour entrer en contact avec notre \u00e9quipe.<\/a><\/h3>\n\n\n\n<p>Un membre de notre \u00e9quipe communiquera avec vous pour discuter des possibilit\u00e9s actuelles, r\u00e9pondre \u00e0 vos questions et voir si L\u2019H\u00f4pital d\u2019Ottawa pourrait \u00eatre le bon choix pour vous.<\/p>\n\n\n\n<p><strong>Remarque\u00a0: Il est possible de visionner la vid\u00e9o en anglais seulement.<\/strong><\/p>\n\n\n\n<div style=\"height:20px\" aria-hidden=\"true\" class=\"wp-block-spacer\"><\/div>\n\n\n\n<div id=\"video-container\" style=\"position: relative; width: 600px; height: 350px;\">\n  <a id=\"play-button\" href=\"javascript:void(0);\">\n    <img decoding=\"async\" src=\"https:\/\/img.youtube.com\/vi\/dqN_g27Tihs\/hqdefault.jpg\" alt=\"Video thumbnail\" width=\"600\" height=\"350\">\n    <div style=\"position:absolute;top:50%;left:50%;transform:translate(-50%,-50%);font-size:60px;color:white;background:rgba(0,0,0,0.6);padding:10px 20px;border-radius:50%;\">\n      \u25b6\n    <\/div>\n  <\/a>\n<\/div>\n\n<script>\n  document.addEventListener(\"DOMContentLoaded\", function () {\n    var playBtn = document.getElementById(\"play-button\");\n    playBtn.addEventListener(\"click\", function () {\n      \/\/ Fire tracking pixel\n      new Image().src = \"https:\/\/insight.adsrvr.org\/track\/pxl\/?adv=6lt9189&ct=0:ekud8f9&fmt=3\";\n\n      \/\/ Replace thumbnail with YouTube embed\n      document.getElementById(\"video-container\").innerHTML =\n        '<iframe width=\"600\" height=\"350\" src=\"https:\/\/www.youtube.com\/embed\/dqN_g27Tihs?autoplay=1&#038;mute=1\" frameborder=\"0\" allow=\"autoplay; encrypted-media\" allowfullscreen><\/iframe>';\n    });\n  });\n<\/script>\n\n\n\n<div style=\"height:50px\" aria-hidden=\"true\" class=\"wp-block-spacer\"><\/div>\n\n\n\n<p>Le D\u00e9partement d\u2019anesth\u00e9siologie de L\u2019H\u00f4pital d\u2019Ottawa regroupe des m\u00e9decins, <strong>des assistant en anesth\u00e9sie, des th\u00e9rapeutes respiratoires,<\/strong> des infirmi\u00e8res, d\u2019autres professionnels de la sant\u00e9 et des employ\u00e9s de soutien dynamiques qui ont \u00e0 c\u0153ur de fournir les meilleurs soins possibles aux patients qui ont besoin d\u2019une anesth\u00e9sie et de soins p\u00e9ri-op\u00e9ratoires.<\/p>\n\n\n\n<p>Nous offrons une vaste gamme de services p\u00e9riop\u00e9ratoires \u00e0 l\u2019H\u00f4pital d\u2019Ottawa. Vous pourrez nous voir au bloc op\u00e9ratoire et dans la salle de r\u00e9veil (USP), dans l\u2019Unit\u00e9 des naissances et dans les unit\u00e9s de maternit\u00e9. Nous sommes \u00e9galement pr\u00e9sents \u00e0 l\u2019Unit\u00e9 de pr\u00e9admission (UPA) pour pr\u00e9parer les patients \u00e0 leur chirurgie, ainsi que sur les unit\u00e9s d\u2019hospitalisation pour traiter la douleur postop\u00e9ratoire et d\u2019autres types de douleur par l\u2019interm\u00e9diaire du Service de gestion de la douleur aigu\u00eb. Nous accueillons des patients dans des cliniques de douleur chronique. Pour les patients atteints de cancers complexes, nous assurons conjointement, avec les soins palliatifs, la Clinique de Douleur Complexe li\u00e9e au cancer. Vous nous trouverez \u00e9galement dans les unit\u00e9s de soins intensifs, l\u2019Unit\u00e9 Hyperbare, et nous administrons des soins anesth\u00e9siques dans des sites \u00e9loign\u00e9s, tant en endoscopie que dans les salles de radiologie. Nous vous accompagnons lors de vos moments les plus critiques.<\/p>\n\n\n\n<p>Chaque jour, nous nous effor\u00e7ons de maintenir les normes acad\u00e9miques les plus \u00e9lev\u00e9es dans notre pratique. Nous formons les futurs anesth\u00e9siologistes gr\u00e2ce \u00e0 notre affiliation avec la Facult\u00e9 de m\u00e9decine de l\u2019Universit\u00e9 d\u2019Ottawa et nous participons activement au programme de premier cycle de la facult\u00e9 de m\u00e9decine. M\u00eame si notre programme de r\u00e9sidence est d\u00e9j\u00e0 tr\u00e8s estim\u00e9 par les r\u00e9sidents et les consultants en anesth\u00e9siologie au Canada, nous nous effor\u00e7ons toujours d\u2019am\u00e9liorer la formation des r\u00e9sidents. Les bourses de subspecialit\u00e9 propos\u00e9es par notre d\u00e9partement sont tr\u00e8s recherch\u00e9es, l\u2019accent \u00e9tant toujours mis sur l\u2019\u00e9ducation de nos boursiers. Veuillez consulter les sites web respectifs : <a href=\"https:\/\/www.uottawa.ca\/faculte-medecine\/anesthesiologie\" target=\"_blank\" rel=\"noreferrer noopener\">Anesthesiologie <\/a>and <a href=\"https:\/\/www.uottawa.ca\/faculte-medecine\/anesthesiologie\/education-et-formation\/fellowships-anesthesiologie\" target=\"_blank\" rel=\"noreferrer noopener\">Fellowships Anesthesiologie<\/a>.<\/p>\n\n\n\n<p>Nous nous effor\u00e7ons d\u2019am\u00e9liorer notre pratique en participant activement \u00e0 des recherches en anesth\u00e9siologie, particuli\u00e8rement \u00e0 des recherches sur les soins prodigu\u00e9s aux personnes \u00e2g\u00e9es, en cardiologie p\u00e9ri-op\u00e9ratoire et en neurologie p\u00e9ri-op\u00e9ratoire, sur l\u2019am\u00e9lioration du contr\u00f4le de la douleur, sur la pr\u00e9vention de la douleur chronique, sur l\u2019innovation dans le domaine de la s\u00e9curit\u00e9 des patients et sur l\u2019enseignement par la simulation.<\/p>\n\n\n\n<p>Nous sommes fiers de participer activement au plus gros centre de simulation clinique au Canada, le Centre de comp\u00e9tences et <a href=\"https:\/\/uossc.ca\" target=\"_blank\" rel=\"noreferrer noopener\">de simulation de l\u2019Universit\u00e9 d\u2019Ottawa<\/a>, fruit de la collaboration entre L\u2019H\u00f4pital d\u2019Ottawa et l\u2019Universit\u00e9 d\u2019Ottawa. Pour en savoir plus sur le Centre, rendez-vous \u00e0 l\u2019adresse.<\/p>\n\n\n\n<h2 class=\"wp-block-heading\">Sites du D\u00e9partement<\/h2>\n\n\n\n<p><strong>L\u2019H\u00f4pital d\u2019Ottawa<\/strong><\/p>\n\n\n\n<ul class=\"wp-block-list\">\n<li>Campus Civic<\/li>\n\n\n\n<li>Campus G\u00e9n\u00e9ral<\/li>\n\n\n\n<li>Campus&nbsp;Riverside<\/li>\n<\/ul>\n\n\n\n<p><a href=\"https:\/\/www.uottawa.ca\/faculte-medecine\/anesthesiologie\/education-et-formation\/anesthesiologie-troisieme-cycle\" target=\"_blank\" rel=\"noreferrer noopener\"><strong>Programme de r\u00e9sidence<\/strong><\/a><strong><br><\/strong><a href=\"https:\/\/www.uottawa.ca\/faculte-medecine\/anesthesiologie\/education-et-formation\/bourses-etudes\" target=\"_blank\" rel=\"noreferrer noopener\"><strong>Programme de sursp\u00e9cialisation<\/strong><\/a><strong><br><\/strong><a href=\"https:\/\/www.uottawa.ca\/faculte-medecine\/anesthesiologie\/education-et-formation\/anesthesiologie-premier-cycle\" target=\"_blank\" rel=\"noreferrer noopener\"><strong>Programme d\u2019anesth\u00e9siologie de 1er cycle<\/strong><\/a><strong><br><\/strong><a href=\"https:\/\/www.uottawa.ca\/faculte-medecine\/anesthesiologie\/recherche\/vue-d-ensemble\" target=\"_blank\" rel=\"noreferrer noopener\"><strong>Recherche en anesth\u00e9siologie<\/strong><\/a><\/p>\n\n\n\n<h2 class=\"wp-block-heading\">D\u00e9partement d\u2019anesth\u00e9siologie et de m\u00e9decine de la douleur<\/h2>\n\n\n\n<p><strong>Campus Civic de L\u2019H\u00f4pital d\u2019Ottawa<\/strong><\/p>\n\n\n\n<p>1053, avenue Carling, Ottawa (Ontario) Canada, K1Y 4E9 (Bo\u00eete 249)<\/p>\n\n\n\n<p>T\u00e9l. 613-761-4169<\/p>\n\n\n\n<p>T\u00e9l\u00e9c. 613-761-5209<\/p>\n\n\n\n<p><strong>Campus G\u00e9n\u00e9ral de L\u2019H\u00f4pital d\u2019Ottawa<\/strong><\/p>\n\n\n\n<p>501, chemin Smyth, CCW1401, Ottawa (Ontario) Canada, K1H 8L6 (Bo\u00eete 249)<\/p>\n\n\n\n<p>T\u00e9l. 613-737-8187<\/p>\n\n\n\n<p>T\u00e9l\u00e9c. 613-737-8189<\/p>\n","protected":false},"excerpt":{"rendered":"<p>Nous recrutons des anesth\u00e9siologistes \u2013 discutons ensemble Commencez ici! Remplissez ce formulaire pour entrer en contact avec notre \u00e9quipe. Un membre de notre \u00e9quipe communiquera avec vous pour discuter des possibilit\u00e9s actuelles, r\u00e9pondre \u00e0 vos questions et voir si L\u2019H\u00f4pital d\u2019Ottawa pourrait \u00eatre le bon choix pour vous. Remarque\u00a0: Il est possible de visionner la [&hellip;]<\/p>\n","protected":false},"author":25,"featured_media":0,"parent":7868,"menu_order":2,"comment_status":"closed","ping_status":"closed","template":"","meta":{"_acf_changed":false,"_mc_calendar":[],"footnotes":""},"class_list":["post-10518","page","type-page","status-publish","hentry"],"acf":[],"wps_subtitle":"","_links":{"self":[{"href":"https:\/\/www.ottawahospital.on.ca\/fr\/wp-json\/wp\/v2\/pages\/10518","targetHints":{"allow":["GET"]}}],"collection":[{"href":"https:\/\/www.ottawahospital.on.ca\/fr\/wp-json\/wp\/v2\/pages"}],"about":[{"href":"https:\/\/www.ottawahospital.on.ca\/fr\/wp-json\/wp\/v2\/types\/page"}],"author":[{"embeddable":true,"href":"https:\/\/www.ottawahospital.on.ca\/fr\/wp-json\/wp\/v2\/users\/25"}],"replies":[{"embeddable":true,"href":"https:\/\/www.ottawahospital.on.ca\/fr\/wp-json\/wp\/v2\/comments?post=10518"}],"version-history":[{"count":0,"href":"https:\/\/www.ottawahospital.on.ca\/fr\/wp-json\/wp\/v2\/pages\/10518\/revisions"}],"up":[{"embeddable":true,"href":"https:\/\/www.ottawahospital.on.ca\/fr\/wp-json\/wp\/v2\/pages\/7868"}],"wp:attachment":[{"href":"https:\/\/www.ottawahospital.on.ca\/fr\/wp-json\/wp\/v2\/media?parent=10518"}],"curies":[{"name":"wp","href":"https:\/\/api.w.org\/{rel}","templated":true}]}}