{"id":10501,"date":"2016-11-25T14:23:58","date_gmt":"2016-11-25T19:23:58","guid":{"rendered":"http:\/\/52.229.122.34\/fr\/?page_id=10501"},"modified":"2016-11-25T14:23:58","modified_gmt":"2016-11-25T19:23:58","slug":"pathologie-chirurgicale","status":"publish","type":"page","link":"https:\/\/www.ottawahospital.on.ca\/fr\/services-cliniques\/deptpgrmcs\/departements\/anatomo-pathologie\/pathologie-chirurgicale\/","title":{"rendered":"Pathologie chirurgicale"},"content":{"rendered":"<p>La Division de pathologie chirurgicale couvre un large \u00e9ventail de sous-sp\u00e9cialit\u00e9s chirurgicales, dont la pathologie des os et des tissus mous, l&rsquo;h\u00e9matopathologie, la pathologie des ganglions lymphatiques, la pathologie du sein, la pathologie cardiaque et pulmonaire, la pathologie vasculaire, la pathologie gastro-intestinale et h\u00e9patique, la pathologie gyn\u00e9cologique, la pathologie g\u00e9nito-urinaire et r\u00e9nale, la neuropathologie et la pathologie de la t\u00eate et du cou. La division poss\u00e8de aussi de l&rsquo;exp\u00e9rience en interpr\u00e9tation des tissus associ\u00e9s aux greffes.<\/p>\n<p>Nous \u00e9valuons les tissus solides pr\u00e9lev\u00e9s sur les patients pour diagnostiquer les maladies ou pathologies. Cette \u00e9valuation comprend g\u00e9n\u00e9ralement un examen \u00ab macroscopique \u00bb (c.-\u00e0-d. \u00e0 l&rsquo;\u0153il nu) ainsi qu&rsquo;un examen \u00ab microscopique \u00bb (c.-\u00e0-d. au microscope) en vue de poser un diagnostic clinique concernant toute maladie possible. En outre, la division recourt \u00e0 des m\u00e9thodes diagnostiques sp\u00e9ciales, comme l&rsquo;immunohistochimie, l&rsquo;hybridation in situ et la microscopie \u00e9lectronique, au besoin.<\/p>\n<p>Le pathologiste travaille en collaboration \u00e9troite avec votre m\u00e9decin et joue aupr\u00e8s de lui le r\u00f4le de conseiller en ce qui concerne les soins \u00e0 prodiguer.<\/p>\n<p>Nous offrons des services professionnels dans les domaines qui suivent, sans toutefois nous y limiter :<\/p>\n<h2>Pr\u00e9l\u00e8vements chirurgicaux<\/h2>\n<ul>\n<li>Pathologie du sein<\/li>\n<li>Pathologie cardiovasculaire<\/li>\n<li>Pathologie de la prostate<\/li>\n<li>Dermatopathologie<\/li>\n<li>Pathologie gastro-intestinale<\/li>\n<li>Pathologie gyn\u00e9cologique<\/li>\n<li>H\u00e9matopathologie (pathologie des ganglions lymphatiques)<\/li>\n<li>Neuropathologie<\/li>\n<li>Pathologie de la t\u00eate et du cou<\/li>\n<li>Pathologie des os et des tissus mous<\/li>\n<li>Uropathologie<\/li>\n<\/ul>\n<h2>Techniques sp\u00e9cialis\u00e9es en pathologie chirurgicale<\/h2>\n<ul>\n<li>Immunohistochimie<\/li>\n<li>Immunofluorescence<\/li>\n<li>Immunoph\u00e9notypage des tumeurs solides<\/li>\n<li>Immunoph\u00e9notypage des h\u00e9mopathies malignes<\/li>\n<li>Hybridation in situ en fluorescence (FISH)<\/li>\n<li>D\u00e9tection du HER-2\/neu<\/li>\n<li>R\u00e9cepteur d&rsquo;\u0153strog\u00e8ne\/r\u00e9cepteur de progest\u00e9rone<\/li>\n<li>Microscopie \u00e9lectronique (ME)<\/li>\n<\/ul>\n<p>La division accepte avec plaisir les demandes de consultation concernant l&rsquo;interpr\u00e9tation de mat\u00e9riel biopsique et d&rsquo;autre mat\u00e9riel d&rsquo;origine m\u00e9dicale et chirurgicale. Les demandes de consultation que re\u00e7oit la Division de pathologie chirurgicale sont tri\u00e9es en vue d&rsquo;\u00eatre achemin\u00e9es aux pathologistes poss\u00e9dant les connaissances sp\u00e9cialis\u00e9es et l&rsquo;exp\u00e9rience dans le domaine appropri\u00e9.<\/p>\n","protected":false},"excerpt":{"rendered":"<p>La Division de pathologie chirurgicale couvre un large \u00e9ventail de sous-sp\u00e9cialit\u00e9s chirurgicales, dont la pathologie des os et des tissus mous, l&rsquo;h\u00e9matopathologie, la pathologie des ganglions lymphatiques, la pathologie du sein, la pathologie cardiaque et pulmonaire, la pathologie vasculaire, la pathologie gastro-intestinale et h\u00e9patique, la pathologie gyn\u00e9cologique, la pathologie g\u00e9nito-urinaire et r\u00e9nale, la neuropathologie et [&hellip;]<\/p>\n","protected":false},"author":25,"featured_media":0,"parent":10430,"menu_order":6,"comment_status":"closed","ping_status":"closed","template":"","meta":{"_acf_changed":false,"_mc_calendar":[],"footnotes":""},"class_list":["post-10501","page","type-page","status-publish","hentry"],"acf":[],"wps_subtitle":"","_links":{"self":[{"href":"https:\/\/www.ottawahospital.on.ca\/fr\/wp-json\/wp\/v2\/pages\/10501","targetHints":{"allow":["GET"]}}],"collection":[{"href":"https:\/\/www.ottawahospital.on.ca\/fr\/wp-json\/wp\/v2\/pages"}],"about":[{"href":"https:\/\/www.ottawahospital.on.ca\/fr\/wp-json\/wp\/v2\/types\/page"}],"author":[{"embeddable":true,"href":"https:\/\/www.ottawahospital.on.ca\/fr\/wp-json\/wp\/v2\/users\/25"}],"replies":[{"embeddable":true,"href":"https:\/\/www.ottawahospital.on.ca\/fr\/wp-json\/wp\/v2\/comments?post=10501"}],"version-history":[{"count":0,"href":"https:\/\/www.ottawahospital.on.ca\/fr\/wp-json\/wp\/v2\/pages\/10501\/revisions"}],"up":[{"embeddable":true,"href":"https:\/\/www.ottawahospital.on.ca\/fr\/wp-json\/wp\/v2\/pages\/10430"}],"wp:attachment":[{"href":"https:\/\/www.ottawahospital.on.ca\/fr\/wp-json\/wp\/v2\/media?parent=10501"}],"curies":[{"name":"wp","href":"https:\/\/api.w.org\/{rel}","templated":true}]}}