{"id":10495,"date":"2016-11-25T14:21:27","date_gmt":"2016-11-25T19:21:27","guid":{"rendered":"http:\/\/52.229.122.34\/fr\/?page_id=10495"},"modified":"2021-05-31T15:17:35","modified_gmt":"2021-05-31T19:17:35","slug":"liens","status":"publish","type":"page","link":"https:\/\/www.ottawahospital.on.ca\/fr\/services-cliniques\/deptpgrmcs\/departements\/anatomo-pathologie\/liens\/","title":{"rendered":"Liens"},"content":{"rendered":"<h2>Technologistes de laboratoire m\u00e9dical (technologistes en histologie)<\/h2>\n<ul>\n<li><a href=\"https:\/\/www.csmls.org\/\" target=\"_blank\" rel=\"noopener noreferrer\">La Soci\u00e9t\u00e9 canadienne de science de laboratoire m\u00e9dical (SCSLM)<\/a> est l&rsquo;organisme d&rsquo;agr\u00e9ment et l&rsquo;association professionnelle des technologistes de laboratoire m\u00e9dical au Canada.<\/li>\n<li><a href=\"https:\/\/www.cmlto.com\/\" target=\"_blank\" rel=\"noopener noreferrer\">L&rsquo;Ordre des technologistes de laboratoire m\u00e9dical de l&rsquo;Ontario (OTLMO)<\/a> d\u00e9fend les int\u00e9r\u00eats du public en r\u00e9glementant l&rsquo;exercice de la profession de technologistes de laboratoire m\u00e9dical. *uniquement en anglais<\/li>\n<\/ul>\n<h2>Technologistes de laboratoire m\u00e9dical et techniciens<\/h2>\n<ul>\n<li><a href=\"https:\/\/www.osmt.org\/\" target=\"_blank\" rel=\"noopener noreferrer\">L&rsquo;Ontario Society of Medical Technologists (OSMT)<\/a> repr\u00e9sente les int\u00e9r\u00eats communs de tous les technologistes de laboratoire m\u00e9dical et des assistants\/techniciens de la province de l&rsquo;Ontario. *uniquement en anglais<\/li>\n<\/ul>\n<h2>Revues<\/h2>\n<ul>\n<li><a href=\"https:\/\/www.acta-cytol.com\/\" target=\"_blank\" rel=\"noopener noreferrer\">Acta Cytologica<\/a><\/li>\n<li>Cancer Cytopathology<\/li>\n<li>Diagnostic Cytopathology<\/li>\n<\/ul>\n<h2>Organisations<\/h2>\n<ul>\n<li><a href=\"https:\/\/www.cancercareontario.ca\/fr\/propos-action-cancer-ontario\/programmes\/programmes-depistage\/programme-ontarien-depistage-cancer-col-uterus\" target=\"_blank\" rel=\"noopener noreferrer\">Programme ontarien de d\u00e9pistage du cancer du col de l&rsquo;ut\u00e9rus<\/a><\/li>\n<li>Soci\u00e9t\u00e9 canadienne de cytologie<\/li>\n<li>Association canadienne des pathologistes<\/li>\n<li><a href=\"https:\/\/www.cytopathology.org\/\" target=\"_blank\" rel=\"noopener noreferrer\">American Society of Cytopathology<\/a> (en Anglais seulement)<\/li>\n<li><a href=\"https:\/\/www.cap.org\/\" target=\"_blank\" rel=\"noopener noreferrer\">College of American Pathologists<\/a><\/li>\n<li><a href=\"https:\/\/www.papsociety.org\/\" target=\"_blank\" rel=\"noopener noreferrer\">Papanicolaou Society of Cytopathology<\/a><\/li>\n<li><a href=\"https:\/\/www.cytology-iac.org\/\" target=\"_blank\" rel=\"noopener noreferrer\">International Academy of Cytology<\/a><\/li>\n<\/ul>\n","protected":false},"excerpt":{"rendered":"<p>Technologistes de laboratoire m\u00e9dical (technologistes en histologie) La Soci\u00e9t\u00e9 canadienne de science de laboratoire m\u00e9dical (SCSLM) est l&rsquo;organisme d&rsquo;agr\u00e9ment et l&rsquo;association professionnelle des technologistes de laboratoire m\u00e9dical au Canada. L&rsquo;Ordre des technologistes de laboratoire m\u00e9dical de l&rsquo;Ontario (OTLMO) d\u00e9fend les int\u00e9r\u00eats du public en r\u00e9glementant l&rsquo;exercice de la profession de technologistes de laboratoire m\u00e9dical. *uniquement [&hellip;]<\/p>\n","protected":false},"author":25,"featured_media":0,"parent":10430,"menu_order":5,"comment_status":"closed","ping_status":"closed","template":"","meta":{"_acf_changed":false,"_mc_calendar":[],"footnotes":""},"class_list":["post-10495","page","type-page","status-publish","hentry"],"acf":[],"wps_subtitle":"","_links":{"self":[{"href":"https:\/\/www.ottawahospital.on.ca\/fr\/wp-json\/wp\/v2\/pages\/10495","targetHints":{"allow":["GET"]}}],"collection":[{"href":"https:\/\/www.ottawahospital.on.ca\/fr\/wp-json\/wp\/v2\/pages"}],"about":[{"href":"https:\/\/www.ottawahospital.on.ca\/fr\/wp-json\/wp\/v2\/types\/page"}],"author":[{"embeddable":true,"href":"https:\/\/www.ottawahospital.on.ca\/fr\/wp-json\/wp\/v2\/users\/25"}],"replies":[{"embeddable":true,"href":"https:\/\/www.ottawahospital.on.ca\/fr\/wp-json\/wp\/v2\/comments?post=10495"}],"version-history":[{"count":0,"href":"https:\/\/www.ottawahospital.on.ca\/fr\/wp-json\/wp\/v2\/pages\/10495\/revisions"}],"up":[{"embeddable":true,"href":"https:\/\/www.ottawahospital.on.ca\/fr\/wp-json\/wp\/v2\/pages\/10430"}],"wp:attachment":[{"href":"https:\/\/www.ottawahospital.on.ca\/fr\/wp-json\/wp\/v2\/media?parent=10495"}],"curies":[{"name":"wp","href":"https:\/\/api.w.org\/{rel}","templated":true}]}}