{"id":10472,"date":"2016-11-25T14:16:02","date_gmt":"2016-11-25T19:16:02","guid":{"rendered":"http:\/\/52.229.122.34\/fr\/?page_id=10472"},"modified":"2017-01-03T12:57:21","modified_gmt":"2017-01-03T17:57:21","slug":"notre-equipe","status":"publish","type":"page","link":"https:\/\/www.ottawahospital.on.ca\/fr\/services-cliniques\/deptpgrmcs\/departements\/anatomo-pathologie\/notre-equipe\/","title":{"rendered":"Notre \u00e9quipe"},"content":{"rendered":"<h2>Pathologistes<\/h2>\n<p><img decoding=\"async\" class=\"img-responsive alignright\" src=\"\/wp-content\/uploads\/2016\/11\/pathologists.jpg\" alt=\"Pathologists\" width=\"145\" height=\"113\" \/>Le pathologiste est un m\u00e9decin tr\u00e8s sp\u00e9cialis\u00e9 qui examine les tissus et assure l&rsquo;exactitude des examens de laboratoire. On le consulte souvent au moment d&rsquo;une chirurgie afin de poser un diagnostic d&rsquo;apr\u00e8s l&rsquo;examen extemporan\u00e9 de pr\u00e9l\u00e8vements en coupe \u00e0 cong\u00e9lation.<\/p>\n<p>Le pathologiste utilise des tests diagnostiques et de d\u00e9pistage pour d\u00e9celer dans les cellules, les tissus et les liquides de l&rsquo;organisme les changements caract\u00e9ristiques de diverses maladies et pour les interpr\u00e9ter. L&rsquo;anatomo-pathologiste analyse les changements structurels macroscopiques et microscopiques caus\u00e9s par la maladie dans les tissus et les cellules pr\u00e9lev\u00e9s durant l&rsquo;intervention chirurgicale ou l&rsquo;autopsie. De nos jours, la cytopathologie, c&rsquo;est-\u00e0-dire l&rsquo;examen de cellules individuelles pour faciliter la d\u00e9tection des maladies, est une composante importante des soins prodigu\u00e9s aux patients.<\/p>\n<p><em>Adapt\u00e9 en partie de la brochure \u00ab Pathology as a Career in Medicine \u00bb publi\u00e9e par <a href=\"https:\/\/www.pathologytraining.org\/\" target=\"_blank\">The Intersociety Committee on Pathology Information, Inc.(ICPI)<\/a><\/em><\/p>\n<h2>Assistants pathologistes<\/h2>\n<p>Des assistants pathologistes (AP) exercent \u00e0 L&rsquo;H\u00f4pital d&rsquo;Ottawa (L&rsquo;HO) depuis 29 ans. Le d\u00e9partement emploie neuf AP dont la responsabilit\u00e9 principale consiste \u00e0 faire la description macroscopique de plus de 90 % des cas chirurgicaux, dont le nombre annuel est sup\u00e9rieur \u00e0 40 000 (les r\u00e9sidents en pathologie examinent les cas restants).<\/p>\n<p>Au moins 80 % des quelque 200 autopsies m\u00e9dicales sont r\u00e9alis\u00e9s par les AP, qui aident le pathologiste \u00e0 recueillir les ant\u00e9c\u00e9dents cliniques, \u00e0 faire la dissection, ainsi que le pr\u00e9l\u00e8vement et la mise en cassettes de blocs d&rsquo;organes, et \u00e0 r\u00e9diger un rapport provisoire. Les AP aident aussi, \u00e0 des degr\u00e9s divers, les pathologistes m\u00e9dico-l\u00e9gaux responsables des plus de 600 autopsies m\u00e9dico-l\u00e9gales r\u00e9alis\u00e9es annuellement \u00e0 l&rsquo;Unit\u00e9 de pathologie m\u00e9dico-l\u00e9gale de l&rsquo;Est de l&rsquo;Ontario situ\u00e9e au Campus G\u00e9n\u00e9ral.<\/p>\n<p>Les AP s&rsquo;occupent \u00e9galement de la photographie macroscopique et de la tenue \u00e0 jour des archives d&rsquo;images. Ils participent activement \u00e0 la formation des r\u00e9sidents en m\u00e9decine et d&rsquo;autres employ\u00e9s des services param\u00e9dicaux de l&rsquo;h\u00f4pital. Ils modifient et tiennent \u00e0 jour les manuels de politiques et de proc\u00e9dures dans leur domaine de sp\u00e9cialisation et lancent des initiatives d&rsquo;assurance de la qualit\u00e9 et des m\u00e9thodes d&rsquo;am\u00e9lioration continues de la qualit\u00e9.<\/p>\n<h3>Technologistes en cytologie<\/h3>\n<p>Les technologistes en cytologie assistent aux biopsies par aspiration \u00e0 l&rsquo;aiguille fine de l\u00e9sions profondes de l&rsquo;organisme et aident le m\u00e9decin en examinant imm\u00e9diatement le pr\u00e9l\u00e8vement au microscope. Consultez la page <a href=\"\/fr\/services-cliniques\/deptpgrmcs\/departements\/anatomo-pathologie\/cytopathologie\/\">Cytopathologie<\/a> pour obtenir plus de renseignements.<\/p>\n<h3>Technologistes en histologie<\/h3>\n<p>Les technologistes en histologie sont des technologistes de laboratoire m\u00e9dical (TLM). Ils re\u00e7oivent les cassettes pr\u00e9par\u00e9es par les assistants pathologistes, fixent le tissu \u00e0 l&rsquo;aide d&rsquo;une s\u00e9rie de produits chimiques, proc\u00e8dent \u00e0 l&rsquo;inclusion du tissu dans de la paraffine, puis d\u00e9bitent les blocs de paraffine en tranches fines qui sont \u00e9tal\u00e9es sur des lames de verre, puis color\u00e9es. Les technologistes en histologie ex\u00e9cutent de nombreuses t\u00e2ches int\u00e9ressantes, comme la cong\u00e9lation rapide des pr\u00e9l\u00e8vements de tissu en salle d&rsquo;op\u00e9ration pour permettre au pathologiste d&rsquo;aider le chirurgien, l&rsquo;identification immuno-histochimique ou immuno-fluorescente des marqueurs de cellules, l&rsquo;ex\u00e9cution de coloration sp\u00e9ciale, la pr\u00e9paration des tissus pour la microscopie \u00e9lectronique, des travaux de recherche et l&rsquo;utilisation de techniques de manipulation sp\u00e9ciales de tissus tels que ceux pr\u00e9lev\u00e9s par biopsie du rein ou des ganglions lymphatiques.<\/p>\n<h3>Pr\u00e9pos\u00e9s \u00e0 la morgue et assistants pathologistes<\/h3>\n<p>Les pr\u00e9pos\u00e9s \u00e0 la morgue et les assistants pathologistes aident le pathologiste \u00e0 faire l&rsquo;examen post-mortem (c.-\u00e0-d. l&rsquo;autopsie) qui permet d&rsquo;obtenir d&rsquo;importants pr\u00e9l\u00e8vements autopsiques de tissus. Le pathologiste et l&rsquo;assistant pathologiste d\u00e9crivent et \u00e9chantillonnent les pr\u00e9l\u00e8vements autopsiques, ainsi que les pr\u00e9l\u00e8vements chirurgicaux envoy\u00e9s par le m\u00e9decin, dans la salle de d\u00e9coupage. Chaque \u00e9chantillon de tissu est plac\u00e9 dans un petit contenant de plastique appel\u00e9 cassette. La vari\u00e9t\u00e9 des pr\u00e9l\u00e8vements chirurgicaux, ainsi que des autopsies m\u00e9dico-l\u00e9gales et m\u00e9dicales fait en sorte que les t\u00e2ches des assistants pathologistes et des pr\u00e9pos\u00e9s \u00e0 la morgue demeurent int\u00e9ressantes et stimulantes.<\/p>\n<h3>Employ\u00e9s de bureau et\/ou techniciens<\/h3>\n<p>Les employ\u00e9s de bureau et\/ou les techniciens re\u00e7oivent et recueillent les pr\u00e9l\u00e8vements et les demandes d&rsquo;examen transmis par les m\u00e9decins et entrent l&rsquo;information figurant sur le formulaire de demande dans l&rsquo;ordinateur. Les pr\u00e9l\u00e8vements qui n\u00e9cessitent l&rsquo;examen de cellules individuelles sont envoy\u00e9s en cytologie o\u00f9 ils sont trait\u00e9s par les techniciens et\/ou les technologistes en cytologie. Le pathologiste examine au microscope les \u00e9chantillons pr\u00e9par\u00e9s et dicte un rapport contenant l&rsquo;interpr\u00e9tation des r\u00e9sultats qui est dactylographi\u00e9 par la transcriptionniste m\u00e9dicale, puis envoy\u00e9 au m\u00e9decin traitant.<\/p>\n","protected":false},"excerpt":{"rendered":"<p>Pathologistes Le pathologiste est un m\u00e9decin tr\u00e8s sp\u00e9cialis\u00e9 qui examine les tissus et assure l&rsquo;exactitude des examens de laboratoire. On le consulte souvent au moment d&rsquo;une chirurgie afin de poser un diagnostic d&rsquo;apr\u00e8s l&rsquo;examen extemporan\u00e9 de pr\u00e9l\u00e8vements en coupe \u00e0 cong\u00e9lation. Le pathologiste utilise des tests diagnostiques et de d\u00e9pistage pour d\u00e9celer dans les cellules, [&hellip;]<\/p>\n","protected":false},"author":25,"featured_media":0,"parent":10430,"menu_order":3,"comment_status":"closed","ping_status":"closed","template":"","meta":{"_acf_changed":false,"_mc_calendar":[],"footnotes":""},"class_list":["post-10472","page","type-page","status-publish","hentry"],"acf":[],"wps_subtitle":"","_links":{"self":[{"href":"https:\/\/www.ottawahospital.on.ca\/fr\/wp-json\/wp\/v2\/pages\/10472","targetHints":{"allow":["GET"]}}],"collection":[{"href":"https:\/\/www.ottawahospital.on.ca\/fr\/wp-json\/wp\/v2\/pages"}],"about":[{"href":"https:\/\/www.ottawahospital.on.ca\/fr\/wp-json\/wp\/v2\/types\/page"}],"author":[{"embeddable":true,"href":"https:\/\/www.ottawahospital.on.ca\/fr\/wp-json\/wp\/v2\/users\/25"}],"replies":[{"embeddable":true,"href":"https:\/\/www.ottawahospital.on.ca\/fr\/wp-json\/wp\/v2\/comments?post=10472"}],"version-history":[{"count":0,"href":"https:\/\/www.ottawahospital.on.ca\/fr\/wp-json\/wp\/v2\/pages\/10472\/revisions"}],"up":[{"embeddable":true,"href":"https:\/\/www.ottawahospital.on.ca\/fr\/wp-json\/wp\/v2\/pages\/10430"}],"wp:attachment":[{"href":"https:\/\/www.ottawahospital.on.ca\/fr\/wp-json\/wp\/v2\/media?parent=10472"}],"curies":[{"name":"wp","href":"https:\/\/api.w.org\/{rel}","templated":true}]}}