{"id":10462,"date":"2016-11-25T14:12:08","date_gmt":"2016-11-25T19:12:08","guid":{"rendered":"http:\/\/52.229.122.34\/fr\/?page_id=10462"},"modified":"2016-11-25T14:12:08","modified_gmt":"2016-11-25T19:12:08","slug":"pathologie-autopsique","status":"publish","type":"page","link":"https:\/\/www.ottawahospital.on.ca\/fr\/services-cliniques\/deptpgrmcs\/departements\/anatomo-pathologie\/pathologie-autopsique\/","title":{"rendered":"Pathologie autopsique"},"content":{"rendered":"<p><img decoding=\"async\" class=\"img-responsive alignright\" src=\"\/wp-content\/uploads\/2016\/11\/autopsy.jpg\" alt=\"Autopsy\" width=\"300\" height=\"199\" \/>Les services d&rsquo;autopsie incluent l&rsquo;examen post-mortem des patients adultes hospitalis\u00e9s, avec le consentement du plus proche parent ou du gardien l\u00e9gal, afin de fournir des pr\u00e9cisions sur la cause du d\u00e9c\u00e8s aux membres de la famille et aux m\u00e9decins traitants.<\/p>\n<p>L&rsquo;Unit\u00e9 de pathologie m\u00e9dico-l\u00e9gale de l&rsquo;Est de l&rsquo;Ontario, qui a \u00e9t\u00e9 inaugur\u00e9e en 1994, est charg\u00e9e de faire les autopsies m\u00e9dico-l\u00e9gales pratiqu\u00e9es sur des adultes en vertu du mandat d&rsquo;un coroner. En plus de fournir des renseignements aux plus proches parents, les autopsies m\u00e9dico-l\u00e9gales permettent au Bureau du coroner de prendre des d\u00e9cisions importantes concernant les circonstances du d\u00e9c\u00e8s.<\/p>\n<p>Conjugu\u00e9e aux r\u00e9sultats d&rsquo;autres investigations scientifiques m\u00e9dico-l\u00e9gales, comme l&rsquo;examen toxicologique, l&rsquo;analyse des empreintes g\u00e9n\u00e9tiques et les examens d&rsquo;armes \u00e0 feu ou examens balistiques, l&rsquo;autopsie joue un r\u00f4le essentiel dans le processus judiciaire, qu&rsquo;il s&rsquo;agisse d&rsquo;une enqu\u00eate men\u00e9e pour r\u00e9pondre \u00e0 des craintes du public en mati\u00e8re de s\u00e9curit\u00e9 ou d&rsquo;un proc\u00e8s criminel en vue de d\u00e9terminer la culpabilit\u00e9 ou l&rsquo;innocence en cas de d\u00e9c\u00e8s non d\u00fb \u00e0 des causes naturelles.<\/p>\n","protected":false},"excerpt":{"rendered":"<p>Les services d&rsquo;autopsie incluent l&rsquo;examen post-mortem des patients adultes hospitalis\u00e9s, avec le consentement du plus proche parent ou du gardien l\u00e9gal, afin de fournir des pr\u00e9cisions sur la cause du d\u00e9c\u00e8s aux membres de la famille et aux m\u00e9decins traitants. L&rsquo;Unit\u00e9 de pathologie m\u00e9dico-l\u00e9gale de l&rsquo;Est de l&rsquo;Ontario, qui a \u00e9t\u00e9 inaugur\u00e9e en 1994, est [&hellip;]<\/p>\n","protected":false},"author":25,"featured_media":0,"parent":10430,"menu_order":2,"comment_status":"closed","ping_status":"closed","template":"","meta":{"_acf_changed":false,"_mc_calendar":[],"footnotes":""},"class_list":["post-10462","page","type-page","status-publish","hentry"],"acf":[],"wps_subtitle":"","_links":{"self":[{"href":"https:\/\/www.ottawahospital.on.ca\/fr\/wp-json\/wp\/v2\/pages\/10462","targetHints":{"allow":["GET"]}}],"collection":[{"href":"https:\/\/www.ottawahospital.on.ca\/fr\/wp-json\/wp\/v2\/pages"}],"about":[{"href":"https:\/\/www.ottawahospital.on.ca\/fr\/wp-json\/wp\/v2\/types\/page"}],"author":[{"embeddable":true,"href":"https:\/\/www.ottawahospital.on.ca\/fr\/wp-json\/wp\/v2\/users\/25"}],"replies":[{"embeddable":true,"href":"https:\/\/www.ottawahospital.on.ca\/fr\/wp-json\/wp\/v2\/comments?post=10462"}],"version-history":[{"count":0,"href":"https:\/\/www.ottawahospital.on.ca\/fr\/wp-json\/wp\/v2\/pages\/10462\/revisions"}],"up":[{"embeddable":true,"href":"https:\/\/www.ottawahospital.on.ca\/fr\/wp-json\/wp\/v2\/pages\/10430"}],"wp:attachment":[{"href":"https:\/\/www.ottawahospital.on.ca\/fr\/wp-json\/wp\/v2\/media?parent=10462"}],"curies":[{"name":"wp","href":"https:\/\/api.w.org\/{rel}","templated":true}]}}