{"id":10430,"date":"2016-11-25T14:02:56","date_gmt":"2016-11-25T19:02:56","guid":{"rendered":"http:\/\/52.229.122.34\/fr\/?page_id=10430"},"modified":"2016-12-09T11:57:37","modified_gmt":"2016-12-09T16:57:37","slug":"anatomo-pathologie","status":"publish","type":"page","link":"https:\/\/www.ottawahospital.on.ca\/fr\/services-cliniques\/deptpgrmcs\/departements\/anatomo-pathologie\/","title":{"rendered":"Anatomo-pathologie"},"content":{"rendered":"<p>La Division d&rsquo;anatomo-pathologie est charg\u00e9e d&rsquo;examiner tous les pr\u00e9l\u00e8vements faits sur des patients en vie aux fins de diagnostic et sur les patients d\u00e9c\u00e9d\u00e9s en vue de d\u00e9terminer la cause du d\u00e9c\u00e8s (pathologie autopsique). Les tissus, comme les pr\u00e9l\u00e8vements biopsiques du sein ou de la prostate (pathologie chirurgicale), et les \u00e9chantillons de cellules, comme les frottis vaginaux (cytopathologie), sont examin\u00e9s au microscope par les pathologistes qui r\u00e9digent ensuite un rapport diagnostique \u00e0 leur sujet.<\/p>\n<p><img decoding=\"async\" class=\"img-responsive alignleft\" src=\"\/wp-content\/uploads\/2016\/11\/AnatomicalPathology.jpg\" alt=\"Anatomical Pathology\" width=\"432\" height=\"281\" \/><\/p>\n<div class=\"clearblock\"><\/div>\n<p>Les pathologistes sont des m\u00e9decins sp\u00e9cialis\u00e9s dans le diagnostic des maladies par examen d&rsquo;\u00e9chantillons de tissus au moyen de techniques diverses. Des technologistes de laboratoire et des assistants pathologistes d\u00fbment form\u00e9s sont charg\u00e9s de pr\u00e9parer ces \u00e9chantillons. Enfin, des transcriptionnistes m\u00e9dicales transcrivent le rapport final qui sera envoy\u00e9 au m\u00e9decin traitant du patient.<\/p>\n<p>Ce rapport contient beaucoup plus d&rsquo;information que le simple diagnostic, particuli\u00e8rement dans les cas de cancer o\u00f9 le pathologiste d\u00e9crit aussi certaines caract\u00e9ristiques de la tumeur qui permettront au m\u00e9decin traitant d&rsquo;administrer un traitement plus sp\u00e9cifique et plus efficace.<\/p>\n","protected":false},"excerpt":{"rendered":"<p>La Division d&rsquo;anatomo-pathologie est charg\u00e9e d&rsquo;examiner tous les pr\u00e9l\u00e8vements faits sur des patients en vie aux fins de diagnostic et sur les patients d\u00e9c\u00e9d\u00e9s en vue de d\u00e9terminer la cause du d\u00e9c\u00e8s (pathologie autopsique). Les tissus, comme les pr\u00e9l\u00e8vements biopsiques du sein ou de la prostate (pathologie chirurgicale), et les \u00e9chantillons de cellules, comme les [&hellip;]<\/p>\n","protected":false},"author":25,"featured_media":0,"parent":7868,"menu_order":1,"comment_status":"closed","ping_status":"closed","template":"","meta":{"_acf_changed":false,"_mc_calendar":[],"footnotes":""},"class_list":["post-10430","page","type-page","status-publish","hentry"],"acf":[],"wps_subtitle":"","_links":{"self":[{"href":"https:\/\/www.ottawahospital.on.ca\/fr\/wp-json\/wp\/v2\/pages\/10430","targetHints":{"allow":["GET"]}}],"collection":[{"href":"https:\/\/www.ottawahospital.on.ca\/fr\/wp-json\/wp\/v2\/pages"}],"about":[{"href":"https:\/\/www.ottawahospital.on.ca\/fr\/wp-json\/wp\/v2\/types\/page"}],"author":[{"embeddable":true,"href":"https:\/\/www.ottawahospital.on.ca\/fr\/wp-json\/wp\/v2\/users\/25"}],"replies":[{"embeddable":true,"href":"https:\/\/www.ottawahospital.on.ca\/fr\/wp-json\/wp\/v2\/comments?post=10430"}],"version-history":[{"count":0,"href":"https:\/\/www.ottawahospital.on.ca\/fr\/wp-json\/wp\/v2\/pages\/10430\/revisions"}],"up":[{"embeddable":true,"href":"https:\/\/www.ottawahospital.on.ca\/fr\/wp-json\/wp\/v2\/pages\/7868"}],"wp:attachment":[{"href":"https:\/\/www.ottawahospital.on.ca\/fr\/wp-json\/wp\/v2\/media?parent=10430"}],"curies":[{"name":"wp","href":"https:\/\/api.w.org\/{rel}","templated":true}]}}