{"id":10410,"date":"2016-11-25T13:16:00","date_gmt":"2016-11-25T18:16:00","guid":{"rendered":"http:\/\/52.229.122.34\/fr\/?page_id=10410"},"modified":"2023-02-27T11:58:12","modified_gmt":"2023-02-27T16:58:12","slug":"programme-doncologie-psychosociale","status":"publish","type":"page","link":"https:\/\/www.ottawahospital.on.ca\/fr\/services-cliniques\/deptpgrmcs\/programmes\/programme-de-cancerologie\/nos-programmes-et-cliniques\/programme-doncologie-psychosociale\/","title":{"rendered":"Programme d\u2019oncologie psychosociale"},"content":{"rendered":"<div>\n<p>Le diagnostic et le traitement du cancer peuvent \u00eatre tr\u00e8s difficiles pour les personnes touch\u00e9es et leur famille. Le Programme d\u2019oncologie psychosociale de L\u2019H\u00f4pital d\u2019Ottawa a \u00e9t\u00e9 cr\u00e9\u00e9 pour vous fournir le soutien dont vous avez besoin lorsque vous devez relever les nombreux d\u00e9fis du cancer et de son traitement. Nous avons une approche globale pour vous fournir un soutien \u00e9motionnel, psychologique, social, pratique et en r\u00e9adaptation. Nos services sont confidentiels et peuvent \u00eatre offerts \u00e0 vous et \u00e0 votre famille individuellement ou en groupe. Ils sont offerts au Centre de canc\u00e9rologie de L\u2019H\u00f4pital d\u2019Ottawa, situ\u00e9 au Campus G\u00e9n\u00e9ral, et au Centre de canc\u00e9rologie Famille Irving Greenberg, situ\u00e9 \u00e0 l\u2019H\u00f4pital Queensway Carleton.<\/p>\n<h2>Nos services<\/h2>\n<p>Nous offrons une vari\u00e9t\u00e9 de services de soutien :<\/p>\n<ul>\n<li>Counseling<\/li>\n<li>Soutien \u00e9motionnel<\/li>\n<li>Aide pratique (p. ex. perte de revenu)<\/li>\n<li>\u00c9valuation et counseling nutritionnels<\/li>\n<li>R\u00e9adaptation physique<\/li>\n<li>S\u00e9ances de groupe de soutien et d\u2019information<\/li>\n<\/ul>\n<p><img decoding=\"async\" class=\"size-full wp-image-10405 alignleft img-responsive\" src=\"\/wp-content\/uploads\/2016\/11\/PSOP_1.jpg\" alt=\"psop_1\" width=\"400\" height=\"258\" srcset=\"https:\/\/www.ottawahospital.on.ca\/wp-content\/uploads\/2016\/11\/PSOP_1.jpg 400w, https:\/\/www.ottawahospital.on.ca\/wp-content\/uploads\/2016\/11\/PSOP_1-300x194.jpg 300w\" sizes=\"(max-width: 400px) 100vw, 400px\" \/><\/p>\n<p><strong>Prendre rendez-vous<\/strong><\/p>\n<p>Vous n\u2019avez pas besoin d\u2019une demande de consultation de votre m\u00e9decin pour obtenir un rendez-vous avec les professionnels du Programme d\u2019oncologie psychosociale.<\/p>\n<p>Pour participer \u00e0 une s\u00e9ance d\u2019information ou de groupe de soutien ou acc\u00e9der \u00e0 nos services, appelez au 613- 737-7700, poste 70516 (Campus G\u00e9n\u00e9ral) ou poste 25200 (Centre de canc\u00e9rologie Famille Irving Greenberg).<\/p>\n<\/div>\n<div class=\"clearblock\"><\/div>\n<div>\n<p><img decoding=\"async\" class=\"size-full wp-image-10404 img-responsive alignright\" src=\"\/wp-content\/uploads\/2016\/11\/PSOP_2.jpg\" alt=\"psop_2\" width=\"268\" height=\"167\" \/><strong>Pour une consultation avec un professionnel de la sant\u00e9 :<br \/>\n<\/strong>Communiquez avec coordonnatrice des admissions au<br \/>\n613-737-7700, poste 70148.<\/p>\n<p>Les demandes de consultation peuvent \u00eatre envoy\u00e9es par t\u00e9l\u00e9copieur au 613-737-8331 (Campus G\u00e9n\u00e9ral) ou au 613-726-5107 (Centre de canc\u00e9rologie Famille Irving Greenberg).<\/p>\n<p>Les professionnels de la sant\u00e9 qui veulent r\u00e9f\u00e9rer leurs patients \u00e0 notre programme sont pri\u00e9s d\u2019utiliser ce <a href=\"\/en\/documents\/2018\/09\/referral-form.pdf\/\" target=\"_blank\" rel=\"noopener\">formulaire<\/a>.<\/p>\n<p><strong>Nous joindre<\/strong><\/p>\n<p><strong>Programme d\u2019oncologie psychosociale de L\u2019H\u00f4pital d\u2019Ottawa<br \/>\n<\/strong>Centre de canc\u00e9rologie de L\u2019H\u00f4pital d\u2019Ottawa \u2013 Campus G\u00e9n\u00e9ral<br \/>\n501, chemin Smyth<br \/>\nC.P. 938<br \/>\nOttawa ON K1H 8L6<\/p>\n<p>T\u00e9l. : 613-737-7700, poste 70516<br \/>\nT\u00e9l\u00e9c. : 613-737-8331<\/p>\n<p><img decoding=\"async\" class=\"size-full wp-image-10406 alignleft img-responsive\" src=\"\/wp-content\/uploads\/2016\/11\/PSOP_3.jpg\" alt=\"psop_3\" width=\"250\" height=\"164\" \/><strong>Programme d\u2019oncologie psychosociale de L\u2019H\u00f4pital d\u2019Ottawa<br \/>\n<\/strong>Centre de canc\u00e9rologie de L\u2019H\u00f4pital d\u2019Ottawa \u2013 Centre de canc\u00e9rologie Famille Irving Greenberg (H\u00f4pital Queensway Carleton)<br \/>\n3 045, chemin Baseline<br \/>\nC.P. 938<br \/>\nOttawa, ON K2H 8P4<\/p>\n<p>T\u00e9l. : 613-737-7700, poste 25200<br \/>\nT\u00e9l\u00e9c. : 613-726-5107<\/p>\n<\/div>\n","protected":false},"excerpt":{"rendered":"<p>Le diagnostic et le traitement du cancer peuvent \u00eatre tr\u00e8s difficiles pour les personnes touch\u00e9es et leur famille. Le Programme d\u2019oncologie psychosociale de L\u2019H\u00f4pital d\u2019Ottawa a \u00e9t\u00e9 cr\u00e9\u00e9 pour vous fournir le soutien dont vous avez besoin lorsque vous devez relever les nombreux d\u00e9fis du cancer et de son traitement. Nous avons une approche globale [&hellip;]<\/p>\n","protected":false},"author":25,"featured_media":0,"parent":8984,"menu_order":12,"comment_status":"closed","ping_status":"closed","template":"","meta":{"_acf_changed":false,"_mc_calendar":[],"footnotes":""},"class_list":["post-10410","page","type-page","status-publish","hentry"],"acf":[],"wps_subtitle":"","_links":{"self":[{"href":"https:\/\/www.ottawahospital.on.ca\/fr\/wp-json\/wp\/v2\/pages\/10410","targetHints":{"allow":["GET"]}}],"collection":[{"href":"https:\/\/www.ottawahospital.on.ca\/fr\/wp-json\/wp\/v2\/pages"}],"about":[{"href":"https:\/\/www.ottawahospital.on.ca\/fr\/wp-json\/wp\/v2\/types\/page"}],"author":[{"embeddable":true,"href":"https:\/\/www.ottawahospital.on.ca\/fr\/wp-json\/wp\/v2\/users\/25"}],"replies":[{"embeddable":true,"href":"https:\/\/www.ottawahospital.on.ca\/fr\/wp-json\/wp\/v2\/comments?post=10410"}],"version-history":[{"count":0,"href":"https:\/\/www.ottawahospital.on.ca\/fr\/wp-json\/wp\/v2\/pages\/10410\/revisions"}],"up":[{"embeddable":true,"href":"https:\/\/www.ottawahospital.on.ca\/fr\/wp-json\/wp\/v2\/pages\/8984"}],"wp:attachment":[{"href":"https:\/\/www.ottawahospital.on.ca\/fr\/wp-json\/wp\/v2\/media?parent=10410"}],"curies":[{"name":"wp","href":"https:\/\/api.w.org\/{rel}","templated":true}]}}