{"id":10382,"date":"2016-11-25T12:54:46","date_gmt":"2016-11-25T17:54:46","guid":{"rendered":"http:\/\/52.229.122.34\/fr\/?page_id=10382"},"modified":"2016-12-09T12:28:19","modified_gmt":"2016-12-09T17:28:19","slug":"chirurgie-robotisee","status":"publish","type":"page","link":"https:\/\/www.ottawahospital.on.ca\/fr\/services-cliniques\/deptpgrmcs\/departements\/chirurgie-robotisee\/","title":{"rendered":"Chirurgie robotis\u00e9e"},"content":{"rendered":"<h2>Chirurgie robotis\u00e9e : pr\u00e9cision, qualit\u00e9 et s\u00e9curit\u00e9<\/h2>\n<p>Le programme de chirurgie robotis\u00e9e de L\u2019H\u00f4pital d\u2019Ottawa a vu le jour en 2011 et les retomb\u00e9es sur les soins aux patients atteints du cancer de la prostate, de l\u2019endom\u00e8tre, du col de l\u2019ut\u00e9rus, de la t\u00eate ou du cou sont tr\u00e8s positives.<\/p>\n<p>La mise en \u0153uvre du programme s\u2019est concr\u00e9tis\u00e9e avec le recrutement du D<sup>r<\/sup> Rodney Breau apr\u00e8s sa sursp\u00e9cialisation de deux ans en robotique \u00e0 la Clinique Mayo. En plus d\u2019acqu\u00e9rir l\u2019\u00e9quipement, l\u2019expertise et les connaissances n\u00e9cessaires, l\u2019H\u00f4pital a mis en place des normes rigoureuses et des proc\u00e9dures normalis\u00e9es afin d\u2019assurer la r\u00e9ussite du programme. Les chirurgiens sont form\u00e9s et certifi\u00e9s, tout comme l\u2019\u00e9quipe compl\u00e8te de chirurgie robotis\u00e9e. De plus, on \u00e9tablit et examine r\u00e9guli\u00e8rement les indicateurs de la qualit\u00e9 en vue d\u2019offrir des soins de calibre mondial.<\/p>\n<p>Gr\u00e2ce au programme, les patients de l\u2019H\u00f4pital sont moins longtemps hospitalis\u00e9s et jouissent d\u2019une bien meilleure qualit\u00e9 de vie puisque les risques d\u2019incontinence et de dysfonction sexuelle ont diminu\u00e9.<\/p>\n","protected":false},"excerpt":{"rendered":"<p>Chirurgie robotis\u00e9e : pr\u00e9cision, qualit\u00e9 et s\u00e9curit\u00e9 Le programme de chirurgie robotis\u00e9e de L\u2019H\u00f4pital d\u2019Ottawa a vu le jour en 2011 et les retomb\u00e9es sur les soins aux patients atteints du cancer de la prostate, de l\u2019endom\u00e8tre, du col de l\u2019ut\u00e9rus, de la t\u00eate ou du cou sont tr\u00e8s positives. La mise en \u0153uvre du [&hellip;]<\/p>\n","protected":false},"author":25,"featured_media":0,"parent":7868,"menu_order":23,"comment_status":"closed","ping_status":"closed","template":"","meta":{"_acf_changed":false,"_mc_calendar":[],"footnotes":""},"class_list":["post-10382","page","type-page","status-publish","hentry"],"acf":[],"wps_subtitle":"","_links":{"self":[{"href":"https:\/\/www.ottawahospital.on.ca\/fr\/wp-json\/wp\/v2\/pages\/10382","targetHints":{"allow":["GET"]}}],"collection":[{"href":"https:\/\/www.ottawahospital.on.ca\/fr\/wp-json\/wp\/v2\/pages"}],"about":[{"href":"https:\/\/www.ottawahospital.on.ca\/fr\/wp-json\/wp\/v2\/types\/page"}],"author":[{"embeddable":true,"href":"https:\/\/www.ottawahospital.on.ca\/fr\/wp-json\/wp\/v2\/users\/25"}],"replies":[{"embeddable":true,"href":"https:\/\/www.ottawahospital.on.ca\/fr\/wp-json\/wp\/v2\/comments?post=10382"}],"version-history":[{"count":0,"href":"https:\/\/www.ottawahospital.on.ca\/fr\/wp-json\/wp\/v2\/pages\/10382\/revisions"}],"up":[{"embeddable":true,"href":"https:\/\/www.ottawahospital.on.ca\/fr\/wp-json\/wp\/v2\/pages\/7868"}],"wp:attachment":[{"href":"https:\/\/www.ottawahospital.on.ca\/fr\/wp-json\/wp\/v2\/media?parent=10382"}],"curies":[{"name":"wp","href":"https:\/\/api.w.org\/{rel}","templated":true}]}}