{"id":10375,"date":"2016-11-25T12:53:15","date_gmt":"2016-11-25T17:53:15","guid":{"rendered":"http:\/\/52.229.122.34\/fr\/?page_id=10375"},"modified":"2021-07-07T10:28:19","modified_gmt":"2021-07-07T14:28:19","slug":"medecine","status":"publish","type":"page","link":"https:\/\/www.ottawahospital.on.ca\/fr\/services-cliniques\/deptpgrmcs\/departements\/medecine\/","title":{"rendered":"M\u00e9decine"},"content":{"rendered":"<p><img decoding=\"async\" class=\"alignright img-responsive\" src=\"\/wp-content\/uploads\/2021\/06\/GregKnoll.jpg\" alt=\"Greg Knoll\" width=\"144\" height=\"189\" \/>Le D\u00e9partement de m\u00e9decine est un service de sant\u00e9 universitaire avant-gardiste. Il privil\u00e9gie l\u2019avancement et la r\u00e9alisation de projets de recherche novateurs en m\u00e9decine et d\u2019une formation de grande qualit\u00e9\u00a0\u2013 des aspects essentiels pour concr\u00e9tiser sa mission d\u2019offrir aux patients des soins d\u2019une excellence toujours in\u00e9gal\u00e9e.<\/p>\n<p>Le D\u00e9partement de m\u00e9decine regroupe des m\u00e9decins, des scientifiques et du personnel de soutien, dont bon nombre sont reconnus \u00e0 l\u2019\u00e9chelle nationale et internationale dans leur domaine. Les 400\u00a0m\u00e9decins enseignent \u00e9galement \u00e0 la Facult\u00e9 de m\u00e9decine de l\u2019Universit\u00e9 d\u2019Ottawa. Au sein de 17\u00a0divisions m\u00e9dicales sp\u00e9cialis\u00e9es, ils offrent toute la gamme de soins, y compris des soins secondaires et tertiaires, dans les deux langues officielles, aux trois campus de L\u2019H\u00f4pital d\u2019Ottawa, ainsi qu\u2019au Centre de r\u00e9adaptation, \u00e0 l\u2019Institut de cardiologie de l\u2019Universit\u00e9 d\u2019Ottawa et aux Soins continus Bruy\u00e8re.<\/p>\n<p>Comme nos m\u00e9decins offrent la majorit\u00e9 des soins aux patients hospitalis\u00e9s \u00e0 L\u2019H\u00f4pital d\u2019Ottawa, nous avons \u00e9t\u00e9 au c\u0153ur de la r\u00e9alisation de projets cliniques exceptionnels, notamment un service enti\u00e8rement consacr\u00e9 \u00e0 l\u2019\u00e9valuation et au traitement de la thrombose, un programme de traitement de l\u2019infarctus du myocarde avec \u00e9l\u00e9vation du segment ST (code STEMI) et les activit\u00e9s de planification en cas d\u2019une pand\u00e9mie. Nous avons am\u00e9lior\u00e9 la planification du cong\u00e9 et le temps \u00e9coul\u00e9 entre la consultation et la prise de d\u00e9cisions \u00e0 l\u2019urgence. Nous sommes tr\u00e8s fiers d\u2019offrir des soins incomparables, complets et novateurs aux patients.<\/p>\n<p>Le D\u00e9partement de m\u00e9decine fait figure de proue en recherche fondamentale et clinique au Canada. Il dispose de programmes de calibre international et re\u00e7oit des distinctions honorifiques nationales impressionnantes. Il puise sa force dans l\u2019engagement exceptionnel et inconditionnel de son \u00e9quipe de dirigeants et de chercheurs \u00e0 promouvoir la r\u00e9alisation de programmes de recherche novateurs et \u00e0 obtenir les fonds n\u00e9cessaires pour y parvenir. Les membres du D\u00e9partement de m\u00e9decine d\u00e9tiennent une part remarquable, soit 81\u00a0%, de tous les fonds octroy\u00e9s \u00e0 l\u2019Institut de recherche de l\u2019H\u00f4pital d\u2019Ottawa.<\/p>\n<p>Notre d\u00e9partement dispose aussi de solides programmes de r\u00e9sidence et de sursp\u00e9cialisation. L\u2019objectif est non seulement de former des m\u00e9decins exceptionnels, mais aussi d\u2019encadrer chacun d\u2019entre eux au d\u00e9but de leur carri\u00e8re en m\u00e9decine. En plus des 17\u00a0programmes d\u2019\u00e9tudes postdoctorales agr\u00e9\u00e9s, le D\u00e9partement favorise le perfectionnement professionnel, le mentorat, la recherche et l\u2019exercice de la m\u00e9decine dans un vaste \u00e9ventail de sous-sp\u00e9cialit\u00e9s.<\/p>\n<p>Gr\u00e2ce \u00e0 nos r\u00e9alisations, nous figurons parmi les meilleurs d\u00e9partements de m\u00e9decine du pays. Pour en savoir plus sur notre personnel, nos activit\u00e9s cliniques et nos programmes de recherche et de formation, rendez-vous \u00e0 l\u2019adresse <a href=\"https:\/\/www.thinkottawamedicine.ca\/\" target=\"_blank\" rel=\"noopener\">Ottawa Department of Medicine<span class=\"sr-only\">(Opens in a new tab)<\/span><\/a> (en Anglais seulement).<\/p>\n","protected":false},"excerpt":{"rendered":"<p>Le D\u00e9partement de m\u00e9decine est un service de sant\u00e9 universitaire avant-gardiste. Il privil\u00e9gie l\u2019avancement et la r\u00e9alisation de projets de recherche novateurs en m\u00e9decine et d\u2019une formation de grande qualit\u00e9\u00a0\u2013 des aspects essentiels pour concr\u00e9tiser sa mission d\u2019offrir aux patients des soins d\u2019une excellence toujours in\u00e9gal\u00e9e. Le D\u00e9partement de m\u00e9decine regroupe des m\u00e9decins, des scientifiques [&hellip;]<\/p>\n","protected":false},"author":25,"featured_media":0,"parent":7868,"menu_order":10,"comment_status":"closed","ping_status":"closed","template":"","meta":{"_acf_changed":false,"_mc_calendar":[],"footnotes":""},"class_list":["post-10375","page","type-page","status-publish","hentry"],"acf":[],"wps_subtitle":"","_links":{"self":[{"href":"https:\/\/www.ottawahospital.on.ca\/fr\/wp-json\/wp\/v2\/pages\/10375","targetHints":{"allow":["GET"]}}],"collection":[{"href":"https:\/\/www.ottawahospital.on.ca\/fr\/wp-json\/wp\/v2\/pages"}],"about":[{"href":"https:\/\/www.ottawahospital.on.ca\/fr\/wp-json\/wp\/v2\/types\/page"}],"author":[{"embeddable":true,"href":"https:\/\/www.ottawahospital.on.ca\/fr\/wp-json\/wp\/v2\/users\/25"}],"replies":[{"embeddable":true,"href":"https:\/\/www.ottawahospital.on.ca\/fr\/wp-json\/wp\/v2\/comments?post=10375"}],"version-history":[{"count":0,"href":"https:\/\/www.ottawahospital.on.ca\/fr\/wp-json\/wp\/v2\/pages\/10375\/revisions"}],"up":[{"embeddable":true,"href":"https:\/\/www.ottawahospital.on.ca\/fr\/wp-json\/wp\/v2\/pages\/7868"}],"wp:attachment":[{"href":"https:\/\/www.ottawahospital.on.ca\/fr\/wp-json\/wp\/v2\/media?parent=10375"}],"curies":[{"name":"wp","href":"https:\/\/api.w.org\/{rel}","templated":true}]}}