{"id":10348,"date":"2016-11-25T12:31:35","date_gmt":"2016-11-25T17:31:35","guid":{"rendered":"http:\/\/52.229.122.34\/fr\/?page_id=10348"},"modified":"2020-09-01T14:29:26","modified_gmt":"2020-09-01T18:29:26","slug":"programme-dhematologie","status":"publish","type":"page","link":"https:\/\/www.ottawahospital.on.ca\/fr\/services-cliniques\/deptpgrmcs\/programmes\/programme-de-cancerologie\/nos-programmes-et-cliniques\/programme-dhematologie\/","title":{"rendered":"Programme d\u2019h\u00e9matologie"},"content":{"rendered":"<h2>\u00c0 notre sujet :<\/h2>\n<p>Le Programme d\u2019h\u00e9matologie de L\u2019H\u00f4pital d\u2019Ottawa fournit des soins aux patients atteints d\u2019une maladie des n\u0153uds lymphatiques (anciennement appel\u00e9s ganglions lymphatiques), du sang ou de la moelle osseuse. Une \u00e9quipe multidisciplinaire assure des soins d\u2019experts et la prise en charge des patients hospitalis\u00e9s et en clinique externe.<\/p>\n<div class=\"row\">\n<div class=\"col-md-4\">\n<div id=\"attachment_46570\" style=\"width: 203px\" class=\"wp-caption alignnone\"><img decoding=\"async\" aria-describedby=\"caption-attachment-46570\" class=\"img-responsive wp-image-46570 size-full\" src=\"https:\/\/www.ottawahospital.on.ca\/wp-content\/uploads\/2019\/05\/Chris-Bredeson-2.jpg\" alt=\"Dr Chris Bredeson\" width=\"193\" height=\"164\" \/><p id=\"caption-attachment-46570\" class=\"wp-caption-text\">Dr Christopher Bredeson, MD, M.Sc., FRCPC<br \/>Chef, H\u00e9matologie Maligne et Greffe de Cellules Souches<\/p><\/div>\n<\/div>\n<div class=\"col-md-4\">\n<div id=\"attachment_54866\" style=\"width: 203px\" class=\"wp-caption alignnone\"><img decoding=\"async\" aria-describedby=\"caption-attachment-54866\" class=\"img-responsive wp-image-54866 size-full\" src=\"https:\/\/www.ottawahospital.on.ca\/wp-content\/uploads\/2020\/09\/M-Carrier.jpg\" alt=\"Marc Carrier\" width=\"193\" height=\"164\" \/><p id=\"caption-attachment-54866\" class=\"wp-caption-text\">D<sup>r<\/sup> Marc Carrier, MD, M.Sc., FRCPC<br \/>Chef, Division d\u2019H\u00e9matologie<\/p><\/div>\n<\/div>\n<\/div>\n<h2>Soumettre une demande de consultation<\/h2>\n<p><em>Nous acceptons les demandes de consultation provenant de m\u00e9decins.<\/em><\/p>\n<p><em>T\u00e9l\u00e9copieur : 613-737-8861<\/em><\/p>\n<h2>Nous joindre<\/h2>\n<p><em>Programme <\/em>d&rsquo;h\u00e9matologie,<em> L\u2019H\u00f4pital d\u2019Ottawa<\/em><br \/>\n<em>501, chemin Smyth<\/em><br \/>\n<em>K1H 8L6<\/em><\/p>\n<p>T\u00e9l\u00e9 : 613-737-8899 poste 72444<\/p>\n","protected":false},"excerpt":{"rendered":"<p>\u00c0 notre sujet : Le Programme d\u2019h\u00e9matologie de L\u2019H\u00f4pital d\u2019Ottawa fournit des soins aux patients atteints d\u2019une maladie des n\u0153uds lymphatiques (anciennement appel\u00e9s ganglions lymphatiques), du sang ou de la moelle osseuse. Une \u00e9quipe multidisciplinaire assure des soins d\u2019experts et la prise en charge des patients hospitalis\u00e9s et en clinique externe. Soumettre une demande de [&hellip;]<\/p>\n","protected":false},"author":25,"featured_media":0,"parent":8984,"menu_order":10,"comment_status":"closed","ping_status":"closed","template":"","meta":{"_acf_changed":false,"_mc_calendar":[],"footnotes":""},"class_list":["post-10348","page","type-page","status-publish","hentry"],"acf":[],"wps_subtitle":"","_links":{"self":[{"href":"https:\/\/www.ottawahospital.on.ca\/fr\/wp-json\/wp\/v2\/pages\/10348","targetHints":{"allow":["GET"]}}],"collection":[{"href":"https:\/\/www.ottawahospital.on.ca\/fr\/wp-json\/wp\/v2\/pages"}],"about":[{"href":"https:\/\/www.ottawahospital.on.ca\/fr\/wp-json\/wp\/v2\/types\/page"}],"author":[{"embeddable":true,"href":"https:\/\/www.ottawahospital.on.ca\/fr\/wp-json\/wp\/v2\/users\/25"}],"replies":[{"embeddable":true,"href":"https:\/\/www.ottawahospital.on.ca\/fr\/wp-json\/wp\/v2\/comments?post=10348"}],"version-history":[{"count":0,"href":"https:\/\/www.ottawahospital.on.ca\/fr\/wp-json\/wp\/v2\/pages\/10348\/revisions"}],"up":[{"embeddable":true,"href":"https:\/\/www.ottawahospital.on.ca\/fr\/wp-json\/wp\/v2\/pages\/8984"}],"wp:attachment":[{"href":"https:\/\/www.ottawahospital.on.ca\/fr\/wp-json\/wp\/v2\/media?parent=10348"}],"curies":[{"name":"wp","href":"https:\/\/api.w.org\/{rel}","templated":true}]}}