{"id":59019,"date":"2021-01-18T10:46:05","date_gmt":"2021-01-18T15:46:05","guid":{"rendered":"https:\/\/www.ottawahospital.on.ca\/?page_id=59019"},"modified":"2021-07-19T10:31:41","modified_gmt":"2021-07-19T14:31:41","slug":"ontario-cervical-screening-program","status":"publish","type":"page","link":"https:\/\/www.ottawahospital.on.ca\/en\/clinical-services\/deptpgrmcs\/programs\/cancer-program\/what-we-offer-our-programs-and-services\/ontario-cervical-screening-program\/","title":{"rendered":"Ontario Cervical Screening Program"},"content":{"rendered":"<p><img decoding=\"async\" class=\"alignnone wp-image-39350 size-full\" src=\"\/wp-content\/uploads\/2021\/06\/OSCP-En.jpg\" alt=\"Cervical Cancer Facts\" width=\"770\" height=\"330\" \/><\/p>\n<div id=\"accordion\" class=\"panel-group\">\n<div class=\"panel panel-default\">\n<div class=\"panel-heading\">\n<h4 class=\"panel-title\"><a class=\"collapsed\" href=\"#collapse1\" data-toggle=\"collapse\" data-parent=\"#accordion\" aria-expanded=\"false\">Information for the Public<\/a><\/h4>\n<\/div>\n<div id=\"collapse1\" class=\"panel-collapse collapse\" aria-expanded=\"false\">\n<div class=\"panel-body\">\n<p>The Ontario Cervical Screening Program is an organized screening program run by Cancer Care Ontario. The program\u2019s goal is to reduce the risk of developing or dying from cervical cancer by increasing the percentage of women who get screened regularly and who have timely and appropriate follow-up of abnormal results. The program sends letters to Ontario women inviting them for Pap testing, advising them of next steps following a Pap test and reminding them when it is time to return for screening. The program supports doctors and nurse practitioners so they can provide the best possible cervical screening for their patients.<\/p>\n<h2>When to Screen<\/h2>\n<p>The Ontario Cervical Screening Program recommends that women who are or have been sexually active have a Pap test every 3 years starting at age 25. Regular screening should continue until at least age 70 or when advised by a doctor or nurse practitioner to stop. Pap tests can stop at the age of 70 if a woman has had 3 or more normal tests in the previous 10 years.<\/p>\n<p>Women ages 25 to 70 need to get cervical screening even if they:<\/p>\n<ul>\n<li>feel healthy and have no symptoms<\/li>\n<li>are no longer sexually active<\/li>\n<li>have only had 1 sexual partner<\/li>\n<li>are in a same-sex relationship<\/li>\n<li>have been through menopause<\/li>\n<li>have no family history of cervical cancer<\/li>\n<li>have received the HPV vaccine<\/li>\n<\/ul>\n<p>Women who have had a hysterectomy should talk to their doctor or nurse practitioner to see if they need to continue cervical screening.<\/p>\n<h2>How to Screen<\/h2>\n<p>The Pap test (also known as the Pap smear) is the most common way to find cell changes in the cervix that may lead to cancer:<\/p>\n<p>A Pap test looks for abnormal cells in the cervix. Sometimes cervical cells become abnormal over time as they die and then renew. They are also abnormal when a woman has a human papillomavirus (HPV) infection. Abnormal cells often return to normal on their own. But if they do not, they need to be found and, if necessary, treated. Otherwise, slowly over a number of years, they may become cervical cancer.<\/p>\n<p>A Pap test does not test for other cancers in the reproductive organs, such as ovarian cancer, or for sexually transmitted infections, such as chlamydia, gonorrhea or HIV.<\/p>\n<p>A Pap test is done in a healthcare provider\u2019s office, either by a doctor or nurse practitioner. An instrument called a speculum is inserted into a woman\u2019s vagina so her cervix can be seen. Cells are taken from the surface of the cervix and are sent to a laboratory to be examined under a microscope. Some women may find it uncomfortable or embarrassing, but it takes only a few minutes.<\/p>\n<h2>Where to Get Screened<\/h2>\n<p>Make an appointment with your doctor or nurse practitioner. If you do not have a doctor or nurse practitioner, you can register for Health Care Connect at\u00a01-800-445-1822\u00a0or visit the Health Care Connect website <a href=\"https:\/\/www.ontario.ca\/page\/find-family-doctor-or-nurse-practitioner\" target=\"_blank\" rel=\"noopener\">Find a doctor <span class=\" sr-only\">(opens in a new tab)<\/span><\/a><\/p>\n<p>Some public health units and community health centres also provide Pap tests.<\/p>\n<p>For information on healthcare services in your community, visit:\u00a0<a href=\"https:\/\/www.ontario.ca\/locations\/health\/\" target=\"_blank\" rel=\"noopener\">Health Care Options <span class=\" sr-only\">(opens in a new tab)<\/span><\/a><\/p>\n<p>The Pap test is sent to a lab. The results are sent back to the doctor or nurse practitioner who will then advise the patient on appropriate follow-up.<\/p>\n<h2>Screening Letters Sent to the Public<\/h2>\n<p>Cancer Care Ontario sends letters to eligible women ages 30 to 69 to book a Pap test through the Ontario Cervical Screening Program. We also send letters to women ages 21 to 69 to inform them of their test results and remind them when it is time to return for screening.<\/p>\n<p>Letters Women May Receive<\/p>\n<ul>\n<li>Correspondence privacy notice<\/li>\n<li>Invitation and recall letters<\/li>\n<li>Invitation and recall reminder letters<\/li>\n<li>Normal result letter<\/li>\n<li>Unsatisfactory result letter<\/li>\n<li>Abnormal result letter<\/li>\n<li>Abnormal result follow-up reminder<\/li>\n<\/ul>\n<h2>Resources for the Public<\/h2>\n<h3>Pap Test Information<\/h3>\n<ul>\n<li><a href=\"https:\/\/www.cancercareontario.ca\/sites\/ccocancercare\/files\/assets\/OCSPRightTimeBrochure.pdf\" target=\"_blank\" rel=\"noopener\">Pap test brochure \u2013 Take a Closer Look <span class=\" sr-only\">(opens in a new tab)<\/span><\/a><\/li>\n<li><a href=\"https:\/\/www.cancercareontario.ca\/sites\/ccocancercare\/files\/assets\/OCSPAbnormalPapTest.pdf\" target=\"_blank\" rel=\"noopener\">Cervical Cancer Screening \u2013 What your abnormal Pap test means <span class=\" sr-only\">(opens in a new tab)<\/span><\/a><\/li>\n<\/ul>\n<h3>Human Papillomavirus (HPV)<\/h3>\n<ul>\n<li><a href=\"https:\/\/www.cancercareontario.ca\/en\/types-of-cancer\/cervical\/human-papillomavirus-hpv\" target=\"_blank\" rel=\"noopener\">Human Papillomavirus (HPV) and cervical cancer <span class=\" sr-only\">(opens in a new tab)<\/span><\/a><\/li>\n<li><a href=\"https:\/\/www.canada.ca\/en\/public-health\/services\/infectious-diseases\/sexual-health-sexually-transmitted-infections\/hpv-prevention-vaccines-questions-answers.html\" target=\"_blank\" rel=\"noopener\">Public Health Agency of Canada HPV Vaccine Q&amp;A <span class=\" sr-only\">(opens in a new tab)<\/span><\/a><\/li>\n<\/ul>\n<h3>Helpful Websites<\/h3>\n<ul>\n<li><a href=\"https:\/\/www.mycanceriq.ca\/\" target=\"_blank\" rel=\"noopener\">My CancerIQ <span class=\" sr-only\">(opens in a new tab)<\/span><\/a><\/li>\n<li><a href=\"https:\/\/www.cancer.ca\/en\/cancer-information\/cancer-type\/cervical\/screening\/?region=on\" target=\"_blank\" rel=\"noopener\">Canadian Cancer Society <span class=\" sr-only\">(opens in a new tab)<\/span><\/a><\/li>\n<\/ul>\n<\/div>\n<\/div>\n<\/div>\n<div class=\"panel panel-default\">\n<div class=\"panel-heading\">\n<h4 class=\"panel-title\"><a class=\"collapsed\" href=\"#collapse2\" data-toggle=\"collapse\" data-parent=\"#accordion\" aria-expanded=\"false\">Information for Providers<\/a><\/h4>\n<\/div>\n<div id=\"collapse2\" class=\"panel-collapse collapse\" aria-expanded=\"false\">\n<div class=\"panel-body\">\n<ul>\n<li><a href=\"https:\/\/www.cancercareontario.ca\/en\/guidelines-advice\/cancer-continuum\/screening\/resources-healthcare-providers\/cervical-screening-guidelines-summary\" target=\"_blank\" rel=\"noopener\">Guidelines and advice <span class=\" sr-only\">(opens in a new tab)<\/span><\/a><\/li>\n<li><a href=\"https:\/\/www.cancercareontario.ca\/en\/guidelines-advice\/treatment-modality\/primary-care\/screening-activity-report\" target=\"_blank\" rel=\"noopener\">Screening Activity Report <span class=\" sr-only\">(opens in a new tab)<\/span><\/a><\/li>\n<li><a href=\"https:\/\/www.cancercareontario.ca\/en\/guidelines-advice\/treatment-modality\/primary-care\/physician-linked-correspondence\" target=\"_blank\" rel=\"noopener\">Physician-Linked Correspondence <span class=\" sr-only\">(opens in a new tab)<\/span><\/a><\/li>\n<\/ul>\n<\/div>\n<\/div>\n<\/div>\n<\/div>\n<h2>Our Team<\/h2>\n<div class=\"toh-tc-row\">\n<div class=\"col-md-6 col-sm-6 col-xs-12 mb-4\">\n<div class=\"toh-tc h-100\">\n<div class=\"toh-tc-body text-center\">\n<p><img decoding=\"async\" src=\"\/wp-content\/uploads\/2021\/01\/Ellen-Alie-Profile.jpg\" alt=\"Ellen Odai Alie\" \/><\/p>\n<h4 class=\"toh-tc-title\">Ellen Odai Alie<\/h4>\n<p class=\"toh-tc-text\">Manager, Integrated Cancer Screening and Prevention and Corporate Manager, Breast Imaging<\/p>\n<\/div>\n<\/div>\n<\/div>\n<div class=\"col-md-6 col-sm-6 col-xs-12 mb-4\">\n<div class=\"toh-tc h-100\">\n<div class=\"toh-tc-body text-center\">\n<p><img decoding=\"async\" src=\"\/wp-content\/uploads\/2021\/06\/AnnaWilkinson.jpg\" alt=\"Dr Anna Wilkinson\" \/><\/p>\n<h4 class=\"toh-tc-title\">Dr. Anna Wilkinson<\/h4>\n<p class=\"toh-tc-text\">Regional Primary Care Lead<\/p>\n<\/div>\n<\/div>\n<\/div>\n<div class=\"col-md-6 col-sm-6 col-xs-12 mb-4\">\n<div class=\"toh-tc h-100\">\n<div class=\"toh-tc-body text-center\">\n<p><img decoding=\"async\" src=\"\/wp-content\/uploads\/2021\/06\/HeleneGagne.jpg\" alt=\"Dr. H\u00e9l\u00e8ne Gagn\u00e9\" \/><\/p>\n<h4 class=\"toh-tc-title\">Dr. H\u00e9l\u00e8ne Gagn\u00e9<\/h4>\n<p class=\"toh-tc-text\">Regional Cervical Screening and Colposcopy Lead<\/p>\n<\/div>\n<\/div>\n<\/div>\n<\/div>\n<p><!--\n\n\n<div class=\"card\">\n\n\n<h2 class=\"card-header h2-mock\">Contact us<\/h2>\n\n\n\n\n<div class=\"card-body\">\n\nEmail: <a href=\"mailto:screening@toh.ca\">screening@toh.ca<\/a>\n\nPhone: 613-798-5555 ext. 15811\n\n<\/div>\n\n\n<\/div>\n\n\n--><\/p>\n","protected":false},"excerpt":{"rendered":"<p>Information for the Public The Ontario Cervical Screening Program is an organized screening program run by Cancer Care Ontario. The program\u2019s goal is to reduce the risk of developing or dying from cervical cancer by increasing the percentage of women who get screened regularly and who have timely and appropriate follow-up of abnormal results. The [&hellip;]<\/p>\n","protected":false},"author":25,"featured_media":0,"parent":8910,"menu_order":17,"comment_status":"closed","ping_status":"closed","template":"","meta":{"_acf_changed":false,"_mc_calendar":[],"footnotes":""},"class_list":["post-59019","page","type-page","status-publish","hentry"],"acf":[],"wps_subtitle":"","_links":{"self":[{"href":"https:\/\/www.ottawahospital.on.ca\/en\/wp-json\/wp\/v2\/pages\/59019","targetHints":{"allow":["GET"]}}],"collection":[{"href":"https:\/\/www.ottawahospital.on.ca\/en\/wp-json\/wp\/v2\/pages"}],"about":[{"href":"https:\/\/www.ottawahospital.on.ca\/en\/wp-json\/wp\/v2\/types\/page"}],"author":[{"embeddable":true,"href":"https:\/\/www.ottawahospital.on.ca\/en\/wp-json\/wp\/v2\/users\/25"}],"replies":[{"embeddable":true,"href":"https:\/\/www.ottawahospital.on.ca\/en\/wp-json\/wp\/v2\/comments?post=59019"}],"version-history":[{"count":0,"href":"https:\/\/www.ottawahospital.on.ca\/en\/wp-json\/wp\/v2\/pages\/59019\/revisions"}],"up":[{"embeddable":true,"href":"https:\/\/www.ottawahospital.on.ca\/en\/wp-json\/wp\/v2\/pages\/8910"}],"wp:attachment":[{"href":"https:\/\/www.ottawahospital.on.ca\/en\/wp-json\/wp\/v2\/media?parent=59019"}],"curies":[{"name":"wp","href":"https:\/\/api.w.org\/{rel}","templated":true}]}}