{"id":5898,"date":"2016-11-09T14:25:46","date_gmt":"2016-11-09T19:25:46","guid":{"rendered":"http:\/\/52.229.122.34\/en\/?page_id=5898"},"modified":"2025-10-20T13:22:53","modified_gmt":"2025-10-20T17:22:53","slug":"teaching-partners","status":"publish","type":"page","link":"https:\/\/www.ottawahospital.on.ca\/en\/educationandlearning\/teaching-partners\/","title":{"rendered":"Teaching Partners"},"content":{"rendered":"<p>Together with our partners, The Ottawa Hospital Research Institute (OHRI), the University of Ottawa, La Cit\u00e9 coll\u00e9giale and Algonquin College, we are becoming nationally recognized for outstanding patient care, education and research. The Ottawa Hospital offers exceptional training opportunities for undergraduate, graduate and postdoctoral students.<\/p>\n<h2>About the Ottawa Hospital Research Institute<\/h2>\n<p>The Ottawa Hospital Research Institute (OHRI) is the research arm of The Ottawa Hospital and is an affiliated institute of the University of Ottawa, closely associated with the University\u2019s Faculties of Medicine and Health Sciences. The OHRI includes more than 1,500 scientists, clinical investigators, graduate students, postdoctoral fellows and staff conducting research to improve the understanding, prevention, diagnosis and treatment of <a id=\"_GoBack\" name=\"_GoBack\"><\/a> human disease.<\/p>\n<p><a href=\"https:\/\/www.ohri.ca\/\" target=\"_blank\" rel=\"noopener\">www.ohri.ca<\/a><\/p>\n<h2>About the University of Ottawa<\/h2>\n<p>The University of Ottawa, one of Canada\u2019s top 10 research universities, welcomes over 5,300 graduate students each year. Through their research activities, students contribute significantly to discoveries, innovation and prosperity in various fields. Training tomorrow\u2019s leaders is at the heart of the University of Ottawa\u2019s mission<\/p>\n<p>The University of Ottawa\u2019s Faculty of Medicine is the only school in North America that teaches medicine in both official languages. The Faculty has seven research institutes\u2014all in partnership with some 23 teaching hospitals and related institutes. It is home to both the Canadian Stroke and the Stem Cell Networks of Excellence. Finally, as the first medical school in Canada to make extensive use of technology in the classroom, it has garnered international recognition for its e-curriculum.<\/p>\n<p><a title=\"University of Ottawa\" href=\"https:\/\/www.uottawa.ca\/en\" target=\"_blank\" rel=\"noopener\">www.uOttawa.ca<\/a>, <a href=\"https:\/\/www.uottawa.ca\/faculty-medicine\/\">Faculty of Medecine<\/a><\/p>\n<h2>About La Cit\u00e9 coll\u00e9giale<\/h2>\n<p>La Cit\u00e9 coll\u00e9giale is the largest French-language college of applied arts and technology in Ontario. Since opening its doors in September 1990, the College has welcomed over 135,000 students. As of 2010-2011, over 90 programs are offered at La Cit\u00e9 coll\u00e9giale; the College is the sole French-language provider, in Ontario, of more than 50 of these. La Cit\u00e9 coll\u00e9giale also provides a whole range of apprenticeship programs in the construction, motive power, services, and industrial sectors.<\/p>\n<p><a href=\"https:\/\/www.lacitec.on.ca\/\" target=\"_blank\" rel=\"noopener\">www.lacitec.on.ca<\/a><\/p>\n<h2>About Algonquin College<\/h2>\n<p>Algonquin College of Applied Arts and Technology is located in the Nation\u2019s Capital and the Ottawa Valley and is the largest college in Eastern Ontario. Algonquin is a leader in the integration of technology into learning. Algonquin College has a diverse population of approximately 18,000 full-time students and more than 35,000 part-time registrations in over 170 programs and is committed to student success.<\/p>\n<p><a href=\"https:\/\/www.algonquincollege.com\/\" target=\"_blank\" rel=\"noopener\">www.algonquincollege.com<\/a><\/p>\n","protected":false},"excerpt":{"rendered":"<p>Together with our partners, The Ottawa Hospital Research Institute (OHRI), the University of Ottawa, La Cit\u00e9 coll\u00e9giale and Algonquin College, we are becoming nationally recognized for outstanding patient care, education and research. The Ottawa Hospital offers exceptional training opportunities for undergraduate, graduate and postdoctoral students. About the Ottawa Hospital Research Institute The Ottawa Hospital Research [&hellip;]<\/p>\n","protected":false},"author":25,"featured_media":0,"parent":63,"menu_order":3,"comment_status":"closed","ping_status":"closed","template":"","meta":{"_acf_changed":false,"_mc_calendar":[],"footnotes":""},"class_list":["post-5898","page","type-page","status-publish","hentry"],"acf":[],"wps_subtitle":"","_links":{"self":[{"href":"https:\/\/www.ottawahospital.on.ca\/en\/wp-json\/wp\/v2\/pages\/5898","targetHints":{"allow":["GET"]}}],"collection":[{"href":"https:\/\/www.ottawahospital.on.ca\/en\/wp-json\/wp\/v2\/pages"}],"about":[{"href":"https:\/\/www.ottawahospital.on.ca\/en\/wp-json\/wp\/v2\/types\/page"}],"author":[{"embeddable":true,"href":"https:\/\/www.ottawahospital.on.ca\/en\/wp-json\/wp\/v2\/users\/25"}],"replies":[{"embeddable":true,"href":"https:\/\/www.ottawahospital.on.ca\/en\/wp-json\/wp\/v2\/comments?post=5898"}],"version-history":[{"count":0,"href":"https:\/\/www.ottawahospital.on.ca\/en\/wp-json\/wp\/v2\/pages\/5898\/revisions"}],"up":[{"embeddable":true,"href":"https:\/\/www.ottawahospital.on.ca\/en\/wp-json\/wp\/v2\/pages\/63"}],"wp:attachment":[{"href":"https:\/\/www.ottawahospital.on.ca\/en\/wp-json\/wp\/v2\/media?parent=5898"}],"curies":[{"name":"wp","href":"https:\/\/api.w.org\/{rel}","templated":true}]}}