{"id":4547,"date":"2016-11-07T16:02:55","date_gmt":"2016-11-07T21:02:55","guid":{"rendered":"http:\/\/52.229.122.34\/en\/?page_id=4547"},"modified":"2026-02-24T09:00:29","modified_gmt":"2026-02-24T14:00:29","slug":"senior-management-team","status":"publish","type":"page","link":"https:\/\/www.ottawahospital.on.ca\/en\/about-us\/our-leadership-team\/senior-management-team\/","title":{"rendered":"Senior Management Team"},"content":{"rendered":"<div class=\"callout-text-inner toh-green\">\n<p class=\"callout-text\">The profiles of the Senior Management Team are organized in alphabetical order. For an organizational structure, please see the <a href=\"https:\/\/www.ottawahospital.on.ca\/en\/documents\/2020\/12\/senior-management-team.pdf\/\">organizational chart<\/a>.<\/p>\n<\/div>\n<div class=\"row1\">\n<div class=\"col-md-3 col-sm-4 col-xs-6\">\n<div class=\"card\" style=\"width: 18rem;\">\n<p><img decoding=\"async\" class=\"img-responsive card-img-top alignnone wp-image-74559 size-full\" src=\"https:\/\/www.ottawahospital.on.ca\/wp-content\/uploads\/2022\/12\/Cam-Profile-picture.jpg\" alt=\"Cam's profile picture\" width=\"135\" height=\"169\" \/><\/p>\n<div class=\"card-body\">\n<h5 class=\"card-title\">Cameron Love<\/h5>\n<p class=\"card-text\">President and CEO<\/p>\n<p class=\"card-text\"><a href=\"\/en\/about-us\/our-leadership-team\/senior-management-team\/cameron-love\/\" target=\"_blank\" rel=\"noopener\">Biography<\/a><\/p>\n<p class=\"card-text\"><strong>Contact Details<\/strong><br \/>\n613-737-8899 ext. 14800<br \/>\n<a href=\"mailto:Cameron.Love@toh.ca\">Cameron.Love@toh.ca<\/a><\/p>\n<\/div>\n<\/div>\n<\/div>\n<div class=\"col-md-3 col-sm-4 col-xs-6\">\n<div class=\"card\" style=\"width: 18rem;\">\n<p><img decoding=\"async\" class=\"img-responsive card-img-top alignnone wp-image-53934 size-full\" src=\"https:\/\/www.ottawahospital.on.ca\/wp-content\/uploads\/2020\/06\/Virgina-Roth.jpg\" alt=\"Virgina Roth\" width=\"135\" height=\"169\" \/><\/p>\n<div class=\"card-body\">\n<h5 class=\"card-title\">Dr. Virginia Roth<\/h5>\n<p class=\"card-text\">Chief of Staff<\/p>\n<p class=\"card-text\"><a href=\"\/en\/about-us\/our-leadership-team\/senior-management-team\/dr-virginia-roth\/\">Biography<\/a><\/p>\n<p class=\"card-text\"><strong>Contact Details<\/strong><br \/>\n613-737-8899 ext. 77240<br \/>\n<a href=\"mailto:Virginia.Roth@toh.ca\"> Virginia.Roth@toh.ca<\/a><\/p>\n<\/div>\n<\/div>\n<\/div>\n<div class=\"col-md-3 col-sm-4 col-xs-6\">\n<div class=\"card\" style=\"width: 18rem;\">\n<p><img decoding=\"async\" class=\"img-responsive card-img-top\" src=\"\/wp-content\/uploads\/2024\/03\/David-Neilipovitz-Profile-picture.jpg\" alt=\"Dr. Dave Neilipovitz\" width=\"135\" height=\"169\" \/><\/p>\n<div class=\"card-body\">\n<h5 class=\"card-title\">Dr. Dave Neilipovitz<\/h5>\n<p class=\"card-text\">Head, Department of Anesthesiology and Pain Medicine<\/p>\n<p class=\"card-text\"><a href=\"https:\/\/www.ottawahospital.on.ca\/en\/about-us\/our-leadership-team\/senior-management-team\/dr-dave-neilipovitz\/\">Biography<\/a><\/p>\n<p class=\"card-text\"><strong>Contact Details<\/strong><br \/>\n613-761-4940<br \/>\n<a href=\"mailto:dneilipovitz@toh.ca\">dneilipovitz@toh.ca<\/a><\/p>\n<\/div>\n<\/div>\n<\/div>\n<div class=\"col-md-3 col-sm-4 col-xs-6\">\n<div class=\"card\" style=\"width: 18rem;\">\n<p><img decoding=\"async\" class=\"img-responsive card-img-top\" src=\"\/wp-content\/uploads\/2021\/04\/Dr.-David-Maberly.jpg\" alt=\"Dr. David Maberly\" width=\"135\" height=\"169\" \/><\/p>\n<div class=\"card-body\">\n<h5 class=\"card-title\">Dr. David Maberley<\/h5>\n<p class=\"card-text\">Head, Department of Ophthalmology<\/p>\n<p class=\"card-text\"><a href=\"\/en\/about-us\/our-leadership-team\/senior-management-team\/dr-david-maberley\/\">Biography<\/a><\/p>\n<p class=\"card-text\"><strong>Contact Details<\/strong><br \/>\n<a href=\"mailto:dmaberley@toh.ca\">dmaberley@toh.ca<\/a><\/p>\n<\/div>\n<\/div>\n<\/div>\n<div class=\"col-md-3 col-sm-4 col-xs-6\">\n<div class=\"card\" style=\"width: 18rem;\">\n<p><img decoding=\"async\" class=\"img-responsive card-img-top\" src=\"\/wp-content\/uploads\/2016\/11\/DrDavidSchramm.jpg\" alt=\"Dr. David Schramm\" width=\"135\" height=\"169\" \/><\/p>\n<div class=\"card-body\">\n<h5 class=\"card-title\">Dr. David Schramm<\/h5>\n<p class=\"card-text\">Head, Department of Otolaryngology \/ Head and Neck Surgery<\/p>\n<p class=\"card-text\"><a href=\"\/en\/about-us\/our-leadership-team\/senior-management-team\/dr-david-schramm\/\">Biography<\/a><\/p>\n<p class=\"card-text\"><strong>Contact Details<\/strong><br \/>\n613-798-5555 ext. 78847<br \/>\n<a href=\"mailto:dschramm@toh.ca\">dschramm@toh.ca<\/a><\/p>\n<\/div>\n<\/div>\n<\/div>\n<div class=\"col-md-3 col-sm-4 col-xs-6\">\n<div class=\"card\" style=\"width: 18rem;\">\n<p><img decoding=\"async\" class=\"img-responsive card-img-top alignnone wp-image-51249 size-full\" src=\"\/wp-content\/uploads\/2021\/04\/Dianne-Scharf.jpg\" alt=\"Dianne Scharf\" width=\"135\" height=\"169\" \/><\/p>\n<div class=\"card-body\">\n<h5 class=\"card-title\">Dianne Scharf<\/h5>\n<p class=\"card-text\"><span data-olk-copy-source=\"MessageBody\">Internal Auditor &amp; Director, Audit, Risk, and Controls<\/span><\/p>\n<p class=\"card-text\"><a href=\"\/en\/about-us\/our-leadership-team\/senior-management-team\/dianne-scharf\/\">Biography<\/a><\/p>\n<p class=\"card-text\"><strong>Contact Details<\/strong><br \/>\n613-798-5555 ext. 19447<br \/>\n<a href=\"mailto:discharf@toh.ca\">discharf@toh.ca<\/a><\/p>\n<\/div>\n<\/div>\n<\/div>\n<div class=\"col-md-3 col-sm-4 col-xs-6\">\n<div class=\"card\" style=\"width: 18rem;\">\n<p><img decoding=\"async\" class=\"img-responsive card-img-top\" src=\"\/wp-content\/uploads\/2024\/06\/Auer.jpg\" alt=\"Dr. Rebecca Auer\" width=\"135\" height=\"169\" \/><\/p>\n<div class=\"card-body\">\n<h5 class=\"card-title\">Dr. Rebecca Auer<\/h5>\n<p class=\"card-text\">CEO &amp; Scientific Director, OHRI and Executive Vice-President, Research and Innovation, TOH<\/p>\n<p class=\"card-text\"><a href=\"https:\/\/www.ottawahospital.on.ca\/en\/about-us\/our-leadership-team\/senior-management-team\/dr-rebecca-auer\/\">Biography<\/a><\/p>\n<p class=\"card-text\"><strong>Contact Details<\/strong><br \/>\n613-737-8899 ext. 79017<br \/>\n<a href=\"mailto:Rebecca.Auer@ohri.ca\">Rebecca.Auer@ohri.ca<\/a><\/p>\n<\/div>\n<\/div>\n<\/div>\n<div class=\"col-md-3 col-sm-4 col-xs-6\">\n<div class=\"card\" style=\"width: 18rem;\">\n<p><img decoding=\"async\" class=\"img-responsive card-img-top\" src=\"\/wp-content\/uploads\/2021\/06\/GregKnoll.jpg\" alt=\"Dr. Gregory Knoll\" width=\"135\" height=\"169\" \/><\/p>\n<div class=\"card-body\">\n<h5 class=\"card-title\">Dr. Gregory Knoll<\/h5>\n<p class=\"card-text\">Head, Department of Medicine<\/p>\n<p class=\"card-text\"><a href=\"\/en\/about-us\/our-leadership-team\/senior-management-team\/dr-gregory-knoll\/\">Biography<\/a><\/p>\n<p class=\"card-text\"><strong>Contact Details<\/strong><br \/>\n613-798-5555 ext. 82536\/72297<br \/>\n<a href=\"mailto:Gknoll@toh.ca\">Gknoll@toh.ca<\/a><\/p>\n<\/div>\n<\/div>\n<\/div>\n<div class=\"col-md-3 col-sm-4 col-xs-6\">\n<div class=\"card\" style=\"width: 18rem;\">\n<p><img decoding=\"async\" class=\"img-responsive card-img-top\" src=\"\/wp-content\/uploads\/2025\/12\/MichaelWoo-Profile-Pic.jpg\" alt=\"Dr.Michael Woo\" width=\"135\" height=\"169\" \/><\/p>\n<div class=\"card-body\">\n<h5 class=\"card-title\">Dr. Michael Woo<\/h5>\n<p class=\"card-text\">Head, Department of Emergency Medicine<\/p>\n<p class=\"card-text\"><a href=\"\/en\/about-us\/our-leadership-team\/senior-management-team\/dr-michael-woo\/\">Biography<\/a><\/p>\n<p class=\"card-text\"><strong>Contact Details<\/strong><br \/>\n613-798-5555 ext. 14347<br \/>\n<a title=\"mailto:michael.woo@toh.ca\" href=\"mailto:michael.woo@toh.ca\" data-linkindex=\"0\" data-olk-copy-source=\"MessageBody\">michael.woo@toh.ca<\/a><\/p>\n<\/div>\n<\/div>\n<\/div>\n<div class=\"col-md-3 col-sm-4 col-xs-6\">\n<div class=\"card\" style=\"width: 18rem;\">\n<p><img decoding=\"async\" class=\"img-responsive card-img-top alignnone wp-image-51249 size-full\" src=\"\/wp-content\/uploads\/2021\/04\/Honorata-Bittner.jpg\" alt=\"Honorata Bittner\" width=\"135\" height=\"169\" \/><\/p>\n<div class=\"card-body\">\n<h5 class=\"card-title\">Honorata Bittner<\/h5>\n<p class=\"card-text\">Executive Vice-President and Chief Strategy and People Officer<\/p>\n<p class=\"card-text\"><a href=\"\/en\/about-us\/our-leadership-team\/senior-management-team\/honorata-bittner\/\">Biography<\/a><\/p>\n<p class=\"card-text\"><strong>Contact Details<\/strong><br \/>\n613-737-8899 ext. 14475<br \/>\n<a href=\"mailto:honorata.bittner@toh.ca\">honorata.bittner@toh.ca<\/a><\/p>\n<\/div>\n<\/div>\n<\/div>\n<div class=\"col-md-3 col-sm-4 col-xs-6\">\n<div class=\"card\" style=\"width: 18rem;\">\n<p><img decoding=\"async\" class=\"alignnone size-full wp-image-56201 img-responsive card-img-top\" src=\"https:\/\/www.ottawahospital.on.ca\/wp-content\/uploads\/2020\/10\/Jess-Fiedorowic-profile.jpg\" alt=\"Jess Fiedorowic\" width=\"135\" height=\"169\" \/><\/p>\n<div class=\"card-body\">\n<h5 class=\"card-title\">Dr. Jess Fiedorowicz<\/h5>\n<p class=\"card-text\">Head, Department of Mental Health<\/p>\n<p class=\"card-text\"><a href=\"\/en\/about-us\/our-leadership-team\/senior-management-team\/jess-fiedorowicz\/\">Biography<\/a><\/p>\n<p class=\"card-text\"><strong>Contact Details<\/strong><br \/>\n613-737-8327<br \/>\n<a href=\"mailto:jfiedorowicz@toh.ca\">jfiedorowicz@toh.ca<\/a><\/p>\n<\/div>\n<\/div>\n<\/div>\n<div class=\"col-md-3 col-sm-4 col-xs-6\">\n<div class=\"card\" style=\"width: 18rem;\">\n<p><img decoding=\"async\" class=\"img-responsive card-img-top\" src=\"\/wp-content\/uploads\/2021\/04\/JoanneRead.jpg\" alt=\"Joanne Read\" width=\"135\" height=\"169\" \/><\/p>\n<div class=\"card-body\">\n<h5 class=\"card-title\">Joanne Read<\/h5>\n<p class=\"card-text\">Executive Vice-President and Chief Planning and Development Officer<\/p>\n<p class=\"card-text\"><a href=\"\/en\/about-us\/our-leadership-team\/senior-management-team\/joanne-read\/\">Biography<\/a><\/p>\n<p class=\"card-text\"><strong>Contact Details<\/strong><br \/>\n613-798-5555 ext. 10964<br \/>\n<a href=\"mailto:joanne.read@toh.ca\">Joanne.Read@toh.ca<\/a><\/p>\n<\/div>\n<\/div>\n<\/div>\n<div class=\"col-md-3 col-sm-4 col-xs-6\">\n<div class=\"card\" style=\"width: 18rem;\">\n<p><img decoding=\"async\" class=\"img-responsive card-img-top\" src=\"\/wp-content\/uploads\/2023\/10\/MadeleineMontpetit-Profile.jpg\" alt=\"Dr. Madeleine Montpetit\" width=\"135\" height=\"169\" \/><\/p>\n<div class=\"card-body\">\n<h5 class=\"card-title\">Dr. Madeleine Montpetit<\/h5>\n<p class=\"card-text\">Head, Department of Family Medicine<\/p>\n<p class=\"card-text\"><a href=\"\/en\/about-us\/our-leadership-team\/senior-management-team\/dr-madeleine-montpetit\/\">Biography<\/a><\/p>\n<p class=\"card-text\"><strong>Contact Details<\/strong><br \/>\n613-738-8400 ext. 82501<br \/>\n<a href=\"mailto:mamontpetit@toh.ca\">mamontpetit@toh.ca<\/a><\/p>\n<\/div>\n<\/div>\n<\/div>\n<div class=\"col-md-3 col-sm-4 col-xs-6\">\n<div class=\"card\" style=\"width: 18rem;\">\n<p><img decoding=\"async\" class=\"img-responsive card-img-top\" src=\"\/wp-content\/uploads\/2026\/02\/Amel_Arnaout-Profile-Pic.jpg\" alt=\"Dr. Amel Arnaout\" width=\"135\" height=\"169\" \/><\/p>\n<div class=\"card-body\">\n<h5 class=\"card-title\">Dr. Amel Arnaout<\/h5>\n<p class=\"card-text\">Senior Medical Officer<\/p>\n<p class=\"card-text\"><a href=\"\/en\/about-us\/our-leadership-team\/senior-management-team\/dr-amel-arnaout\/\">Biography<\/a><\/p>\n<p class=\"card-text\"><strong>Contact Details<\/strong><br \/>\n613-737-8459<br \/>\n<a title=\"mailto:amel.arnaout@toh.ca\" href=\"mailto:amel.arnaout@toh.ca\" data-linkindex=\"0\" data-olk-copy-source=\"MessageBody\">amel.arnaout@toh.ca<\/a><\/p>\n<\/div>\n<\/div>\n<\/div>\n<div class=\"col-md-3 col-sm-4 col-xs-6\">\n<div class=\"card\" style=\"width: 18rem;\">\n<p><img decoding=\"async\" class=\"img-responsive card-img-top\" src=\"\/wp-content\/uploads\/2021\/06\/Kyeremanteng.jpg\" alt=\"Dr. Kwadwo Kyeremanteng\" width=\"135\" height=\"169\" \/><\/p>\n<div class=\"card-body\">\n<h5 class=\"card-title\">Dr. Kwadwo Kyeremanteng<\/h5>\n<p class=\"card-text\">Head, Department of Critical Care<\/p>\n<p class=\"card-text\"><a href=\"\/en\/about-us\/our-leadership-team\/senior-management-team\/dr-kwadwo-kyeremanteng\/\">Biography<\/a><\/p>\n<p class=\"card-text\"><strong>Contact Details<\/strong><br \/>\n613-798-5555 ext. 16045<br \/>\n<a href=\"mailto:kkyeremanteng@toh.ca\">kkyeremanteng@toh.ca<\/a><\/p>\n<\/div>\n<\/div>\n<\/div>\n<div class=\"col-md-3 col-sm-4 col-xs-6\">\n<div class=\"card\" style=\"width: 18rem;\">\n<p><img decoding=\"async\" class=\"img-responsive card-img-top alignnone wp-image-62415 size-full\" src=\"https:\/\/www.ottawahospital.on.ca\/wp-content\/uploads\/2021\/04\/Melanie-Gruer-Profile.jpg\" alt=\"Melanie Gruer\" width=\"135\" height=\"169\" \/><\/p>\n<div class=\"card-body\">\n<h5 class=\"card-title\">Melanie Gruer<\/h5>\n<p class=\"card-text\">Chief Communications Officer<\/p>\n<p class=\"card-text\"><a href=\"\/en\/about-us\/our-leadership-team\/senior-management-team\/melanie-gruer\/\">Biography<\/a><\/p>\n<p class=\"card-text\"><strong>Contact Details<\/strong><br \/>\n613-737-8749<br \/>\n<a href=\"mailto: melanie.gruer@toh.ca\">melanie.gruer@toh.ca<\/a><\/p>\n<\/div>\n<\/div>\n<\/div>\n<div class=\"col-md-3 col-sm-4 col-xs-6\">\n<div class=\"card\" style=\"width: 18rem;\">\n<p><img decoding=\"async\" class=\"img-responsive card-img-top alignnone wp-image-62415 size-full\" src=\"https:\/\/www.ottawahospital.on.ca\/wp-content\/uploads\/2025\/03\/Jason-Frenk-Profile-picture.jpg\" alt=\"Dr. Jason Frank\" width=\"135\" height=\"169\" \/><\/p>\n<div class=\"card-body\">\n<h5 class=\"card-title\">Dr Jason R. Frank<\/h5>\n<p class=\"card-text\">Interim Vice-President, Medical Education, TOH<\/p>\n<p class=\"card-text\"><a href=\"https:\/\/www.ottawahospital.on.ca\/en\/about-us\/our-leadership-team\/senior-management-team\/dr-jason-r-frank\/\">Biography<\/a><\/p>\n<p class=\"card-text\"><strong>Contact Details<\/strong><br \/>\n613-737-8459<br \/>\n<a href=\"mailto: jfrank@toh.ca\">jfrank@toh.ca<\/a><\/p>\n<\/div>\n<\/div>\n<\/div>\n<div class=\"col-md-3 col-sm-4 col-xs-6\">\n<div class=\"card\" style=\"width: 18rem;\">\n<p><img decoding=\"async\" class=\"img-responsive wp-image-5617 card-img-top\" src=\"\/wp-content\/uploads\/2016\/11\/CadieuxNathalie.jpg\" alt=\"Nathalie Cadieux\" width=\"135\" height=\"169\" \/><\/p>\n<div class=\"card-body\">\n<h5 class=\"card-title\">Nathalie Cadieux<\/h5>\n<p class=\"card-text\">Executive Vice President and Chief Financial Officer<\/p>\n<p class=\"card-text\"><a href=\"\/en\/about-us\/our-leadership-team\/senior-management-team\/nathalie-cadieux\/\">Biography<\/a><\/p>\n<p class=\"card-text\"><strong>Contact Details<\/strong><br \/>\n613-798-5555 ext. 16070<br \/>\n<a href=\"mailto:Nathalie.cadieux@toh.ca\">Nathalie.cadieux@toh.ca<\/a><\/p>\n<\/div>\n<\/div>\n<\/div>\n<p><!--\n\n\n<div class=\"col-md-3 col-sm-4 col-xs-6\">\n\n\n<div class=\"card\" style=\"width: 18rem;\">\n\n<img decoding=\"async\" class=\"img-responsive card-img-top\" src=\"\/wp-content\/uploads\/2016\/11\/MartinNyranne053_web.jpg\" alt=\"Nyranne Martin\" width=\"135\" height=\"169\" \/>\n\n\n<div class=\"card-body\">\n\n\n<h5 class=\"card-title\">Nyranne Martin<\/h5>\n\n\n<strong>Chief Legal &amp; Risk Officer <\/strong>\n\n\n<p class=\"card-text\"><a href=\"\/en\/about-us\/our-leadership-team\/senior-management-team\/nyranne-martin\/\">Biography<\/a><\/p>\n\n\n\n\n<p class=\"card-text\"><strong>Contact Details<\/strong>\n613-798-5555 ext. 13018\n<a href=\"mailto:Nyranne.martin@toh.ca\">Nyranne.martin@toh.ca<\/a><\/p>\n\n\n\n<\/div>\n\n\n<\/div>\n\n\n<\/div>\n\n\n--><!--\n\n\n<div class=\"col-md-3 col-sm-4 col-xs-6\">\n\n\n<div class=\"card\" style=\"width: 18rem;\">\n\n<img decoding=\"async\" class=\"img-responsive wp-image-5645 card-img-top\" src=\"\/wp-content\/uploads\/2016\/11\/ReneeLegareeWEB.jpg\" alt=\"Ren\u00e9e L\u00e9gar\u00e9\" width=\"135\" height=\"169\">\n\n\n<div class=\"card-body\">\n\n\n<h5 class=\"card-title\">Dr. Ren\u00e9e L\u00e9gar\u00e9<\/h5>\n\n\n\n\n<p class=\"card-text\">Executive Vice-President and Chief Human Resources Officer<\/p>\n\n\n\n\n<p class=\"card-text\"><a href=\"\/en\/about-us\/our-leadership-team\/senior-management-team\/renee-legare\/\">Biography<\/a><\/p>\n\n\n\n\n<p class=\"card-text\"><a href=\"\/en\/documents\/2017\/01\/renee-legare-revised-empl-contract.pdf\" target=\"_blank\" rel=\"noopener noreferrer\">Contract<\/a><\/p>\n\n\n\n\n<p class=\"card-text\"><strong>Contact Details<\/strong>\n613-761-4393\n<a href=\"mailto:Ren\u00e9e.L\u00e9gar\u00e9@toh.ca\">Ren\u00e9e.L\u00e9gar\u00e9@toh.ca<\/a><\/p>\n\n\n\n<\/div>\n\n\n<\/div>\n\n\n<\/div>\n\n\n--><\/p>\n<div class=\"col-md-3 col-sm-4 col-xs-6\">\n<div class=\"card\" style=\"width: 18rem;\">\n<p><img decoding=\"async\" class=\"img-responsive card-img-top\" src=\"\/wp-content\/uploads\/2025\/07\/Carole-Dennie-Profile-Picture.jpg\" alt=\"Dr Carole Dennie\" width=\"135\" height=\"169\" \/><\/p>\n<div class=\"card-body\">\n<h5 class=\"card-title\">Dr Carole Dennie<\/h5>\n<p class=\"card-text\">Head, Department of Medical Imaging<\/p>\n<p class=\"card-text\"><a href=\"\/en\/about-us\/our-leadership-team\/senior-management-team\/dr-carole-dennie\/\">Biography<\/a><\/p>\n<p class=\"card-text\"><strong>Contact Details<\/strong><br \/>\n613-737-8899 ext. 78571<br \/>\n<a href=\"mailto:cdennie@toh.ca\">cdennie@toh.ca<\/a><\/p>\n<\/div>\n<\/div>\n<\/div>\n<div class=\"col-md-3 col-sm-4 col-xs-6\">\n<div class=\"card\" style=\"width: 18rem;\">\n<p><img decoding=\"async\" class=\"img-responsive card-img-top\" src=\"\/wp-content\/uploads\/2022\/12\/Glen-Profile-picture.jpg\" alt=\"Glen's profile picture\" width=\"135\" height=\"169\" \/><\/p>\n<div class=\"card-body\">\n<h5 class=\"card-title\">Glen Kearns<\/h5>\n<p class=\"card-text\">Executive Vice-President and Chief Digital Officer<\/p>\n<p class=\"card-text\"><a href=\"\/en\/about-us\/our-leadership-team\/senior-management-team\/glen-kearns\/\">Biography<\/a><\/p>\n<p class=\"card-text\"><strong>Contact Details<\/strong><br \/>\n613-761-5067<br \/>\n<a href=\"mailto:Glen.Kearns@toh.ca\">Glen.Kearns@toh.ca<\/a><\/p>\n<\/div>\n<\/div>\n<\/div>\n<div class=\"col-md-3 col-sm-4 col-xs-6\">\n<div class=\"card\" style=\"width: 18rem;\">\n<p><img decoding=\"async\" class=\"img-responsive card-img-top\" src=\"https:\/\/www.ottawahospital.on.ca\/wp-content\/uploads\/2025\/01\/Bio-Profile-Pic-Balaa.jpg\" alt=\"Dr. Fady Balaa\" width=\"135\" height=\"169\" \/><\/p>\n<div class=\"card-body\">\n<h5 class=\"card-title\">Dr. Fady Balaa<\/h5>\n<p class=\"card-text\">Chair, Department of Surgery<\/p>\n<p class=\"card-text\"><a href=\"\/en\/about-us\/our-leadership-team\/senior-management-team\/dr-fady-balaa\/\">Biography<\/a><\/p>\n<p class=\"card-text\"><strong>Contact Details<\/strong><br \/>\n613-737-8899 ext. 71763<br \/>\n<a href=\"mailto:fbalaa@toh.ca\">fbalaa@toh.ca<\/a><\/p>\n<\/div>\n<\/div>\n<\/div>\n<div class=\"col-md-3 col-sm-4 col-xs-6\">\n<div class=\"card\" style=\"width: 18rem;\">\n<p><img decoding=\"async\" class=\"img-responsive card-img-top\" src=\"\/wp-content\/uploads\/2026\/02\/Sukhbir_Singhr_Profile.jpg\" alt=\"Dr.Sukhbir Singh\" width=\"135\" height=\"169\" \/><\/p>\n<div class=\"card-body\">\n<h5 class=\"card-title\">Dr. Sukhbir Singh (Sony)<\/h5>\n<p class=\"card-text\">Head, Department of Obstetrics, Gynecology &amp; Newborn Care<\/p>\n<p class=\"card-text\"><a href=\"\/en\/about-us\/our-leadership-team\/senior-management-team\/dr-sukhbir-singh\/\">Biography<\/a><\/p>\n<p class=\"card-text\"><strong>Contact Details<\/strong><br \/>\n613-737-8899 ext. 712463<br \/>\n<a href=\"mailto:susingh@toh.ca\">susingh@toh.ca<\/a><\/p>\n<\/div>\n<\/div>\n<\/div>\n<div class=\"col-md-3 col-sm-4 col-xs-6\">\n<div class=\"card\" style=\"width: 18rem;\">\n<p><img decoding=\"async\" class=\"img-responsive card-img-top alignnone wp-image-220824 size-full\" src=\"https:\/\/www.ottawahospital.on.ca\/wp-content\/uploads\/2025\/05\/Profile-pictures-Reece-1.jpg\" alt=\"\" width=\"135\" height=\"169\" \/><\/p>\n<div class=\"card-body\">\n<h5 class=\"card-title\">Reece D. Bearnes<\/h5>\n<p class=\"card-text\">Executive Vice-President, Clinical Programs and Regional Vice-President, Cancer<\/p>\n<p class=\"card-text\"><a href=\"https:\/\/www.ottawahospital.on.ca\/en\/about-us\/our-leadership-team\/senior-management-team\/reece-d-bearnes\/\">Biography<\/a><\/p>\n<p class=\"card-text\"><strong>Contact Details<\/strong><br \/>\n<a href=\"mailto:Reece.Bearnes@toh.ca\">Reece.Bearnes@toh.ca<\/a><\/p>\n<\/div>\n<\/div>\n<\/div>\n<div class=\"col-md-3 col-sm-4 col-xs-6\">\n<div class=\"card\" style=\"width: 18rem;\">\n<p><img decoding=\"async\" class=\"alignnone size-full wp-image-68125\" src=\"https:\/\/www.ottawahospital.on.ca\/wp-content\/uploads\/2021\/08\/Tim-Kluke_SMT_Foundation_sized-3.jpg\" alt=\"Tim Kluke\" width=\"160\" height=\"200\" \/><\/p>\n<div class=\"card-body\">\n<h5 class=\"card-title\">Tim Kluke<\/h5>\n<p class=\"card-text\">President and CEO, The Ottawa Hospital Foundation<\/p>\n<p class=\"card-text\"><a href=\"\/en\/about-us\/our-leadership-team\/senior-management-team\/tim-kluke\/\">Biography<\/a><\/p>\n<p class=\"card-text\"><strong>Contact Details<\/strong><br \/>\n613-798-5555 ext. 12761<br \/>\n<a href=\"mailto:Tim.Kluke@toh.ca\">Tim.Kluke@toh.ca<\/a><\/p>\n<\/div>\n<\/div>\n<\/div>\n<div class=\"col-md-3 col-sm-4 col-xs-6\">\n<div class=\"card\" style=\"width: 18rem;\">\n<p><img decoding=\"async\" class=\"img-responsive card-img-top\" src=\"\/wp-content\/uploads\/2024\/07\/Vidhya_Nair_Profile.jpg\" alt=\"Dr. Vidhya Nair\" width=\"135\" height=\"169\" \/><\/p>\n<div class=\"card-body\">\n<h5 class=\"card-title\">Dr. Vidhya Nair, MBBS, MD, FRCPC<\/h5>\n<p class=\"card-text\">Department Head, Pathology and Laboratory Medicine<\/p>\n<p class=\"card-text\"><a href=\"\/en\/about-us\/our-leadership-team\/senior-management-team\/dr-vidhya-nair\/\">Biography<\/a><\/p>\n<p class=\"card-text\"><strong>Contact Details<\/strong><br \/>\n613-737-8294<br \/>\n<a href=\"mailto:vinair@toh.ca\">vinair@toh.ca<\/a><\/p>\n<\/div>\n<\/div>\n<\/div>\n<div class=\"col-md-3 col-sm-4 col-xs-6\">\n<div class=\"card\" style=\"width: 18rem;\">\n<p><img decoding=\"async\" class=\"img-responsive card-img-top\" src=\"\/wp-content\/uploads\/2025\/12\/Janet_Graham_Profile.jpg\" alt=\"Janet Graham\" width=\"135\" height=\"169\" \/><\/p>\n<div class=\"card-body\">\n<h5 class=\"card-title\">Janet Graham<\/h5>\n<p class=\"card-text\">Executive Director, Medical Care and Chief Nursing Officer<\/p>\n<p class=\"card-text\"><a href=\"\/en\/about-us\/our-leadership-team\/board-of-governors\/governors\/janet-graham\/\">Biography<\/a><\/p>\n<p class=\"card-text\"><strong>Contact Details<\/strong><br \/>\n613-798-5555, Ext.\u00a0 88227<br \/>\n<a href=\"mailto:jgraham@toh.ca\">janet.graham@toh.ca<\/a><\/p>\n<\/div>\n<\/div>\n<\/div>\n<\/div>\n","protected":false},"excerpt":{"rendered":"<p>The profiles of the Senior Management Team are organized in alphabetical order. For an organizational structure, please see the organizational chart. Cameron Love President and CEO Biography Contact Details 613-737-8899 ext. 14800 Cameron.Love@toh.ca Dr. Virginia Roth Chief of Staff Biography Contact Details 613-737-8899 ext. 77240 Virginia.Roth@toh.ca Dr. Dave Neilipovitz Head, Department of Anesthesiology and Pain [&hellip;]<\/p>\n","protected":false},"author":25,"featured_media":0,"parent":4534,"menu_order":2,"comment_status":"closed","ping_status":"closed","template":"","meta":{"_acf_changed":false,"_mc_calendar":[],"footnotes":""},"class_list":["post-4547","page","type-page","status-publish","hentry"],"acf":[],"wps_subtitle":"","_links":{"self":[{"href":"https:\/\/www.ottawahospital.on.ca\/en\/wp-json\/wp\/v2\/pages\/4547","targetHints":{"allow":["GET"]}}],"collection":[{"href":"https:\/\/www.ottawahospital.on.ca\/en\/wp-json\/wp\/v2\/pages"}],"about":[{"href":"https:\/\/www.ottawahospital.on.ca\/en\/wp-json\/wp\/v2\/types\/page"}],"author":[{"embeddable":true,"href":"https:\/\/www.ottawahospital.on.ca\/en\/wp-json\/wp\/v2\/users\/25"}],"replies":[{"embeddable":true,"href":"https:\/\/www.ottawahospital.on.ca\/en\/wp-json\/wp\/v2\/comments?post=4547"}],"version-history":[{"count":2,"href":"https:\/\/www.ottawahospital.on.ca\/en\/wp-json\/wp\/v2\/pages\/4547\/revisions"}],"predecessor-version":[{"id":277453,"href":"https:\/\/www.ottawahospital.on.ca\/en\/wp-json\/wp\/v2\/pages\/4547\/revisions\/277453"}],"up":[{"embeddable":true,"href":"https:\/\/www.ottawahospital.on.ca\/en\/wp-json\/wp\/v2\/pages\/4534"}],"wp:attachment":[{"href":"https:\/\/www.ottawahospital.on.ca\/en\/wp-json\/wp\/v2\/media?parent=4547"}],"curies":[{"name":"wp","href":"https:\/\/api.w.org\/{rel}","templated":true}]}}