{"id":228474,"date":"2025-06-30T13:13:17","date_gmt":"2025-06-30T17:13:17","guid":{"rendered":"https:\/\/www.ottawahospital.on.ca\/?page_id=228474"},"modified":"2025-07-09T10:15:47","modified_gmt":"2025-07-09T14:15:47","slug":"jo%e2%80%90anne-poirier","status":"publish","type":"page","link":"https:\/\/www.ottawahospital.on.ca\/en\/about-us\/our-leadership-team\/board-of-governors\/governors\/jo%e2%80%90anne-poirier\/","title":{"rendered":"Jo\u2010Anne Poirier"},"content":{"rendered":"<div class=\"wp-block-image\">\n<figure class=\"alignleft size-large is-resized\"><img decoding=\"async\" width=\"1024\" height=\"683\" src=\"https:\/\/www.ottawahospital.on.ca\/wp-content\/uploads\/2025\/06\/Jo-Anne-Poirier-use-for-headshot-1024x683.jpg\" alt=\"\" class=\"wp-image-228475\" style=\"width:208px;height:auto\" srcset=\"https:\/\/www.ottawahospital.on.ca\/wp-content\/uploads\/2025\/06\/Jo-Anne-Poirier-use-for-headshot-1024x683.jpg 1024w, https:\/\/www.ottawahospital.on.ca\/wp-content\/uploads\/2025\/06\/Jo-Anne-Poirier-use-for-headshot-300x200.jpg 300w, https:\/\/www.ottawahospital.on.ca\/wp-content\/uploads\/2025\/06\/Jo-Anne-Poirier-use-for-headshot-768x512.jpg 768w, https:\/\/www.ottawahospital.on.ca\/wp-content\/uploads\/2025\/06\/Jo-Anne-Poirier-use-for-headshot-1536x1024.jpg 1536w, https:\/\/www.ottawahospital.on.ca\/wp-content\/uploads\/2025\/06\/Jo-Anne-Poirier-use-for-headshot-2048x1365.jpg 2048w, https:\/\/www.ottawahospital.on.ca\/wp-content\/uploads\/2025\/06\/Jo-Anne-Poirier-use-for-headshot-1320x880.jpg 1320w\" sizes=\"(max-width: 1024px) 100vw, 1024px\" \/><figcaption class=\"wp-element-caption\">Jo-Anne Poirier<\/figcaption><\/figure>\n<\/div>\n\n\n<p>Jo\u2010Anne Poirier joined VON Canada in 2014 as President and Chief Executive Officer.<\/p>\n\n\n\n<p>From 2008 until 2014, Jo\u2010Anne was Chief Executive Officer of Ottawa Community Housing Corporation. Under her leadership, Ottawa Community Housing received several awards for excellence including the 2011 Ottawa Chamber of Commerce Business Achievement Awards\u2019 Non\u2010Profit Organization of the Year. Jo\u2010Anne was previously Vice\u2010President, Resource Development and Chief Executive Officer of the Government of Canada Workplace Charitable Campaign for United Way Ottawa, First Vice\u2010President, Business Development for MBNA Canada Bank, and Deputy City Manager, Corporate Services with the City of Gloucester. She has worked for more than 35 years in the private, public and not\u2010for\u2010profit sectors.<\/p>\n\n\n\n<p>Jo\u2010Anne is also actively involved in the community and on several Boards of Directors. She is a member of the Institute of Corporate Directors (ICD) and a holder of the ICD.D designation.<\/p>\n\n\n\n<p>She was previously the Chair of the Board of Directors of the Children\u2019s Hospital of Eastern Ontario (CHEO), is the Chair of the Canadian Home Care Association and a Committee Chair at Calian. Previous Board roles include Board member of the R\u00e9seau des services de sant\u00e9 en fran\u00e7ais de l\u2019Est de l\u2019Ontario, Chair of the Shaw Centre, Chair of the Change Foundation, Vice\u2010Chair of Ottawa Public Health, Board member of TVO and founding Board member of the Board of Directors of the Champlain Local Health Integration Network (LHIN).<\/p>\n\n\n\n<p>Jo\u2010Anne has received several awards for her work in the community, including the 2020 Ottawa Distinguished Women Lifetime Achievement Award, the 2020 Community Service Award for University of Ottawa Alumni Association, the 2012 Queen Elizabeth II Diamond Jubilee Medal and the 2012 Dirigeante de l&#8217;ann\u00e9e, Secteur Communautaire (2012 CEO of the year, Non\u2010Profit sector) Award from the Regroupement des gens d&#8217;affaires de la capitale nationale. <\/p>\n\n\n\n<p><em>Appointed in 2025 until 2026<\/em>.<\/p>\n\n\n\n<p><\/p>\n","protected":false},"excerpt":{"rendered":"<p>Jo\u2010Anne Poirier joined VON Canada in 2014 as President and Chief Executive Officer. From 2008 until 2014, Jo\u2010Anne was Chief Executive Officer of Ottawa Community Housing Corporation. Under her leadership, Ottawa Community Housing received several awards for excellence including the 2011 Ottawa Chamber of Commerce Business Achievement Awards\u2019 Non\u2010Profit Organization of the Year. Jo\u2010Anne was [&hellip;]<\/p>\n","protected":false},"author":25,"featured_media":0,"parent":4553,"menu_order":10,"comment_status":"closed","ping_status":"closed","template":"","meta":{"_acf_changed":false,"_mc_calendar":[],"footnotes":""},"class_list":["post-228474","page","type-page","status-publish","hentry"],"acf":[],"wps_subtitle":"","_links":{"self":[{"href":"https:\/\/www.ottawahospital.on.ca\/en\/wp-json\/wp\/v2\/pages\/228474","targetHints":{"allow":["GET"]}}],"collection":[{"href":"https:\/\/www.ottawahospital.on.ca\/en\/wp-json\/wp\/v2\/pages"}],"about":[{"href":"https:\/\/www.ottawahospital.on.ca\/en\/wp-json\/wp\/v2\/types\/page"}],"author":[{"embeddable":true,"href":"https:\/\/www.ottawahospital.on.ca\/en\/wp-json\/wp\/v2\/users\/25"}],"replies":[{"embeddable":true,"href":"https:\/\/www.ottawahospital.on.ca\/en\/wp-json\/wp\/v2\/comments?post=228474"}],"version-history":[{"count":0,"href":"https:\/\/www.ottawahospital.on.ca\/en\/wp-json\/wp\/v2\/pages\/228474\/revisions"}],"up":[{"embeddable":true,"href":"https:\/\/www.ottawahospital.on.ca\/en\/wp-json\/wp\/v2\/pages\/4553"}],"wp:attachment":[{"href":"https:\/\/www.ottawahospital.on.ca\/en\/wp-json\/wp\/v2\/media?parent=228474"}],"curies":[{"name":"wp","href":"https:\/\/api.w.org\/{rel}","templated":true}]}}