{"id":10869,"date":"2016-11-28T12:29:53","date_gmt":"2016-11-28T17:29:53","guid":{"rendered":"http:\/\/52.229.122.34\/en\/?page_id=10869"},"modified":"2016-11-28T12:29:53","modified_gmt":"2016-11-28T17:29:53","slug":"links","status":"publish","type":"page","link":"https:\/\/www.ottawahospital.on.ca\/en\/clinical-services\/deptpgrmcs\/departments\/medicine\/links\/","title":{"rendered":"Links"},"content":{"rendered":"<h2>Academic<\/h2>\n<ul>\n<li><a href=\"https:\/\/med.uottawa.ca\/en\" target=\"_blank\">Faculty of Medicine, University of Ottawa<\/a>\n<ul>\n<li><a href=\"https:\/\/www.medicine.uottawa.ca\/eng\/undergraduate.html\" target=\"_blank\">Undergraduate Medical Education<\/a><\/li>\n<li><a href=\"https:\/\/www.medicine.uottawa.ca\/postgraduate\/eng\/\" target=\"_blank\">Postgraduate Medical Education<\/a><\/li>\n<li><a href=\"https:\/\/www.med.uottawa.ca\/cme\/\" target=\"_blank\">Continuing Medical Education<\/a><\/li>\n<li><a href=\"https:\/\/www.med.uottawa.ca\/grad\/eng\/index.html\" target=\"_blank\">Graduate Studies<\/a><\/li>\n<li><a href=\"https:\/\/www.medicine.uottawa.ca\/research\/eng\/\" target=\"_blank\">Education Research<\/a><\/li>\n<\/ul>\n<\/li>\n<\/ul>\n<h2>Hospitals<\/h2>\n<ul>\n<li><a title=\"https:\/\/www.bruyere.org\/\" href=\"https:\/\/www.bruyere.org\/\" target=\"_blank\">SCO Health Service<\/a> (\u00c9lisabeth Bruy\u00e8re Health Centre, Saint-Vincent Hospital, R\u00e9sidence Saint-Louis)<\/li>\n<li><a href=\"https:\/\/www.cheo.on.ca\/\" target=\"_blank\">CHEO &#8211; Children&#8217;s Hospital of Eastern Ontario<\/a><\/li>\n<\/ul>\n","protected":false},"excerpt":{"rendered":"<p>Academic Faculty of Medicine, University of Ottawa Undergraduate Medical Education Postgraduate Medical Education Continuing Medical Education Graduate Studies Education Research Hospitals SCO Health Service (\u00c9lisabeth Bruy\u00e8re Health Centre, Saint-Vincent Hospital, R\u00e9sidence Saint-Louis) CHEO &#8211; Children&#8217;s Hospital of Eastern Ontario<\/p>\n","protected":false},"author":25,"featured_media":0,"parent":10373,"menu_order":3,"comment_status":"closed","ping_status":"closed","template":"","meta":{"_acf_changed":false,"_mc_calendar":[],"footnotes":""},"class_list":["post-10869","page","type-page","status-publish","hentry"],"acf":[],"wps_subtitle":"","_links":{"self":[{"href":"https:\/\/www.ottawahospital.on.ca\/en\/wp-json\/wp\/v2\/pages\/10869","targetHints":{"allow":["GET"]}}],"collection":[{"href":"https:\/\/www.ottawahospital.on.ca\/en\/wp-json\/wp\/v2\/pages"}],"about":[{"href":"https:\/\/www.ottawahospital.on.ca\/en\/wp-json\/wp\/v2\/types\/page"}],"author":[{"embeddable":true,"href":"https:\/\/www.ottawahospital.on.ca\/en\/wp-json\/wp\/v2\/users\/25"}],"replies":[{"embeddable":true,"href":"https:\/\/www.ottawahospital.on.ca\/en\/wp-json\/wp\/v2\/comments?post=10869"}],"version-history":[{"count":0,"href":"https:\/\/www.ottawahospital.on.ca\/en\/wp-json\/wp\/v2\/pages\/10869\/revisions"}],"up":[{"embeddable":true,"href":"https:\/\/www.ottawahospital.on.ca\/en\/wp-json\/wp\/v2\/pages\/10373"}],"wp:attachment":[{"href":"https:\/\/www.ottawahospital.on.ca\/en\/wp-json\/wp\/v2\/media?parent=10869"}],"curies":[{"name":"wp","href":"https:\/\/api.w.org\/{rel}","templated":true}]}}